{"id":9961,"date":"2020-04-03T10:33:02","date_gmt":"2020-04-03T10:33:02","guid":{"rendered":"https:\/\/quintadosingleses.pt\/?post_type=product&#038;p=9961"},"modified":"2026-03-07T21:01:45","modified_gmt":"2026-03-07T21:01:45","slug":"compota-de-morango","status":"publish","type":"product","link":"https:\/\/quintadosingleses.pt\/en\/product\/compota-de-morango\/","title":{"rendered":"Strawberry Jam"},"content":{"rendered":"<p>With a careful selection of ingredients, <strong>Quinta dos Ingleses<\/strong> presents its <strong>Strawberry Jam<\/strong>. Made with a richness only found in our grandmothers' memorable sweets. Thus, the traditional values \u200b\u200bof the best Portuguese confectionery are represented in each of the pots made by <strong>Quinta dos Ingleses<\/strong>.<\/p>","protected":false},"excerpt":{"rendered":"<p><strong>Jar <\/strong>: Glass jar 255gr.;<br \/>\n<strong>Ingredients <\/strong>Every jar contains 70% of the selected fruit,<br \/>\na\u00e7\u00facar, lim\u00e3o, sem conservantes, corantes e gl\u00faten;<br \/>\n<strong>Sugar content <\/strong>: 30\/100;<br \/>\n<strong>Conservation<\/strong>: On dry and cold environment after opened.<\/p>\n<p><small>Produto sazonal<\/small><\/p>","protected":false},"featured_media":9999,"comment_status":"open","ping_status":"closed","template":"","meta":[],"product_brand":[],"product_cat":[168],"product_tag":[276,184,298,177],"class_list":{"0":"post-9961","1":"product","2":"type-product","3":"status-publish","4":"has-post-thumbnail","6":"product_cat-doces","7":"product_tag-compotas","8":"product_tag-doces","9":"product_tag-morango","10":"product_tag-quinta-dos-ingleses","13":"first","14":"outofstock","15":"shipping-taxable","16":"purchasable","17":"product-type-simple"},"yoast_head":"<!-- This site is optimized with the Yoast SEO plugin v24.7 - https:\/\/yoast.com\/wordpress\/plugins\/seo\/ -->\n<title>Compota de Morango - Quinta dos Ingleses<\/title>\n<meta name=\"description\" content=\"A cuidadosa sele\u00e7\u00e3o dos ingredientes e a riqueza da confe\u00e7\u00e3o das compotas \u201cQuinta dos Ingleses\u201d, s\u00f3 s\u00e3o encontrados no memor\u00e1veis doces das nossas av\u00f3s.\" \/>\n<meta name=\"robots\" content=\"index, follow, max-snippet:-1, max-image-preview:large, max-video-preview:-1\" \/>\n<link rel=\"canonical\" href=\"https:\/\/quintadosingleses.pt\/en\/product\/compota-de-morango\/\" \/>\n<meta property=\"og:locale\" content=\"en_GB\" \/>\n<meta property=\"og:type\" content=\"article\" \/>\n<meta property=\"og:title\" content=\"Compota de Morango - Quinta dos Ingleses\" \/>\n<meta property=\"og:description\" content=\"A cuidadosa sele\u00e7\u00e3o dos ingredientes e a riqueza da confe\u00e7\u00e3o das compotas \u201cQuinta dos Ingleses\u201d, s\u00f3 s\u00e3o encontrados no memor\u00e1veis doces das nossas av\u00f3s.\" \/>\n<meta property=\"og:url\" content=\"https:\/\/quintadosingleses.pt\/en\/product\/compota-de-morango\/\" \/>\n<meta property=\"og:site_name\" content=\"Quinta dos Ingleses\" \/>\n<meta property=\"article:modified_time\" content=\"2026-03-07T21:01:45+00:00\" \/>\n<meta property=\"og:image\" content=\"https:\/\/quintadosingleses.pt\/wp-content\/uploads\/2020\/04\/compota_morango.jpg\" \/>\n\t<meta property=\"og:image:width\" content=\"1080\" \/>\n\t<meta property=\"og:image:height\" content=\"1080\" \/>\n\t<meta property=\"og:image:type\" content=\"image\/jpeg\" \/>\n<meta name=\"twitter:card\" content=\"summary_large_image\" \/>\n<!-- \/ Yoast SEO plugin. -->","yoast_head_json":{"title":"Compota de Morango - Quinta dos Ingleses","description":"A cuidadosa sele\u00e7\u00e3o dos ingredientes e a riqueza da confe\u00e7\u00e3o das compotas \u201cQuinta dos Ingleses\u201d, s\u00f3 s\u00e3o encontrados no memor\u00e1veis doces das nossas av\u00f3s.","robots":{"index":"index","follow":"follow","max-snippet":"max-snippet:-1","max-image-preview":"max-image-preview:large","max-video-preview":"max-video-preview:-1"},"canonical":"https:\/\/quintadosingleses.pt\/en\/product\/compota-de-morango\/","og_locale":"en_GB","og_type":"article","og_title":"Compota de Morango - Quinta dos Ingleses","og_description":"A cuidadosa sele\u00e7\u00e3o dos ingredientes e a riqueza da confe\u00e7\u00e3o das compotas \u201cQuinta dos Ingleses\u201d, s\u00f3 s\u00e3o encontrados no memor\u00e1veis doces das nossas av\u00f3s.","og_url":"https:\/\/quintadosingleses.pt\/en\/product\/compota-de-morango\/","og_site_name":"Quinta dos Ingleses","article_modified_time":"2026-03-07T21:01:45+00:00","og_image":[{"width":1080,"height":1080,"url":"https:\/\/quintadosingleses.pt\/wp-content\/uploads\/2020\/04\/compota_morango.jpg","type":"image\/jpeg"}],"twitter_card":"summary_large_image","schema":{"@context":"https:\/\/schema.org","@graph":[{"@type":"WebPage","@id":"https:\/\/quintadosingleses.pt\/produto\/compota-de-morango\/","url":"https:\/\/quintadosingleses.pt\/produto\/compota-de-morango\/","name":"Compota de Morango - Quinta dos Ingleses","isPartOf":{"@id":"https:\/\/quintadosingleses.pt\/#website"},"primaryImageOfPage":{"@id":"https:\/\/quintadosingleses.pt\/produto\/compota-de-morango\/#primaryimage"},"image":{"@id":"https:\/\/quintadosingleses.pt\/produto\/compota-de-morango\/#primaryimage"},"thumbnailUrl":"https:\/\/quintadosingleses.pt\/wp-content\/uploads\/2020\/04\/compota_morango.jpg","datePublished":"2020-04-03T10:33:02+00:00","dateModified":"2026-03-07T21:01:45+00:00","description":"A cuidadosa sele\u00e7\u00e3o dos ingredientes e a riqueza da confe\u00e7\u00e3o das compotas \u201cQuinta dos Ingleses\u201d, s\u00f3 s\u00e3o encontrados no memor\u00e1veis doces das nossas av\u00f3s.","breadcrumb":{"@id":"https:\/\/quintadosingleses.pt\/produto\/compota-de-morango\/#breadcrumb"},"inLanguage":"en-GB","potentialAction":[{"@type":"ReadAction","target":["https:\/\/quintadosingleses.pt\/produto\/compota-de-morango\/"]}]},{"@type":"ImageObject","inLanguage":"en-GB","@id":"https:\/\/quintadosingleses.pt\/produto\/compota-de-morango\/#primaryimage","url":"https:\/\/quintadosingleses.pt\/wp-content\/uploads\/2020\/04\/compota_morango.jpg","contentUrl":"https:\/\/quintadosingleses.pt\/wp-content\/uploads\/2020\/04\/compota_morango.jpg","width":1080,"height":1080},{"@type":"BreadcrumbList","@id":"https:\/\/quintadosingleses.pt\/produto\/compota-de-morango\/#breadcrumb","itemListElement":[{"@type":"ListItem","position":1,"name":"In\u00edcio","item":"https:\/\/quintadosingleses.pt\/"},{"@type":"ListItem","position":2,"name":"Cat\u00e1logo","item":"https:\/\/quintadosingleses.pt\/catalogo\/"},{"@type":"ListItem","position":3,"name":"Compota de Morango"}]},{"@type":"WebSite","@id":"https:\/\/quintadosingleses.pt\/#website","url":"https:\/\/quintadosingleses.pt\/","name":"Quinta dos Ingleses","description":"Latic\u00ednios","publisher":{"@id":"https:\/\/quintadosingleses.pt\/#organization"},"potentialAction":[{"@type":"SearchAction","target":{"@type":"EntryPoint","urlTemplate":"https:\/\/quintadosingleses.pt\/?s={search_term_string}"},"query-input":{"@type":"PropertyValueSpecification","valueRequired":true,"valueName":"search_term_string"}}],"inLanguage":"en-GB"},{"@type":"Organization","@id":"https:\/\/quintadosingleses.pt\/#organization","name":"Quinta dos Ingleses","url":"https:\/\/quintadosingleses.pt\/","logo":{"@type":"ImageObject","inLanguage":"en-GB","@id":"https:\/\/quintadosingleses.pt\/#\/schema\/logo\/image\/","url":"https:\/\/quintadosingleses.pt\/wp-content\/uploads\/2019\/05\/logo55.png","contentUrl":"https:\/\/quintadosingleses.pt\/wp-content\/uploads\/2019\/05\/logo55.png","width":270,"height":100,"caption":"Quinta dos Ingleses"},"image":{"@id":"https:\/\/quintadosingleses.pt\/#\/schema\/logo\/image\/"}}]}},"_links":{"self":[{"href":"https:\/\/quintadosingleses.pt\/en\/wp-json\/wp\/v2\/product\/9961","targetHints":{"allow":["GET"]}}],"collection":[{"href":"https:\/\/quintadosingleses.pt\/en\/wp-json\/wp\/v2\/product"}],"about":[{"href":"https:\/\/quintadosingleses.pt\/en\/wp-json\/wp\/v2\/types\/product"}],"replies":[{"embeddable":true,"href":"https:\/\/quintadosingleses.pt\/en\/wp-json\/wp\/v2\/comments?post=9961"}],"wp:featuredmedia":[{"embeddable":true,"href":"https:\/\/quintadosingleses.pt\/en\/wp-json\/wp\/v2\/media\/9999"}],"wp:attachment":[{"href":"https:\/\/quintadosingleses.pt\/en\/wp-json\/wp\/v2\/media?parent=9961"}],"wp:term":[{"taxonomy":"product_brand","embeddable":true,"href":"https:\/\/quintadosingleses.pt\/en\/wp-json\/wp\/v2\/product_brand?post=9961"},{"taxonomy":"product_cat","embeddable":true,"href":"https:\/\/quintadosingleses.pt\/en\/wp-json\/wp\/v2\/product_cat?post=9961"},{"taxonomy":"product_tag","embeddable":true,"href":"https:\/\/quintadosingleses.pt\/en\/wp-json\/wp\/v2\/product_tag?post=9961"}],"curies":[{"name":"wp","href":"https:\/\/api.w.org\/{rel}","templated":true}]}}