{"id":9781,"date":"2020-01-13T16:24:46","date_gmt":"2020-01-13T16:24:46","guid":{"rendered":"https:\/\/quintadosingleses.pt\/?post_type=product&#038;p=9781"},"modified":"2024-01-11T17:02:31","modified_gmt":"2024-01-11T17:02:31","slug":"azeite-virgem-extra-075cl","status":"publish","type":"product","link":"https:\/\/quintadosingleses.pt\/en\/product\/azeite-virgem-extra-075cl\/","title":{"rendered":"Azeite Virgem Extra 0,75cl."},"content":{"rendered":"<p>The <strong>Quinta dos Ingleses<\/strong> \u00e9 obtido por press\u00e3o a frio das melhores e mais selecionadas <a href=\"https:\/\/pt.wikipedia.org\/wiki\/Azeitona\">azeitonas<\/a>. Distingue-se pelo seu aroma fragrante e por um sabor delicado a fruto fresco. Contem um teor de baixa acidez. Conferindo-lhe assim qualidades \u00fanicas que podem adicionar imenso sabor \u00e0s suas refei\u00e7\u00f5es. <a href=\"https:\/\/pt.wikipedia.org\/wiki\/Azeite\">Olive Oil<\/a> de categoria superior obtido diretamente de azeitonas, unicamente por processos mec\u00e2nicos. Assim pode aprimorar todos os seus cozinhados com a garantia do melhor sabor!<\/p>","protected":false},"excerpt":{"rendered":"<p><strong>Package<\/strong> Frasco de vidro 0,75cl.<\/p>\n<p><strong>Composition<\/strong>\u00a0Azeite obtido diretamente de azeitonas<br \/>\nunicamente por processos mec\u00e2nicos. Acidez (%) &lt; 0,5<br \/>\n\u00cdndice de Per\u00f3xido (meqO2\/Kg) &lt; 20 Ceras (mg\/Kg) &lt; 250<\/p>","protected":false},"featured_media":9405,"comment_status":"open","ping_status":"closed","template":"","meta":[],"product_brand":[],"product_cat":[169],"product_tag":[185,177],"class_list":{"0":"post-9781","1":"product","2":"type-product","3":"status-publish","4":"has-post-thumbnail","6":"product_cat-azeite-quinta-dos-ingleses","7":"product_tag-azeite","8":"product_tag-quinta-dos-ingleses","11":"first","12":"outofstock","13":"shipping-taxable","14":"purchasable","15":"product-type-simple"},"yoast_head":"<!-- This site is optimized with the Yoast SEO plugin v24.7 - https:\/\/yoast.com\/wordpress\/plugins\/seo\/ -->\n<title>Azeite Virgem Extra 0,75cl. - Quinta dos Ingleses<\/title>\n<meta name=\"description\" content=\"O azeite Quinta dos Ingleses \u00e9 obtido por press\u00e3o a frio das melhores e mais selecionadas azeitonas. Distingue-se pelo seu aroma e sabor fragrante.\" \/>\n<meta name=\"robots\" content=\"index, follow, max-snippet:-1, max-image-preview:large, max-video-preview:-1\" \/>\n<link rel=\"canonical\" href=\"https:\/\/quintadosingleses.pt\/en\/product\/azeite-virgem-extra-075cl\/\" \/>\n<meta property=\"og:locale\" content=\"en_GB\" \/>\n<meta property=\"og:type\" content=\"article\" \/>\n<meta property=\"og:title\" content=\"Azeite Virgem Extra 0,75cl. - Quinta dos Ingleses\" \/>\n<meta property=\"og:description\" content=\"O azeite Quinta dos Ingleses \u00e9 obtido por press\u00e3o a frio das melhores e mais selecionadas azeitonas. Distingue-se pelo seu aroma e sabor fragrante.\" \/>\n<meta property=\"og:url\" content=\"https:\/\/quintadosingleses.pt\/en\/product\/azeite-virgem-extra-075cl\/\" \/>\n<meta property=\"og:site_name\" content=\"Quinta dos Ingleses\" \/>\n<meta property=\"article:modified_time\" content=\"2024-01-11T17:02:31+00:00\" \/>\n<meta property=\"og:image\" content=\"https:\/\/quintadosingleses.pt\/wp-content\/uploads\/2019\/05\/4-2.jpg\" \/>\n\t<meta property=\"og:image:width\" content=\"1080\" \/>\n\t<meta property=\"og:image:height\" content=\"1080\" \/>\n\t<meta property=\"og:image:type\" content=\"image\/jpeg\" \/>\n<meta name=\"twitter:card\" content=\"summary_large_image\" \/>\n<!-- \/ Yoast SEO plugin. -->","yoast_head_json":{"title":"Azeite Virgem Extra 0,75cl. - Quinta dos Ingleses","description":"O azeite Quinta dos Ingleses \u00e9 obtido por press\u00e3o a frio das melhores e mais selecionadas azeitonas. Distingue-se pelo seu aroma e sabor fragrante.","robots":{"index":"index","follow":"follow","max-snippet":"max-snippet:-1","max-image-preview":"max-image-preview:large","max-video-preview":"max-video-preview:-1"},"canonical":"https:\/\/quintadosingleses.pt\/en\/product\/azeite-virgem-extra-075cl\/","og_locale":"en_GB","og_type":"article","og_title":"Azeite Virgem Extra 0,75cl. - Quinta dos Ingleses","og_description":"O azeite Quinta dos Ingleses \u00e9 obtido por press\u00e3o a frio das melhores e mais selecionadas azeitonas. Distingue-se pelo seu aroma e sabor fragrante.","og_url":"https:\/\/quintadosingleses.pt\/en\/product\/azeite-virgem-extra-075cl\/","og_site_name":"Quinta dos Ingleses","article_modified_time":"2024-01-11T17:02:31+00:00","og_image":[{"width":1080,"height":1080,"url":"https:\/\/quintadosingleses.pt\/wp-content\/uploads\/2019\/05\/4-2.jpg","type":"image\/jpeg"}],"twitter_card":"summary_large_image","schema":{"@context":"https:\/\/schema.org","@graph":[{"@type":"WebPage","@id":"https:\/\/quintadosingleses.pt\/produto\/azeite-virgem-extra-075cl\/","url":"https:\/\/quintadosingleses.pt\/produto\/azeite-virgem-extra-075cl\/","name":"Azeite Virgem Extra 0,75cl. - Quinta dos Ingleses","isPartOf":{"@id":"https:\/\/quintadosingleses.pt\/#website"},"primaryImageOfPage":{"@id":"https:\/\/quintadosingleses.pt\/produto\/azeite-virgem-extra-075cl\/#primaryimage"},"image":{"@id":"https:\/\/quintadosingleses.pt\/produto\/azeite-virgem-extra-075cl\/#primaryimage"},"thumbnailUrl":"https:\/\/quintadosingleses.pt\/wp-content\/uploads\/2019\/05\/4-2.jpg","datePublished":"2020-01-13T16:24:46+00:00","dateModified":"2024-01-11T17:02:31+00:00","description":"O azeite Quinta dos Ingleses \u00e9 obtido por press\u00e3o a frio das melhores e mais selecionadas azeitonas. Distingue-se pelo seu aroma e sabor fragrante.","breadcrumb":{"@id":"https:\/\/quintadosingleses.pt\/produto\/azeite-virgem-extra-075cl\/#breadcrumb"},"inLanguage":"en-GB","potentialAction":[{"@type":"ReadAction","target":["https:\/\/quintadosingleses.pt\/produto\/azeite-virgem-extra-075cl\/"]}]},{"@type":"ImageObject","inLanguage":"en-GB","@id":"https:\/\/quintadosingleses.pt\/produto\/azeite-virgem-extra-075cl\/#primaryimage","url":"https:\/\/quintadosingleses.pt\/wp-content\/uploads\/2019\/05\/4-2.jpg","contentUrl":"https:\/\/quintadosingleses.pt\/wp-content\/uploads\/2019\/05\/4-2.jpg","width":1080,"height":1080},{"@type":"BreadcrumbList","@id":"https:\/\/quintadosingleses.pt\/produto\/azeite-virgem-extra-075cl\/#breadcrumb","itemListElement":[{"@type":"ListItem","position":1,"name":"In\u00edcio","item":"https:\/\/quintadosingleses.pt\/"},{"@type":"ListItem","position":2,"name":"Cat\u00e1logo","item":"https:\/\/quintadosingleses.pt\/catalogo\/"},{"@type":"ListItem","position":3,"name":"Azeite Virgem Extra 0,75cl."}]},{"@type":"WebSite","@id":"https:\/\/quintadosingleses.pt\/#website","url":"https:\/\/quintadosingleses.pt\/","name":"Quinta dos Ingleses","description":"Latic\u00ednios","publisher":{"@id":"https:\/\/quintadosingleses.pt\/#organization"},"potentialAction":[{"@type":"SearchAction","target":{"@type":"EntryPoint","urlTemplate":"https:\/\/quintadosingleses.pt\/?s={search_term_string}"},"query-input":{"@type":"PropertyValueSpecification","valueRequired":true,"valueName":"search_term_string"}}],"inLanguage":"en-GB"},{"@type":"Organization","@id":"https:\/\/quintadosingleses.pt\/#organization","name":"Quinta dos Ingleses","url":"https:\/\/quintadosingleses.pt\/","logo":{"@type":"ImageObject","inLanguage":"en-GB","@id":"https:\/\/quintadosingleses.pt\/#\/schema\/logo\/image\/","url":"https:\/\/quintadosingleses.pt\/wp-content\/uploads\/2019\/05\/logo55.png","contentUrl":"https:\/\/quintadosingleses.pt\/wp-content\/uploads\/2019\/05\/logo55.png","width":270,"height":100,"caption":"Quinta dos Ingleses"},"image":{"@id":"https:\/\/quintadosingleses.pt\/#\/schema\/logo\/image\/"}}]}},"_links":{"self":[{"href":"https:\/\/quintadosingleses.pt\/en\/wp-json\/wp\/v2\/product\/9781","targetHints":{"allow":["GET"]}}],"collection":[{"href":"https:\/\/quintadosingleses.pt\/en\/wp-json\/wp\/v2\/product"}],"about":[{"href":"https:\/\/quintadosingleses.pt\/en\/wp-json\/wp\/v2\/types\/product"}],"replies":[{"embeddable":true,"href":"https:\/\/quintadosingleses.pt\/en\/wp-json\/wp\/v2\/comments?post=9781"}],"wp:featuredmedia":[{"embeddable":true,"href":"https:\/\/quintadosingleses.pt\/en\/wp-json\/wp\/v2\/media\/9405"}],"wp:attachment":[{"href":"https:\/\/quintadosingleses.pt\/en\/wp-json\/wp\/v2\/media?parent=9781"}],"wp:term":[{"taxonomy":"product_brand","embeddable":true,"href":"https:\/\/quintadosingleses.pt\/en\/wp-json\/wp\/v2\/product_brand?post=9781"},{"taxonomy":"product_cat","embeddable":true,"href":"https:\/\/quintadosingleses.pt\/en\/wp-json\/wp\/v2\/product_cat?post=9781"},{"taxonomy":"product_tag","embeddable":true,"href":"https:\/\/quintadosingleses.pt\/en\/wp-json\/wp\/v2\/product_tag?post=9781"}],"curies":[{"name":"wp","href":"https:\/\/api.w.org\/{rel}","templated":true}]}}