{"id":9576,"date":"2019-09-25T16:44:17","date_gmt":"2019-09-25T16:44:17","guid":{"rendered":"https:\/\/quintadosingleses.pt\/?post_type=product&#038;p=9576"},"modified":"2026-04-13T08:16:15","modified_gmt":"2026-04-13T08:16:15","slug":"bordado-loureiro","status":"publish","type":"product","link":"https:\/\/quintadosingleses.pt\/en\/product\/bordado-loureiro\/","title":{"rendered":"Bordado &#8211; Branco Sauvignon Blanc"},"content":{"rendered":"<p>The <strong>vinho verde branco Bordado<\/strong> \u00e9 criado com a casta <a href=\"https:\/\/www.vinha.pt\/wikivinha\/section\/casta-vinho\/loureiro\/\">Loureiro<\/a>. Resultando assim numa bebida <strong>leve, fresca e levemente gasosa<\/strong>. Assim apresentamos-lhe um dos membros mais recentes na fam\u00edlia de vinhos da <strong> Quinta dos Ingleses. <\/strong>Premiado, em Dez. 2019, no <strong>top 100 de melhores vinhos na Feira <a href=\"https:\/\/quintadosingleses.pt\/en\/2019\/12\/16\/qwine-expo\/\">QWine Expo<\/a><\/strong>. Desta forma, ganha crescentes admiradores de todo mundo com as suas caracter\u00edsticas \u00fanicas. Finalmente, oferecemos umas dicas para o acompanhar sem que o seu sabor passe para 2\u00ba plano. Sugerimos <strong>carnes brancas, grelhados, fruta<\/strong> ou at\u00e9<strong> umas fatias de queijo <\/strong><a href=\"https:\/\/quintadosingleses.pt\/en\/product\/queijo-flamengo-bola\/\"><strong>Bola Flamengo<\/strong>.<\/a>\u00a0Entre n\u00f3s, esta \u00e9 a nossa combina\u00e7\u00e3o favorita! E a sua, qual \u00e9?<\/p>","protected":false},"excerpt":{"rendered":"<p><strong>Green Wine<\/strong><\/p>\n<p><strong>Grape variety<\/strong>\u00a0Loureiro<br \/>\n<strong>Color<\/strong>\u00a0citrine<br \/>\n<strong>Flavor<\/strong>\u00a0fresh, light, soft<br \/>\n<strong>Aroma<\/strong> fruity<br \/>\n<strong>Alcohol grade<\/strong> 12% vol.<\/p>","protected":false},"featured_media":10266,"comment_status":"open","ping_status":"closed","template":"","meta":[],"product_brand":[],"product_cat":[166],"product_tag":[284,175,176,177,174],"class_list":{"0":"post-9576","1":"product","2":"type-product","3":"status-publish","4":"has-post-thumbnail","6":"product_cat-vinhos","7":"product_tag-bordado","8":"product_tag-branco","9":"product_tag-loureiro","10":"product_tag-quinta-dos-ingleses","11":"product_tag-vinho","14":"first","15":"instock","16":"shipping-taxable","17":"purchasable","18":"product-type-simple"},"yoast_head":"<!-- This site is optimized with the Yoast SEO plugin v24.7 - https:\/\/yoast.com\/wordpress\/plugins\/seo\/ -->\n<title>Bordado - Branco Sauvignon Blanc - Quinta dos Ingleses<\/title>\n<meta name=\"description\" content=\"Os vinhos verdes da Quinta dos Ingleses oferecem uma proposta de consumo para qualquer altura do ano. Sabores requintados, frescos e saboros!\" \/>\n<meta name=\"robots\" content=\"index, follow, max-snippet:-1, max-image-preview:large, max-video-preview:-1\" \/>\n<link rel=\"canonical\" href=\"https:\/\/quintadosingleses.pt\/en\/product\/bordado-loureiro\/\" \/>\n<meta property=\"og:locale\" content=\"en_GB\" \/>\n<meta property=\"og:type\" content=\"article\" \/>\n<meta property=\"og:title\" content=\"Bordado - Branco Sauvignon Blanc - Quinta dos Ingleses\" \/>\n<meta property=\"og:description\" content=\"Os vinhos verdes da Quinta dos Ingleses oferecem uma proposta de consumo para qualquer altura do ano. Sabores requintados, frescos e saboros!\" \/>\n<meta property=\"og:url\" content=\"https:\/\/quintadosingleses.pt\/en\/product\/bordado-loureiro\/\" \/>\n<meta property=\"og:site_name\" content=\"Quinta dos Ingleses\" \/>\n<meta property=\"article:modified_time\" content=\"2026-04-13T08:16:15+00:00\" \/>\n<meta property=\"og:image\" content=\"https:\/\/quintadosingleses.pt\/wp-content\/uploads\/2019\/09\/bordado_loureiro.jpg\" \/>\n\t<meta property=\"og:image:width\" content=\"1080\" \/>\n\t<meta property=\"og:image:height\" content=\"1080\" \/>\n\t<meta property=\"og:image:type\" content=\"image\/jpeg\" \/>\n<meta name=\"twitter:card\" content=\"summary_large_image\" \/>\n<meta name=\"twitter:label1\" content=\"Estimated reading time\" \/>\n\t<meta name=\"twitter:data1\" content=\"1 minute\" \/>\n<!-- \/ Yoast SEO plugin. -->","yoast_head_json":{"title":"Bordado - Branco Sauvignon Blanc - Quinta dos Ingleses","description":"Os vinhos verdes da Quinta dos Ingleses oferecem uma proposta de consumo para qualquer altura do ano. Sabores requintados, frescos e saboros!","robots":{"index":"index","follow":"follow","max-snippet":"max-snippet:-1","max-image-preview":"max-image-preview:large","max-video-preview":"max-video-preview:-1"},"canonical":"https:\/\/quintadosingleses.pt\/en\/product\/bordado-loureiro\/","og_locale":"en_GB","og_type":"article","og_title":"Bordado - Branco Sauvignon Blanc - Quinta dos Ingleses","og_description":"Os vinhos verdes da Quinta dos Ingleses oferecem uma proposta de consumo para qualquer altura do ano. Sabores requintados, frescos e saboros!","og_url":"https:\/\/quintadosingleses.pt\/en\/product\/bordado-loureiro\/","og_site_name":"Quinta dos Ingleses","article_modified_time":"2026-04-13T08:16:15+00:00","og_image":[{"width":1080,"height":1080,"url":"https:\/\/quintadosingleses.pt\/wp-content\/uploads\/2019\/09\/bordado_loureiro.jpg","type":"image\/jpeg"}],"twitter_card":"summary_large_image","twitter_misc":{"Estimated reading time":"1 minute"},"schema":{"@context":"https:\/\/schema.org","@graph":[{"@type":"WebPage","@id":"https:\/\/quintadosingleses.pt\/produto\/bordado-loureiro\/","url":"https:\/\/quintadosingleses.pt\/produto\/bordado-loureiro\/","name":"Bordado - Branco Sauvignon Blanc - Quinta dos Ingleses","isPartOf":{"@id":"https:\/\/quintadosingleses.pt\/#website"},"primaryImageOfPage":{"@id":"https:\/\/quintadosingleses.pt\/produto\/bordado-loureiro\/#primaryimage"},"image":{"@id":"https:\/\/quintadosingleses.pt\/produto\/bordado-loureiro\/#primaryimage"},"thumbnailUrl":"https:\/\/quintadosingleses.pt\/wp-content\/uploads\/2019\/09\/bordado_loureiro.jpg","datePublished":"2019-09-25T16:44:17+00:00","dateModified":"2026-04-13T08:16:15+00:00","description":"Os vinhos verdes da Quinta dos Ingleses oferecem uma proposta de consumo para qualquer altura do ano. Sabores requintados, frescos e saboros!","breadcrumb":{"@id":"https:\/\/quintadosingleses.pt\/produto\/bordado-loureiro\/#breadcrumb"},"inLanguage":"en-GB","potentialAction":[{"@type":"ReadAction","target":["https:\/\/quintadosingleses.pt\/produto\/bordado-loureiro\/"]}]},{"@type":"ImageObject","inLanguage":"en-GB","@id":"https:\/\/quintadosingleses.pt\/produto\/bordado-loureiro\/#primaryimage","url":"https:\/\/quintadosingleses.pt\/wp-content\/uploads\/2019\/09\/bordado_loureiro.jpg","contentUrl":"https:\/\/quintadosingleses.pt\/wp-content\/uploads\/2019\/09\/bordado_loureiro.jpg","width":1080,"height":1080},{"@type":"BreadcrumbList","@id":"https:\/\/quintadosingleses.pt\/produto\/bordado-loureiro\/#breadcrumb","itemListElement":[{"@type":"ListItem","position":1,"name":"In\u00edcio","item":"https:\/\/quintadosingleses.pt\/"},{"@type":"ListItem","position":2,"name":"Cat\u00e1logo","item":"https:\/\/quintadosingleses.pt\/catalogo\/"},{"@type":"ListItem","position":3,"name":"Bordado &#8211; Branco Sauvignon Blanc"}]},{"@type":"WebSite","@id":"https:\/\/quintadosingleses.pt\/#website","url":"https:\/\/quintadosingleses.pt\/","name":"Quinta dos Ingleses","description":"Latic\u00ednios","publisher":{"@id":"https:\/\/quintadosingleses.pt\/#organization"},"potentialAction":[{"@type":"SearchAction","target":{"@type":"EntryPoint","urlTemplate":"https:\/\/quintadosingleses.pt\/?s={search_term_string}"},"query-input":{"@type":"PropertyValueSpecification","valueRequired":true,"valueName":"search_term_string"}}],"inLanguage":"en-GB"},{"@type":"Organization","@id":"https:\/\/quintadosingleses.pt\/#organization","name":"Quinta dos Ingleses","url":"https:\/\/quintadosingleses.pt\/","logo":{"@type":"ImageObject","inLanguage":"en-GB","@id":"https:\/\/quintadosingleses.pt\/#\/schema\/logo\/image\/","url":"https:\/\/quintadosingleses.pt\/wp-content\/uploads\/2019\/05\/logo55.png","contentUrl":"https:\/\/quintadosingleses.pt\/wp-content\/uploads\/2019\/05\/logo55.png","width":270,"height":100,"caption":"Quinta dos Ingleses"},"image":{"@id":"https:\/\/quintadosingleses.pt\/#\/schema\/logo\/image\/"}}]}},"_links":{"self":[{"href":"https:\/\/quintadosingleses.pt\/en\/wp-json\/wp\/v2\/product\/9576","targetHints":{"allow":["GET"]}}],"collection":[{"href":"https:\/\/quintadosingleses.pt\/en\/wp-json\/wp\/v2\/product"}],"about":[{"href":"https:\/\/quintadosingleses.pt\/en\/wp-json\/wp\/v2\/types\/product"}],"replies":[{"embeddable":true,"href":"https:\/\/quintadosingleses.pt\/en\/wp-json\/wp\/v2\/comments?post=9576"}],"wp:featuredmedia":[{"embeddable":true,"href":"https:\/\/quintadosingleses.pt\/en\/wp-json\/wp\/v2\/media\/10266"}],"wp:attachment":[{"href":"https:\/\/quintadosingleses.pt\/en\/wp-json\/wp\/v2\/media?parent=9576"}],"wp:term":[{"taxonomy":"product_brand","embeddable":true,"href":"https:\/\/quintadosingleses.pt\/en\/wp-json\/wp\/v2\/product_brand?post=9576"},{"taxonomy":"product_cat","embeddable":true,"href":"https:\/\/quintadosingleses.pt\/en\/wp-json\/wp\/v2\/product_cat?post=9576"},{"taxonomy":"product_tag","embeddable":true,"href":"https:\/\/quintadosingleses.pt\/en\/wp-json\/wp\/v2\/product_tag?post=9576"}],"curies":[{"name":"wp","href":"https:\/\/api.w.org\/{rel}","templated":true}]}}