{"id":9511,"date":"2019-05-29T14:18:23","date_gmt":"2019-05-29T14:18:23","guid":{"rendered":"https:\/\/registarmarcas.pt\/?post_type=product&#038;p=9511"},"modified":"2026-03-31T11:06:34","modified_gmt":"2026-03-31T11:06:34","slug":"bordado-padeiro","status":"publish","type":"product","link":"https:\/\/quintadosingleses.pt\/en\/product\/bordado-padeiro\/","title":{"rendered":"Bordado &#8211; Padeiro"},"content":{"rendered":"<p>The <strong>vinho verde Bordado<\/strong> de casta <a href=\"https:\/\/www.vinhoverde.pt\/pt\/castas\">Padeiro de Basto<\/a>\u00a0\u00e9 leve e harmonioso. Devido \u00e0s caracter\u00edsticas da uva com que \u00e9 criado, ganha qualidades \u00fanicas que n\u00e3o o v\u00e3o desiludir. Resultando assim num vinho <strong>pouco gasoso de paladar refrescante<\/strong> and <strong>aroma intenso \u00e0 casta<\/strong>. Apresentamos-lhe um dos membro mais recente da fam\u00edlia de vinhos da <strong>Quinta dos Ingleses<\/strong> juntamente com o <a href=\"https:\/\/quintadosingleses.pt\/en\/product\/bordado-loureiro\/\">Bordado &#8211; Loureiro<\/a>. Finalizamos com uma sugest\u00e3o deliciosa para acompanhar este vinho maravilho. <strong>Carnes vermelhas e brancas, peixes<\/strong> and even also <strong>sushi<\/strong> e porque n\u00e3o uma fatia de queijo <a href=\"https:\/\/quintadosingleses.pt\/en\/product\/queijo-q-i-quadrado\/\">Q.I. Square Cured Cheese<\/a>, que \u00e9 t\u00e3o delicioso numa tarde de ver\u00e3o! O lanche perfeito e o momento ideal de relaxe.<\/p>","protected":false},"excerpt":{"rendered":"<p><strong>Grape variety<\/strong> Padeiro de Basto<br \/>\n<strong>Color<\/strong> rosado<br \/>\n<strong>Flavor<\/strong> fresh and light<br \/>\n<strong>Aroma<\/strong> fruity<br \/>\n<strong>Alcohol grade<\/strong> 12% vol.<\/p>","protected":false},"featured_media":10267,"comment_status":"open","ping_status":"closed","template":"","meta":[],"product_brand":[],"product_cat":[166],"product_tag":[284,177,174],"class_list":{"0":"post-9511","1":"product","2":"type-product","3":"status-publish","4":"has-post-thumbnail","6":"product_cat-vinhos","7":"product_tag-bordado","8":"product_tag-quinta-dos-ingleses","9":"product_tag-vinho","12":"first","13":"outofstock","14":"shipping-taxable","15":"purchasable","16":"product-type-simple"},"yoast_head":"<!-- This site is optimized with the Yoast SEO plugin v24.7 - https:\/\/yoast.com\/wordpress\/plugins\/seo\/ -->\n<title>Bordado - Padeiro de Basto - Quinta dos Ingleses<\/title>\n<meta name=\"description\" content=\"Os vinhos verdes da Quinta dos Ingleses oferecem uma proposta de consumo para qualquer altura do ano. Sabores requintados, frescos e saboros!\" \/>\n<meta name=\"robots\" content=\"index, follow, max-snippet:-1, max-image-preview:large, max-video-preview:-1\" \/>\n<link rel=\"canonical\" href=\"https:\/\/quintadosingleses.pt\/en\/product\/bordado-padeiro\/\" \/>\n<meta property=\"og:locale\" content=\"en_GB\" \/>\n<meta property=\"og:type\" content=\"article\" \/>\n<meta property=\"og:title\" content=\"Vinho Bordado - Padeiro de Basto\" \/>\n<meta property=\"og:description\" content=\"Os vinhos verdes da Quinta dos Ingleses oferecem uma proposta de consumo para qualquer altura do ano. Sabores requintados, frescos e saboros!\" \/>\n<meta property=\"og:url\" content=\"https:\/\/quintadosingleses.pt\/en\/product\/bordado-padeiro\/\" \/>\n<meta property=\"og:site_name\" content=\"Quinta dos Ingleses\" \/>\n<meta property=\"article:modified_time\" content=\"2026-03-31T11:06:34+00:00\" \/>\n<meta name=\"twitter:card\" content=\"summary_large_image\" \/>\n<meta name=\"twitter:image\" content=\"https:\/\/quintadosingleses.pt\/wp-content\/uploads\/2019\/05\/bordado_padeiro-2.jpg\" \/>\n<meta name=\"twitter:label1\" content=\"Estimated reading time\" \/>\n\t<meta name=\"twitter:data1\" content=\"1 minute\" \/>\n<!-- \/ Yoast SEO plugin. -->","yoast_head_json":{"title":"Bordado - Padeiro de Basto - Quinta dos Ingleses","description":"Os vinhos verdes da Quinta dos Ingleses oferecem uma proposta de consumo para qualquer altura do ano. Sabores requintados, frescos e saboros!","robots":{"index":"index","follow":"follow","max-snippet":"max-snippet:-1","max-image-preview":"max-image-preview:large","max-video-preview":"max-video-preview:-1"},"canonical":"https:\/\/quintadosingleses.pt\/en\/product\/bordado-padeiro\/","og_locale":"en_GB","og_type":"article","og_title":"Vinho Bordado - Padeiro de Basto","og_description":"Os vinhos verdes da Quinta dos Ingleses oferecem uma proposta de consumo para qualquer altura do ano. Sabores requintados, frescos e saboros!","og_url":"https:\/\/quintadosingleses.pt\/en\/product\/bordado-padeiro\/","og_site_name":"Quinta dos Ingleses","article_modified_time":"2026-03-31T11:06:34+00:00","twitter_card":"summary_large_image","twitter_image":"https:\/\/quintadosingleses.pt\/wp-content\/uploads\/2019\/05\/bordado_padeiro-2.jpg","twitter_misc":{"Estimated reading time":"1 minute"},"schema":{"@context":"https:\/\/schema.org","@graph":[{"@type":"WebPage","@id":"https:\/\/quintadosingleses.pt\/produto\/bordado-padeiro\/","url":"https:\/\/quintadosingleses.pt\/produto\/bordado-padeiro\/","name":"Bordado - Padeiro de Basto - Quinta dos Ingleses","isPartOf":{"@id":"https:\/\/quintadosingleses.pt\/#website"},"primaryImageOfPage":{"@id":"https:\/\/quintadosingleses.pt\/produto\/bordado-padeiro\/#primaryimage"},"image":{"@id":"https:\/\/quintadosingleses.pt\/produto\/bordado-padeiro\/#primaryimage"},"thumbnailUrl":"https:\/\/quintadosingleses.pt\/wp-content\/uploads\/2019\/05\/bordado_padeiro-2.jpg","datePublished":"2019-05-29T14:18:23+00:00","dateModified":"2026-03-31T11:06:34+00:00","description":"Os vinhos verdes da Quinta dos Ingleses oferecem uma proposta de consumo para qualquer altura do ano. Sabores requintados, frescos e saboros!","breadcrumb":{"@id":"https:\/\/quintadosingleses.pt\/produto\/bordado-padeiro\/#breadcrumb"},"inLanguage":"en-GB","potentialAction":[{"@type":"ReadAction","target":["https:\/\/quintadosingleses.pt\/produto\/bordado-padeiro\/"]}]},{"@type":"ImageObject","inLanguage":"en-GB","@id":"https:\/\/quintadosingleses.pt\/produto\/bordado-padeiro\/#primaryimage","url":"https:\/\/quintadosingleses.pt\/wp-content\/uploads\/2019\/05\/bordado_padeiro-2.jpg","contentUrl":"https:\/\/quintadosingleses.pt\/wp-content\/uploads\/2019\/05\/bordado_padeiro-2.jpg","width":1080,"height":1080},{"@type":"BreadcrumbList","@id":"https:\/\/quintadosingleses.pt\/produto\/bordado-padeiro\/#breadcrumb","itemListElement":[{"@type":"ListItem","position":1,"name":"In\u00edcio","item":"https:\/\/quintadosingleses.pt\/"},{"@type":"ListItem","position":2,"name":"Cat\u00e1logo","item":"https:\/\/quintadosingleses.pt\/catalogo\/"},{"@type":"ListItem","position":3,"name":"Bordado &#8211; Padeiro"}]},{"@type":"WebSite","@id":"https:\/\/quintadosingleses.pt\/#website","url":"https:\/\/quintadosingleses.pt\/","name":"Quinta dos Ingleses","description":"Latic\u00ednios","publisher":{"@id":"https:\/\/quintadosingleses.pt\/#organization"},"potentialAction":[{"@type":"SearchAction","target":{"@type":"EntryPoint","urlTemplate":"https:\/\/quintadosingleses.pt\/?s={search_term_string}"},"query-input":{"@type":"PropertyValueSpecification","valueRequired":true,"valueName":"search_term_string"}}],"inLanguage":"en-GB"},{"@type":"Organization","@id":"https:\/\/quintadosingleses.pt\/#organization","name":"Quinta dos Ingleses","url":"https:\/\/quintadosingleses.pt\/","logo":{"@type":"ImageObject","inLanguage":"en-GB","@id":"https:\/\/quintadosingleses.pt\/#\/schema\/logo\/image\/","url":"https:\/\/quintadosingleses.pt\/wp-content\/uploads\/2019\/05\/logo55.png","contentUrl":"https:\/\/quintadosingleses.pt\/wp-content\/uploads\/2019\/05\/logo55.png","width":270,"height":100,"caption":"Quinta dos Ingleses"},"image":{"@id":"https:\/\/quintadosingleses.pt\/#\/schema\/logo\/image\/"}}]}},"_links":{"self":[{"href":"https:\/\/quintadosingleses.pt\/en\/wp-json\/wp\/v2\/product\/9511","targetHints":{"allow":["GET"]}}],"collection":[{"href":"https:\/\/quintadosingleses.pt\/en\/wp-json\/wp\/v2\/product"}],"about":[{"href":"https:\/\/quintadosingleses.pt\/en\/wp-json\/wp\/v2\/types\/product"}],"replies":[{"embeddable":true,"href":"https:\/\/quintadosingleses.pt\/en\/wp-json\/wp\/v2\/comments?post=9511"}],"wp:featuredmedia":[{"embeddable":true,"href":"https:\/\/quintadosingleses.pt\/en\/wp-json\/wp\/v2\/media\/10267"}],"wp:attachment":[{"href":"https:\/\/quintadosingleses.pt\/en\/wp-json\/wp\/v2\/media?parent=9511"}],"wp:term":[{"taxonomy":"product_brand","embeddable":true,"href":"https:\/\/quintadosingleses.pt\/en\/wp-json\/wp\/v2\/product_brand?post=9511"},{"taxonomy":"product_cat","embeddable":true,"href":"https:\/\/quintadosingleses.pt\/en\/wp-json\/wp\/v2\/product_cat?post=9511"},{"taxonomy":"product_tag","embeddable":true,"href":"https:\/\/quintadosingleses.pt\/en\/wp-json\/wp\/v2\/product_tag?post=9511"}],"curies":[{"name":"wp","href":"https:\/\/api.w.org\/{rel}","templated":true}]}}