{"id":9488,"date":"2019-05-28T18:02:09","date_gmt":"2019-05-28T18:02:09","guid":{"rendered":"https:\/\/registarmarcas.pt\/?post_type=product&#038;p=9488"},"modified":"2022-11-07T16:28:09","modified_gmt":"2022-11-07T16:28:09","slug":"pudim-de-ovos","status":"publish","type":"product","link":"https:\/\/quintadosingleses.pt\/en\/product\/pudim-de-ovos\/","title":{"rendered":"Egg Pudding"},"content":{"rendered":"<p>O pudim de ovos da\u00a0<strong>Quinta dos Ingleses<\/strong> remonta aos sabores das mais ancestrais receitas.\u00a0Com uma cuidadosa sele\u00e7\u00e3o dos ingredientes e a riqueza na sua confe\u00e7\u00e3o que s\u00f3 s\u00e3o encontrados nos memor\u00e1veis <a href=\"https:\/\/quintadosingleses.pt\/en\/categoria\/doces\/\">sweets<\/a> das nossas av\u00f3s. Assim os\u00a0valores tradicionais da melhor confeitaria portuguesa est\u00e3o representados numa sobremesa \u00fanica e requintada. Devido ao uso de <strong>ingredientes frescos e caseiros<\/strong> s\u00f3 est\u00e1 dispon\u00edvel atrav\u00e9s de encomenda. O tempo de entrega pode variar consoante stock existente.<\/p>","protected":false},"excerpt":{"rendered":"<p><strong>Ingredients<\/strong>: Gemas de ovos, a\u00e7\u00facar, Vinho dos Porto,<br \/>\nsem conservantes ou corantes;<br \/>\n<strong>Weight<\/strong>: 800 gr.;<br \/>\n<strong>Conservation<\/strong>: 3\u00ba a 5\u00ba<br \/>\n<em><small>Tempo de entrega pode variar consoante stock existente.<\/small><\/em><\/p>","protected":false},"featured_media":9489,"comment_status":"open","ping_status":"closed","template":"","meta":[],"product_brand":[],"product_cat":[168],"product_tag":[184,309,279,177],"class_list":{"0":"post-9488","1":"product","2":"type-product","3":"status-publish","4":"has-post-thumbnail","6":"product_cat-doces","7":"product_tag-doces","8":"product_tag-pudim","9":"product_tag-pudim-de-ovos","10":"product_tag-quinta-dos-ingleses","13":"first","14":"onbackorder","15":"shipping-taxable","16":"purchasable","17":"product-type-simple"},"yoast_head":"<!-- This site is optimized with the Yoast SEO plugin v24.7 - https:\/\/yoast.com\/wordpress\/plugins\/seo\/ -->\n<title>Pudim de Ovos - Quinta dos Ingleses<\/title>\n<meta name=\"description\" content=\"O pudim de ovos marca pela diferen\u00e7a pelo seu sabor caseiro. Sem corantes ou conservantes, criado nas cozinhas tradicionais da Quinta dos Ingleses.\" \/>\n<meta name=\"robots\" content=\"index, follow, max-snippet:-1, max-image-preview:large, max-video-preview:-1\" \/>\n<link rel=\"canonical\" href=\"https:\/\/quintadosingleses.pt\/en\/product\/pudim-de-ovos\/\" \/>\n<meta property=\"og:locale\" content=\"en_GB\" \/>\n<meta property=\"og:type\" content=\"article\" \/>\n<meta property=\"og:title\" content=\"Pudim de Ovos - Quinta dos Ingleses\" \/>\n<meta property=\"og:description\" content=\"O pudim de ovos marca pela diferen\u00e7a pelo seu sabor caseiro. Sem corantes ou conservantes, criado nas cozinhas tradicionais da Quinta dos Ingleses.\" \/>\n<meta property=\"og:url\" content=\"https:\/\/quintadosingleses.pt\/en\/product\/pudim-de-ovos\/\" \/>\n<meta property=\"og:site_name\" content=\"Quinta dos Ingleses\" \/>\n<meta property=\"article:modified_time\" content=\"2022-11-07T16:28:09+00:00\" \/>\n<meta property=\"og:image\" content=\"https:\/\/quintadosingleses.pt\/wp-content\/uploads\/2019\/05\/1-3.jpg\" \/>\n\t<meta property=\"og:image:width\" content=\"1080\" \/>\n\t<meta property=\"og:image:height\" content=\"1080\" \/>\n\t<meta property=\"og:image:type\" content=\"image\/jpeg\" \/>\n<meta name=\"twitter:card\" content=\"summary_large_image\" \/>\n<!-- \/ Yoast SEO plugin. -->","yoast_head_json":{"title":"Pudim de Ovos - Quinta dos Ingleses","description":"O pudim de ovos marca pela diferen\u00e7a pelo seu sabor caseiro. Sem corantes ou conservantes, criado nas cozinhas tradicionais da Quinta dos Ingleses.","robots":{"index":"index","follow":"follow","max-snippet":"max-snippet:-1","max-image-preview":"max-image-preview:large","max-video-preview":"max-video-preview:-1"},"canonical":"https:\/\/quintadosingleses.pt\/en\/product\/pudim-de-ovos\/","og_locale":"en_GB","og_type":"article","og_title":"Pudim de Ovos - Quinta dos Ingleses","og_description":"O pudim de ovos marca pela diferen\u00e7a pelo seu sabor caseiro. Sem corantes ou conservantes, criado nas cozinhas tradicionais da Quinta dos Ingleses.","og_url":"https:\/\/quintadosingleses.pt\/en\/product\/pudim-de-ovos\/","og_site_name":"Quinta dos Ingleses","article_modified_time":"2022-11-07T16:28:09+00:00","og_image":[{"width":1080,"height":1080,"url":"https:\/\/quintadosingleses.pt\/wp-content\/uploads\/2019\/05\/1-3.jpg","type":"image\/jpeg"}],"twitter_card":"summary_large_image","schema":{"@context":"https:\/\/schema.org","@graph":[{"@type":"WebPage","@id":"https:\/\/quintadosingleses.pt\/produto\/pudim-de-ovos\/","url":"https:\/\/quintadosingleses.pt\/produto\/pudim-de-ovos\/","name":"Pudim de Ovos - Quinta dos Ingleses","isPartOf":{"@id":"https:\/\/quintadosingleses.pt\/#website"},"primaryImageOfPage":{"@id":"https:\/\/quintadosingleses.pt\/produto\/pudim-de-ovos\/#primaryimage"},"image":{"@id":"https:\/\/quintadosingleses.pt\/produto\/pudim-de-ovos\/#primaryimage"},"thumbnailUrl":"https:\/\/quintadosingleses.pt\/wp-content\/uploads\/2019\/05\/1-3.jpg","datePublished":"2019-05-28T18:02:09+00:00","dateModified":"2022-11-07T16:28:09+00:00","description":"O pudim de ovos marca pela diferen\u00e7a pelo seu sabor caseiro. Sem corantes ou conservantes, criado nas cozinhas tradicionais da Quinta dos Ingleses.","breadcrumb":{"@id":"https:\/\/quintadosingleses.pt\/produto\/pudim-de-ovos\/#breadcrumb"},"inLanguage":"en-GB","potentialAction":[{"@type":"ReadAction","target":["https:\/\/quintadosingleses.pt\/produto\/pudim-de-ovos\/"]}]},{"@type":"ImageObject","inLanguage":"en-GB","@id":"https:\/\/quintadosingleses.pt\/produto\/pudim-de-ovos\/#primaryimage","url":"https:\/\/quintadosingleses.pt\/wp-content\/uploads\/2019\/05\/1-3.jpg","contentUrl":"https:\/\/quintadosingleses.pt\/wp-content\/uploads\/2019\/05\/1-3.jpg","width":1080,"height":1080},{"@type":"BreadcrumbList","@id":"https:\/\/quintadosingleses.pt\/produto\/pudim-de-ovos\/#breadcrumb","itemListElement":[{"@type":"ListItem","position":1,"name":"In\u00edcio","item":"https:\/\/quintadosingleses.pt\/"},{"@type":"ListItem","position":2,"name":"Cat\u00e1logo","item":"https:\/\/quintadosingleses.pt\/catalogo\/"},{"@type":"ListItem","position":3,"name":"Pudim de Ovos"}]},{"@type":"WebSite","@id":"https:\/\/quintadosingleses.pt\/#website","url":"https:\/\/quintadosingleses.pt\/","name":"Quinta dos Ingleses","description":"Latic\u00ednios","publisher":{"@id":"https:\/\/quintadosingleses.pt\/#organization"},"potentialAction":[{"@type":"SearchAction","target":{"@type":"EntryPoint","urlTemplate":"https:\/\/quintadosingleses.pt\/?s={search_term_string}"},"query-input":{"@type":"PropertyValueSpecification","valueRequired":true,"valueName":"search_term_string"}}],"inLanguage":"en-GB"},{"@type":"Organization","@id":"https:\/\/quintadosingleses.pt\/#organization","name":"Quinta dos Ingleses","url":"https:\/\/quintadosingleses.pt\/","logo":{"@type":"ImageObject","inLanguage":"en-GB","@id":"https:\/\/quintadosingleses.pt\/#\/schema\/logo\/image\/","url":"https:\/\/quintadosingleses.pt\/wp-content\/uploads\/2019\/05\/logo55.png","contentUrl":"https:\/\/quintadosingleses.pt\/wp-content\/uploads\/2019\/05\/logo55.png","width":270,"height":100,"caption":"Quinta dos Ingleses"},"image":{"@id":"https:\/\/quintadosingleses.pt\/#\/schema\/logo\/image\/"}}]}},"_links":{"self":[{"href":"https:\/\/quintadosingleses.pt\/en\/wp-json\/wp\/v2\/product\/9488","targetHints":{"allow":["GET"]}}],"collection":[{"href":"https:\/\/quintadosingleses.pt\/en\/wp-json\/wp\/v2\/product"}],"about":[{"href":"https:\/\/quintadosingleses.pt\/en\/wp-json\/wp\/v2\/types\/product"}],"replies":[{"embeddable":true,"href":"https:\/\/quintadosingleses.pt\/en\/wp-json\/wp\/v2\/comments?post=9488"}],"wp:featuredmedia":[{"embeddable":true,"href":"https:\/\/quintadosingleses.pt\/en\/wp-json\/wp\/v2\/media\/9489"}],"wp:attachment":[{"href":"https:\/\/quintadosingleses.pt\/en\/wp-json\/wp\/v2\/media?parent=9488"}],"wp:term":[{"taxonomy":"product_brand","embeddable":true,"href":"https:\/\/quintadosingleses.pt\/en\/wp-json\/wp\/v2\/product_brand?post=9488"},{"taxonomy":"product_cat","embeddable":true,"href":"https:\/\/quintadosingleses.pt\/en\/wp-json\/wp\/v2\/product_cat?post=9488"},{"taxonomy":"product_tag","embeddable":true,"href":"https:\/\/quintadosingleses.pt\/en\/wp-json\/wp\/v2\/product_tag?post=9488"}],"curies":[{"name":"wp","href":"https:\/\/api.w.org\/{rel}","templated":true}]}}