{"id":9486,"date":"2019-05-28T17:53:06","date_gmt":"2019-05-28T17:53:06","guid":{"rendered":"https:\/\/registarmarcas.pt\/?post_type=product&#038;p=9486"},"modified":"2023-09-14T15:40:57","modified_gmt":"2023-09-14T15:40:57","slug":"mel","status":"publish","type":"product","link":"https:\/\/quintadosingleses.pt\/en\/product\/mel\/","title":{"rendered":"Honey"},"content":{"rendered":"<p>O mel da <strong>Quinta dos Ingleses<\/strong> \u00e9 intenso de montanha com flora\u00e7\u00e3o predominante de castanheiro. \u00c9 obtido a partir do n\u00e9ctar das flores que a abelha trabalhou, o que o torna <strong>100% natural<\/strong>. Assim conserva integralmente as sua propriedades originais. Al\u00e9m de ser um \u00f3timo ado\u00e7ante natural, este alimento \u00e9 cheio de benef\u00edcios porque conta com a\u00e7\u00e3o antimicrobiana.<\/p>","protected":false},"excerpt":{"rendered":"<p><strong>Package<\/strong> Fraco de vidro 500gr.;<br \/>\n<strong>Ingredients<\/strong> : Without conservatives or food colorings.<br \/>\n<strong>Conserva\u00e7\u00e3o:<\/strong> Keep in the cold after open<\/p>","protected":false},"featured_media":9487,"comment_status":"open","ping_status":"closed","template":"","meta":[],"product_brand":[],"product_cat":[168],"product_tag":[184,278,177],"class_list":{"0":"post-9486","1":"product","2":"type-product","3":"status-publish","4":"has-post-thumbnail","6":"product_cat-doces","7":"product_tag-doces","8":"product_tag-mel","9":"product_tag-quinta-dos-ingleses","12":"first","13":"instock","14":"shipping-taxable","15":"purchasable","16":"product-type-simple"},"yoast_head":"<!-- This site is optimized with the Yoast SEO plugin v24.7 - https:\/\/yoast.com\/wordpress\/plugins\/seo\/ -->\n<title>Mel de Montanha - Quinta dos Ingleses<\/title>\n<meta name=\"description\" content=\"O Mel da Quinta dos Ingleses \u00e9 intenso de montanha com flora\u00e7\u00e3o predominante de castanheiro e 100% natural! Saiba mais informa\u00e7\u00f5es aqui!\" \/>\n<meta name=\"robots\" content=\"index, follow, max-snippet:-1, max-image-preview:large, max-video-preview:-1\" \/>\n<link rel=\"canonical\" href=\"https:\/\/quintadosingleses.pt\/en\/product\/mel\/\" \/>\n<meta property=\"og:locale\" content=\"en_GB\" \/>\n<meta property=\"og:type\" content=\"article\" \/>\n<meta property=\"og:title\" content=\"Mel de Montanha - Quinta dos Ingleses\" \/>\n<meta property=\"og:description\" content=\"O Mel da Quinta dos Ingleses \u00e9 intenso de montanha com flora\u00e7\u00e3o predominante de castanheiro e 100% natural! Saiba mais informa\u00e7\u00f5es aqui!\" \/>\n<meta property=\"og:url\" content=\"https:\/\/quintadosingleses.pt\/en\/product\/mel\/\" \/>\n<meta property=\"og:site_name\" content=\"Quinta dos Ingleses\" \/>\n<meta property=\"article:modified_time\" content=\"2023-09-14T15:40:57+00:00\" \/>\n<meta property=\"og:image\" content=\"https:\/\/quintadosingleses.pt\/wp-content\/uploads\/2019\/05\/3-3.jpg\" \/>\n\t<meta property=\"og:image:width\" content=\"1080\" \/>\n\t<meta property=\"og:image:height\" content=\"1080\" \/>\n\t<meta property=\"og:image:type\" content=\"image\/jpeg\" \/>\n<meta name=\"twitter:card\" content=\"summary_large_image\" \/>\n<!-- \/ Yoast SEO plugin. -->","yoast_head_json":{"title":"Mel de Montanha - Quinta dos Ingleses","description":"O Mel da Quinta dos Ingleses \u00e9 intenso de montanha com flora\u00e7\u00e3o predominante de castanheiro e 100% natural! Saiba mais informa\u00e7\u00f5es aqui!","robots":{"index":"index","follow":"follow","max-snippet":"max-snippet:-1","max-image-preview":"max-image-preview:large","max-video-preview":"max-video-preview:-1"},"canonical":"https:\/\/quintadosingleses.pt\/en\/product\/mel\/","og_locale":"en_GB","og_type":"article","og_title":"Mel de Montanha - Quinta dos Ingleses","og_description":"O Mel da Quinta dos Ingleses \u00e9 intenso de montanha com flora\u00e7\u00e3o predominante de castanheiro e 100% natural! Saiba mais informa\u00e7\u00f5es aqui!","og_url":"https:\/\/quintadosingleses.pt\/en\/product\/mel\/","og_site_name":"Quinta dos Ingleses","article_modified_time":"2023-09-14T15:40:57+00:00","og_image":[{"width":1080,"height":1080,"url":"https:\/\/quintadosingleses.pt\/wp-content\/uploads\/2019\/05\/3-3.jpg","type":"image\/jpeg"}],"twitter_card":"summary_large_image","schema":{"@context":"https:\/\/schema.org","@graph":[{"@type":"WebPage","@id":"https:\/\/quintadosingleses.pt\/produto\/mel\/","url":"https:\/\/quintadosingleses.pt\/produto\/mel\/","name":"Mel de Montanha - Quinta dos Ingleses","isPartOf":{"@id":"https:\/\/quintadosingleses.pt\/#website"},"primaryImageOfPage":{"@id":"https:\/\/quintadosingleses.pt\/produto\/mel\/#primaryimage"},"image":{"@id":"https:\/\/quintadosingleses.pt\/produto\/mel\/#primaryimage"},"thumbnailUrl":"https:\/\/quintadosingleses.pt\/wp-content\/uploads\/2019\/05\/3-3.jpg","datePublished":"2019-05-28T17:53:06+00:00","dateModified":"2023-09-14T15:40:57+00:00","description":"O Mel da Quinta dos Ingleses \u00e9 intenso de montanha com flora\u00e7\u00e3o predominante de castanheiro e 100% natural! Saiba mais informa\u00e7\u00f5es aqui!","breadcrumb":{"@id":"https:\/\/quintadosingleses.pt\/produto\/mel\/#breadcrumb"},"inLanguage":"en-GB","potentialAction":[{"@type":"ReadAction","target":["https:\/\/quintadosingleses.pt\/produto\/mel\/"]}]},{"@type":"ImageObject","inLanguage":"en-GB","@id":"https:\/\/quintadosingleses.pt\/produto\/mel\/#primaryimage","url":"https:\/\/quintadosingleses.pt\/wp-content\/uploads\/2019\/05\/3-3.jpg","contentUrl":"https:\/\/quintadosingleses.pt\/wp-content\/uploads\/2019\/05\/3-3.jpg","width":1080,"height":1080},{"@type":"BreadcrumbList","@id":"https:\/\/quintadosingleses.pt\/produto\/mel\/#breadcrumb","itemListElement":[{"@type":"ListItem","position":1,"name":"In\u00edcio","item":"https:\/\/quintadosingleses.pt\/"},{"@type":"ListItem","position":2,"name":"Cat\u00e1logo","item":"https:\/\/quintadosingleses.pt\/catalogo\/"},{"@type":"ListItem","position":3,"name":"Mel"}]},{"@type":"WebSite","@id":"https:\/\/quintadosingleses.pt\/#website","url":"https:\/\/quintadosingleses.pt\/","name":"Quinta dos Ingleses","description":"Latic\u00ednios","publisher":{"@id":"https:\/\/quintadosingleses.pt\/#organization"},"potentialAction":[{"@type":"SearchAction","target":{"@type":"EntryPoint","urlTemplate":"https:\/\/quintadosingleses.pt\/?s={search_term_string}"},"query-input":{"@type":"PropertyValueSpecification","valueRequired":true,"valueName":"search_term_string"}}],"inLanguage":"en-GB"},{"@type":"Organization","@id":"https:\/\/quintadosingleses.pt\/#organization","name":"Quinta dos Ingleses","url":"https:\/\/quintadosingleses.pt\/","logo":{"@type":"ImageObject","inLanguage":"en-GB","@id":"https:\/\/quintadosingleses.pt\/#\/schema\/logo\/image\/","url":"https:\/\/quintadosingleses.pt\/wp-content\/uploads\/2019\/05\/logo55.png","contentUrl":"https:\/\/quintadosingleses.pt\/wp-content\/uploads\/2019\/05\/logo55.png","width":270,"height":100,"caption":"Quinta dos Ingleses"},"image":{"@id":"https:\/\/quintadosingleses.pt\/#\/schema\/logo\/image\/"}}]}},"_links":{"self":[{"href":"https:\/\/quintadosingleses.pt\/en\/wp-json\/wp\/v2\/product\/9486","targetHints":{"allow":["GET"]}}],"collection":[{"href":"https:\/\/quintadosingleses.pt\/en\/wp-json\/wp\/v2\/product"}],"about":[{"href":"https:\/\/quintadosingleses.pt\/en\/wp-json\/wp\/v2\/types\/product"}],"replies":[{"embeddable":true,"href":"https:\/\/quintadosingleses.pt\/en\/wp-json\/wp\/v2\/comments?post=9486"}],"wp:featuredmedia":[{"embeddable":true,"href":"https:\/\/quintadosingleses.pt\/en\/wp-json\/wp\/v2\/media\/9487"}],"wp:attachment":[{"href":"https:\/\/quintadosingleses.pt\/en\/wp-json\/wp\/v2\/media?parent=9486"}],"wp:term":[{"taxonomy":"product_brand","embeddable":true,"href":"https:\/\/quintadosingleses.pt\/en\/wp-json\/wp\/v2\/product_brand?post=9486"},{"taxonomy":"product_cat","embeddable":true,"href":"https:\/\/quintadosingleses.pt\/en\/wp-json\/wp\/v2\/product_cat?post=9486"},{"taxonomy":"product_tag","embeddable":true,"href":"https:\/\/quintadosingleses.pt\/en\/wp-json\/wp\/v2\/product_tag?post=9486"}],"curies":[{"name":"wp","href":"https:\/\/api.w.org\/{rel}","templated":true}]}}