{"id":11254,"date":"2023-11-23T16:58:28","date_gmt":"2023-11-23T16:58:28","guid":{"rendered":"https:\/\/quintadosingleses.pt\/?post_type=product&#038;p=11254"},"modified":"2026-04-02T10:36:34","modified_gmt":"2026-04-02T10:36:34","slug":"cabaz-gourmet-docce","status":"publish","type":"product","link":"https:\/\/quintadosingleses.pt\/en\/product\/cabaz-gourmet-docce\/","title":{"rendered":"Cabaz Gourmet &#8220;Doce&#8221;"},"content":{"rendered":"<p>Gourmet Hamper \"<strong>Sweet<\/strong>&#8220;.<br \/>\nThis basket is full of <strong>exquisite flavors<\/strong> <strong>made with love and dedication at Quinta dos Ingleses<\/strong>. Delight yourself with flavors that go back to the ancient recipes of our grandmothers! Surprise everyone with an original gift, in a pretty box ready to offer to the ones you love.\u00a0<strong>Show your love with lots of flavor and we guarantee success with simple and delicious gifts!\u00a0<\/strong><\/p>\n<p><i>Aten\u00e7\u00e3o: Opte entre Marmelada (em rotura de stock!) ou Compota e at\u00e9 pela qualidade de vinho que prefere, dentro da gama Bordado. Temos Branco e Douro. Para finalizar ainda tem a op\u00e7\u00e3o de optar pelo seu queijo favorito, queijo Bola Flamengo J\u00fanior ou Queijo Q.I. Pequeno. Para isso, basta escrever nas \u201cNotas de Encomenda\u201d quando colocar o seu cabaz no carrinho! Caso tenha d\u00favidas pode entrar em <\/i><a href=\"https:\/\/quintadosingleses.pt\/en\/contactos\/\">contact us<\/a>\u00a0.<i>We are always available!<\/i><\/p>\n<p>More information about the products here:<br \/>\n<a href=\"https:\/\/quintadosingleses.pt\/en\/categoria\/queijos\/\" target=\"_blank\" rel=\"noopener\">Small Q.I. Cured Cheese<\/a> or <a href=\"https:\/\/quintadosingleses.pt\/en\/categoria\/queijos\/\" target=\"_blank\" rel=\"noopener\">Flamengo Cheese - Junior Ball<\/a>, <a href=\"https:\/\/quintadosingleses.pt\/en\/product\/mel\/\" target=\"_blank\" rel=\"noopener\">Honey<\/a>, <a href=\"https:\/\/quintadosingleses.pt\/en\/categoria\/doces\/\">Jam<\/a>,\u00a0<a href=\"https:\/\/quintadosingleses.pt\/en\/product\/marmelada\/\" target=\"_blank\" rel=\"noopener noreferrer\">Marmalade<\/a> (em rotura de stock!), <a href=\"https:\/\/loja.duriense.com\" target=\"_blank\" rel=\"noopener noreferrer\">\"Duriense\" Classic Biscuits<\/a>, <a href=\"https:\/\/quintadosingleses.pt\/en\/categoria\/vinhos\/\" target=\"_blank\" rel=\"noopener\">Withe or Douro Wine<\/a>.<\/p>","protected":false},"excerpt":{"rendered":"<p>Hamper \"<strong>Sweet<\/strong>\" has:<\/p>\n<ul>\n<li>1 Queijo Q.I. Amanteigado 500gr. \u00a0;<\/li>\n<li>1 Jam 240gr.\u00a0<strong>or<\/strong> 1 Marmelada 400gr. (em rotura de stock!);<\/li>\n<li>1 Packet of \"Duriense\" Classic Biscuits 200gr.;<\/li>\n<li>1 Bottle of Bordado Red - Douro <strong>or<\/strong> Branco Sauvignon Blanc 75cl.;<\/li>\n<\/ul>\n<p>Remember <strong>the traditional<\/strong> and <strong>handmade flavors<\/strong> of the most ancient recipes created solely by our grandmothers.<\/p>\n<p><small>Note: Find out how to choose your favorite products in the description below! For orders of more than 10 units, please contact us via email: geral@quintadosingleses.pt<\/small><\/p>","protected":false},"featured_media":11694,"comment_status":"open","ping_status":"closed","template":"","meta":[],"product_brand":[],"product_cat":[299],"product_tag":[181,304,177],"class_list":{"0":"post-11254","1":"product","2":"type-product","3":"status-publish","4":"has-post-thumbnail","6":"product_cat-cabazes-gourmet-da-quinta-dos-ingleses","7":"product_tag-cabaz","8":"product_tag-gourmet","9":"product_tag-quinta-dos-ingleses","12":"first","13":"instock","14":"featured","15":"shipping-taxable","16":"purchasable","17":"product-type-simple"},"yoast_head":"<!-- This site is optimized with the Yoast SEO plugin v24.7 - https:\/\/yoast.com\/wordpress\/plugins\/seo\/ -->\n<title>Cabaz Gourmet &quot;Doce&quot; - Quinta dos Ingleses<\/title>\n<meta name=\"description\" content=\"Este Natal surpreenda com prendas cheias de sabor numa caixinha requinta e pronta a oferecer! Est\u00e1 recheada de produtos caseiros, criados a pensar em si!\" \/>\n<meta name=\"robots\" content=\"index, follow, max-snippet:-1, max-image-preview:large, max-video-preview:-1\" \/>\n<link rel=\"canonical\" href=\"https:\/\/quintadosingleses.pt\/en\/product\/cabaz-gourmet-docce\/\" \/>\n<meta property=\"og:locale\" content=\"en_GB\" \/>\n<meta property=\"og:type\" content=\"article\" \/>\n<meta property=\"og:title\" content=\"Cabaz Gourmet &quot;Doce&quot; - Quinta dos Ingleses\" \/>\n<meta property=\"og:description\" content=\"Este Natal surpreenda com prendas cheias de sabor numa caixinha requinta e pronta a oferecer! Est\u00e1 recheada de produtos caseiros, criados a pensar em si!\" \/>\n<meta property=\"og:url\" content=\"https:\/\/quintadosingleses.pt\/en\/product\/cabaz-gourmet-docce\/\" \/>\n<meta property=\"og:site_name\" content=\"Quinta dos Ingleses\" \/>\n<meta property=\"article:modified_time\" content=\"2026-04-02T10:36:34+00:00\" \/>\n<meta property=\"og:image\" content=\"https:\/\/quintadosingleses.pt\/wp-content\/uploads\/2023\/11\/1_gr6.jpg\" \/>\n\t<meta property=\"og:image:width\" content=\"1920\" \/>\n\t<meta property=\"og:image:height\" content=\"1920\" \/>\n\t<meta property=\"og:image:type\" content=\"image\/jpeg\" \/>\n<meta name=\"twitter:card\" content=\"summary_large_image\" \/>\n<meta name=\"twitter:label1\" content=\"Estimated reading time\" \/>\n\t<meta name=\"twitter:data1\" content=\"2 minutes\" \/>\n<!-- \/ Yoast SEO plugin. -->","yoast_head_json":{"title":"Cabaz Gourmet \"Doce\" - Quinta dos Ingleses","description":"Este Natal surpreenda com prendas cheias de sabor numa caixinha requinta e pronta a oferecer! Est\u00e1 recheada de produtos caseiros, criados a pensar em si!","robots":{"index":"index","follow":"follow","max-snippet":"max-snippet:-1","max-image-preview":"max-image-preview:large","max-video-preview":"max-video-preview:-1"},"canonical":"https:\/\/quintadosingleses.pt\/en\/product\/cabaz-gourmet-docce\/","og_locale":"en_GB","og_type":"article","og_title":"Cabaz Gourmet \"Doce\" - Quinta dos Ingleses","og_description":"Este Natal surpreenda com prendas cheias de sabor numa caixinha requinta e pronta a oferecer! Est\u00e1 recheada de produtos caseiros, criados a pensar em si!","og_url":"https:\/\/quintadosingleses.pt\/en\/product\/cabaz-gourmet-docce\/","og_site_name":"Quinta dos Ingleses","article_modified_time":"2026-04-02T10:36:34+00:00","og_image":[{"width":1920,"height":1920,"url":"https:\/\/quintadosingleses.pt\/wp-content\/uploads\/2023\/11\/1_gr6.jpg","type":"image\/jpeg"}],"twitter_card":"summary_large_image","twitter_misc":{"Estimated reading time":"2 minutes"},"schema":{"@context":"https:\/\/schema.org","@graph":[{"@type":"WebPage","@id":"https:\/\/quintadosingleses.pt\/produto\/cabaz-gourmet-docce\/","url":"https:\/\/quintadosingleses.pt\/produto\/cabaz-gourmet-docce\/","name":"Cabaz Gourmet \"Doce\" - Quinta dos Ingleses","isPartOf":{"@id":"https:\/\/quintadosingleses.pt\/#website"},"primaryImageOfPage":{"@id":"https:\/\/quintadosingleses.pt\/produto\/cabaz-gourmet-docce\/#primaryimage"},"image":{"@id":"https:\/\/quintadosingleses.pt\/produto\/cabaz-gourmet-docce\/#primaryimage"},"thumbnailUrl":"https:\/\/quintadosingleses.pt\/wp-content\/uploads\/2023\/11\/1_gr6.jpg","datePublished":"2023-11-23T16:58:28+00:00","dateModified":"2026-04-02T10:36:34+00:00","description":"Este Natal surpreenda com prendas cheias de sabor numa caixinha requinta e pronta a oferecer! Est\u00e1 recheada de produtos caseiros, criados a pensar em si!","breadcrumb":{"@id":"https:\/\/quintadosingleses.pt\/produto\/cabaz-gourmet-docce\/#breadcrumb"},"inLanguage":"en-GB","potentialAction":[{"@type":"ReadAction","target":["https:\/\/quintadosingleses.pt\/produto\/cabaz-gourmet-docce\/"]}]},{"@type":"ImageObject","inLanguage":"en-GB","@id":"https:\/\/quintadosingleses.pt\/produto\/cabaz-gourmet-docce\/#primaryimage","url":"https:\/\/quintadosingleses.pt\/wp-content\/uploads\/2023\/11\/1_gr6.jpg","contentUrl":"https:\/\/quintadosingleses.pt\/wp-content\/uploads\/2023\/11\/1_gr6.jpg","width":1920,"height":1920},{"@type":"BreadcrumbList","@id":"https:\/\/quintadosingleses.pt\/produto\/cabaz-gourmet-docce\/#breadcrumb","itemListElement":[{"@type":"ListItem","position":1,"name":"In\u00edcio","item":"https:\/\/quintadosingleses.pt\/"},{"@type":"ListItem","position":2,"name":"Cat\u00e1logo","item":"https:\/\/quintadosingleses.pt\/catalogo\/"},{"@type":"ListItem","position":3,"name":"Cabaz Gourmet &#8220;Doce&#8221;"}]},{"@type":"WebSite","@id":"https:\/\/quintadosingleses.pt\/#website","url":"https:\/\/quintadosingleses.pt\/","name":"Quinta dos Ingleses","description":"Latic\u00ednios","publisher":{"@id":"https:\/\/quintadosingleses.pt\/#organization"},"potentialAction":[{"@type":"SearchAction","target":{"@type":"EntryPoint","urlTemplate":"https:\/\/quintadosingleses.pt\/?s={search_term_string}"},"query-input":{"@type":"PropertyValueSpecification","valueRequired":true,"valueName":"search_term_string"}}],"inLanguage":"en-GB"},{"@type":"Organization","@id":"https:\/\/quintadosingleses.pt\/#organization","name":"Quinta dos Ingleses","url":"https:\/\/quintadosingleses.pt\/","logo":{"@type":"ImageObject","inLanguage":"en-GB","@id":"https:\/\/quintadosingleses.pt\/#\/schema\/logo\/image\/","url":"https:\/\/quintadosingleses.pt\/wp-content\/uploads\/2019\/05\/logo55.png","contentUrl":"https:\/\/quintadosingleses.pt\/wp-content\/uploads\/2019\/05\/logo55.png","width":270,"height":100,"caption":"Quinta dos Ingleses"},"image":{"@id":"https:\/\/quintadosingleses.pt\/#\/schema\/logo\/image\/"}}]}},"_links":{"self":[{"href":"https:\/\/quintadosingleses.pt\/en\/wp-json\/wp\/v2\/product\/11254","targetHints":{"allow":["GET"]}}],"collection":[{"href":"https:\/\/quintadosingleses.pt\/en\/wp-json\/wp\/v2\/product"}],"about":[{"href":"https:\/\/quintadosingleses.pt\/en\/wp-json\/wp\/v2\/types\/product"}],"replies":[{"embeddable":true,"href":"https:\/\/quintadosingleses.pt\/en\/wp-json\/wp\/v2\/comments?post=11254"}],"wp:featuredmedia":[{"embeddable":true,"href":"https:\/\/quintadosingleses.pt\/en\/wp-json\/wp\/v2\/media\/11694"}],"wp:attachment":[{"href":"https:\/\/quintadosingleses.pt\/en\/wp-json\/wp\/v2\/media?parent=11254"}],"wp:term":[{"taxonomy":"product_brand","embeddable":true,"href":"https:\/\/quintadosingleses.pt\/en\/wp-json\/wp\/v2\/product_brand?post=11254"},{"taxonomy":"product_cat","embeddable":true,"href":"https:\/\/quintadosingleses.pt\/en\/wp-json\/wp\/v2\/product_cat?post=11254"},{"taxonomy":"product_tag","embeddable":true,"href":"https:\/\/quintadosingleses.pt\/en\/wp-json\/wp\/v2\/product_tag?post=11254"}],"curies":[{"name":"wp","href":"https:\/\/api.w.org\/{rel}","templated":true}]}}