{"id":10994,"date":"2022-11-06T23:12:42","date_gmt":"2022-11-06T23:12:42","guid":{"rendered":"https:\/\/quintadosingleses.pt\/?post_type=product&#038;p=10994"},"modified":"2026-03-18T16:06:48","modified_gmt":"2026-03-18T16:06:48","slug":"cabaz-gourmet-caixa-das-surpresas-copia","status":"publish","type":"product","link":"https:\/\/quintadosingleses.pt\/en\/product\/cabaz-gourmet-caixa-das-surpresas-copia\/","title":{"rendered":"Gourmet Basket \"LunchBox\""},"content":{"rendered":"<p>Gourmet Hamper \"<strong>Lancheira<\/strong>&#8220;.<\/p>\n<p>This basket is full of\u00a0<strong>exquisite flavors<\/strong> <strong>made with love and dedication at Quinta dos Ingleses<\/strong>. Quando o abrir vai encontrar uma <strong>marmalade <\/strong>(em rotura de stock!) ou uma <strong>compota caseira <\/strong>criada nas cozinhas da Quinta dos Ingleses, um frasco de <strong>Honey <\/strong>e ainda uma lata de<strong> Biscoitos de Vinho e Canela <\/strong>of<strong> Duriense<\/strong>. Para finalizar, n\u00e3o poderia faltar um delicioso <strong>Flamengo Cheese Jr. <\/strong>ou pode optar pelo<strong> Queijo Q.I. Amanteigado Pequeno<\/strong>. Assim, vai surpreender com uma prenda original, numa <strong>caixinha cheia de surpresas\u00a0saborosas<\/strong>. Demonstre o seu amor com muito sabor, e garantimos sucesso com prendas simples e deliciosas!<\/p>\n<p><i>Aten\u00e7\u00e3o: Pode optar entre 1 Marmelada caseira (fora de stock) <\/i><strong style=\"font-style: italic;\">or<\/strong><i> 1 Compota de frutos da \u00e9poca e pelo seu queijo favorito (Queijo Bola J\u00fanior Flamengo ou Queijo Amanteigado Q.I. Pequeno). Para isso basta escrever nas \u201cNotas de Encomenda&#8221; a sua prefer\u00eancia, quando colocar o seu cabaz no carrinho de compras! Caso tenha d\u00favidas pode entrar em <\/i><a href=\"https:\/\/quintadosingleses.pt\/en\/contactos\/\">contact us<\/a>\u00a0.<i>We are always available!<\/i><\/p>\n<p>More information about the products here:<br \/>\n<a href=\"https:\/\/quintadosingleses.pt\/en\/product\/queijo-flamengo-bola-junior\/\" target=\"_blank\" rel=\"noopener noreferrer\">Queijo Bola J\u00fanior Flamengo,<\/a>\u00a0<a href=\"https:\/\/quintadosingleses.pt\/en\/product\/q-i-pano-curado\/\" target=\"_blank\" rel=\"noopener noreferrer\">Small Q.I. Cured Cheese<\/a>, <a href=\"https:\/\/quintadosingleses.pt\/en\/product\/mel\/\" target=\"_blank\" rel=\"noopener noreferrer\">Honey<\/a>, <a href=\"https:\/\/quintadosingleses.pt\/en\/categoria\/doces\/\">Jam<\/a>\u00a0or <a href=\"https:\/\/quintadosingleses.pt\/en\/categoria\/doces\/\">Marmalade<\/a>.<\/p>","protected":false},"excerpt":{"rendered":"<p>Hamper \"<strong>Lancheira<\/strong>\" has:<\/p>\n<ul>\n<li>Queijo Flamengo Bola J\u00fanior 550gr. <strong>or<\/strong><br \/>\nQ.I. Pequeno Amanteigado 500 gr.;<\/li>\n<li>1 Lata de Biscoitos Vinho e Canela &#8220;Duriense&#8221;\u00a0150 gr. ;<\/li>\n<li>1 Frasco de Mel 500 gr.;<\/li>\n<li>1 Frasco de Compota 255 gr. <strong>or<\/strong> Marmelada 400 gr. (em rotura de stock!)<\/li>\n<\/ul>\n<p>Ofere\u00e7a uma<strong> caixinha recheada de surpresas saborosas<\/strong>!<\/p>\n<p><em><small>Note: Learn more about how to choose your favorite flavors in the description down blow.<br \/>\n<strong>Aten\u00e7\u00e3o<\/strong>: Encomendas a cima de 10 unidades, entre em contacto connosco atrav\u00e9s do email: geral@quintadosingleses.pt<\/small><br \/>\n<\/em><\/p>","protected":false},"featured_media":11678,"comment_status":"open","ping_status":"closed","template":"","meta":[],"product_brand":[],"product_cat":[299],"product_tag":[181,296,304,183,177,174],"class_list":{"0":"post-10994","1":"product","2":"type-product","3":"status-publish","4":"has-post-thumbnail","6":"product_cat-cabazes-gourmet-da-quinta-dos-ingleses","7":"product_tag-cabaz","8":"product_tag-doce","9":"product_tag-gourmet","10":"product_tag-queijo","11":"product_tag-quinta-dos-ingleses","12":"product_tag-vinho","15":"first","16":"instock","17":"shipping-taxable","18":"purchasable","19":"product-type-simple"},"yoast_head":"<!-- This site is optimized with the Yoast SEO plugin v24.7 - https:\/\/yoast.com\/wordpress\/plugins\/seo\/ -->\n<title>Cabaz Gourmet &quot;Lancheira&quot; - Quinta dos Ingleses<\/title>\n<meta name=\"description\" content=\"Veja aqui as op\u00e7\u00f5es que lhe sugerimos para que surpreenda alguem num dia especial! Entrega em casa dois dias ap\u00f3s encomenda! Demonstre o seu amor com sabor.\" \/>\n<meta name=\"robots\" content=\"index, follow, max-snippet:-1, max-image-preview:large, max-video-preview:-1\" \/>\n<link rel=\"canonical\" href=\"https:\/\/quintadosingleses.pt\/en\/product\/cabaz-gourmet-caixa-das-surpresas-copia\/\" \/>\n<meta property=\"og:locale\" content=\"en_GB\" \/>\n<meta property=\"og:type\" content=\"article\" \/>\n<meta property=\"og:title\" content=\"Cabaz Gourmet &quot;Lancheira&quot; - Quinta dos Ingleses\" \/>\n<meta property=\"og:description\" content=\"Veja aqui as op\u00e7\u00f5es que lhe sugerimos para que surpreenda alguem num dia especial! Entrega em casa dois dias ap\u00f3s encomenda! Demonstre o seu amor com sabor.\" \/>\n<meta property=\"og:url\" content=\"https:\/\/quintadosingleses.pt\/en\/product\/cabaz-gourmet-caixa-das-surpresas-copia\/\" \/>\n<meta property=\"og:site_name\" content=\"Quinta dos Ingleses\" \/>\n<meta property=\"article:modified_time\" content=\"2026-03-18T16:06:48+00:00\" \/>\n<meta name=\"twitter:card\" content=\"summary_large_image\" \/>\n<meta name=\"twitter:image\" content=\"https:\/\/quintadosingleses.pt\/wp-content\/uploads\/2022\/11\/lancheira_2.jpg\" \/>\n<meta name=\"twitter:label1\" content=\"Estimated reading time\" \/>\n\t<meta name=\"twitter:data1\" content=\"2 minutes\" \/>\n<!-- \/ Yoast SEO plugin. -->","yoast_head_json":{"title":"Cabaz Gourmet \"Lancheira\" - Quinta dos Ingleses","description":"Veja aqui as op\u00e7\u00f5es que lhe sugerimos para que surpreenda alguem num dia especial! Entrega em casa dois dias ap\u00f3s encomenda! Demonstre o seu amor com sabor.","robots":{"index":"index","follow":"follow","max-snippet":"max-snippet:-1","max-image-preview":"max-image-preview:large","max-video-preview":"max-video-preview:-1"},"canonical":"https:\/\/quintadosingleses.pt\/en\/product\/cabaz-gourmet-caixa-das-surpresas-copia\/","og_locale":"en_GB","og_type":"article","og_title":"Cabaz Gourmet \"Lancheira\" - Quinta dos Ingleses","og_description":"Veja aqui as op\u00e7\u00f5es que lhe sugerimos para que surpreenda alguem num dia especial! Entrega em casa dois dias ap\u00f3s encomenda! Demonstre o seu amor com sabor.","og_url":"https:\/\/quintadosingleses.pt\/en\/product\/cabaz-gourmet-caixa-das-surpresas-copia\/","og_site_name":"Quinta dos Ingleses","article_modified_time":"2026-03-18T16:06:48+00:00","twitter_card":"summary_large_image","twitter_image":"https:\/\/quintadosingleses.pt\/wp-content\/uploads\/2022\/11\/lancheira_2.jpg","twitter_misc":{"Estimated reading time":"2 minutes"},"schema":{"@context":"https:\/\/schema.org","@graph":[{"@type":"WebPage","@id":"https:\/\/quintadosingleses.pt\/produto\/cabaz-gourmet-caixa-das-surpresas-copia\/","url":"https:\/\/quintadosingleses.pt\/produto\/cabaz-gourmet-caixa-das-surpresas-copia\/","name":"Cabaz Gourmet \"Lancheira\" - Quinta dos Ingleses","isPartOf":{"@id":"https:\/\/quintadosingleses.pt\/#website"},"primaryImageOfPage":{"@id":"https:\/\/quintadosingleses.pt\/produto\/cabaz-gourmet-caixa-das-surpresas-copia\/#primaryimage"},"image":{"@id":"https:\/\/quintadosingleses.pt\/produto\/cabaz-gourmet-caixa-das-surpresas-copia\/#primaryimage"},"thumbnailUrl":"https:\/\/quintadosingleses.pt\/wp-content\/uploads\/2022\/11\/lancheira_2.jpg","datePublished":"2022-11-06T23:12:42+00:00","dateModified":"2026-03-18T16:06:48+00:00","description":"Veja aqui as op\u00e7\u00f5es que lhe sugerimos para que surpreenda alguem num dia especial! Entrega em casa dois dias ap\u00f3s encomenda! Demonstre o seu amor com sabor.","breadcrumb":{"@id":"https:\/\/quintadosingleses.pt\/produto\/cabaz-gourmet-caixa-das-surpresas-copia\/#breadcrumb"},"inLanguage":"en-GB","potentialAction":[{"@type":"ReadAction","target":["https:\/\/quintadosingleses.pt\/produto\/cabaz-gourmet-caixa-das-surpresas-copia\/"]}]},{"@type":"ImageObject","inLanguage":"en-GB","@id":"https:\/\/quintadosingleses.pt\/produto\/cabaz-gourmet-caixa-das-surpresas-copia\/#primaryimage","url":"https:\/\/quintadosingleses.pt\/wp-content\/uploads\/2022\/11\/lancheira_2.jpg","contentUrl":"https:\/\/quintadosingleses.pt\/wp-content\/uploads\/2022\/11\/lancheira_2.jpg","width":1920,"height":1920},{"@type":"BreadcrumbList","@id":"https:\/\/quintadosingleses.pt\/produto\/cabaz-gourmet-caixa-das-surpresas-copia\/#breadcrumb","itemListElement":[{"@type":"ListItem","position":1,"name":"In\u00edcio","item":"https:\/\/quintadosingleses.pt\/"},{"@type":"ListItem","position":2,"name":"Cat\u00e1logo","item":"https:\/\/quintadosingleses.pt\/catalogo\/"},{"@type":"ListItem","position":3,"name":"Cabaz Gourmet &#8220;Lancheira&#8221;"}]},{"@type":"WebSite","@id":"https:\/\/quintadosingleses.pt\/#website","url":"https:\/\/quintadosingleses.pt\/","name":"Quinta dos Ingleses","description":"Latic\u00ednios","publisher":{"@id":"https:\/\/quintadosingleses.pt\/#organization"},"potentialAction":[{"@type":"SearchAction","target":{"@type":"EntryPoint","urlTemplate":"https:\/\/quintadosingleses.pt\/?s={search_term_string}"},"query-input":{"@type":"PropertyValueSpecification","valueRequired":true,"valueName":"search_term_string"}}],"inLanguage":"en-GB"},{"@type":"Organization","@id":"https:\/\/quintadosingleses.pt\/#organization","name":"Quinta dos Ingleses","url":"https:\/\/quintadosingleses.pt\/","logo":{"@type":"ImageObject","inLanguage":"en-GB","@id":"https:\/\/quintadosingleses.pt\/#\/schema\/logo\/image\/","url":"https:\/\/quintadosingleses.pt\/wp-content\/uploads\/2019\/05\/logo55.png","contentUrl":"https:\/\/quintadosingleses.pt\/wp-content\/uploads\/2019\/05\/logo55.png","width":270,"height":100,"caption":"Quinta dos Ingleses"},"image":{"@id":"https:\/\/quintadosingleses.pt\/#\/schema\/logo\/image\/"}}]}},"_links":{"self":[{"href":"https:\/\/quintadosingleses.pt\/en\/wp-json\/wp\/v2\/product\/10994","targetHints":{"allow":["GET"]}}],"collection":[{"href":"https:\/\/quintadosingleses.pt\/en\/wp-json\/wp\/v2\/product"}],"about":[{"href":"https:\/\/quintadosingleses.pt\/en\/wp-json\/wp\/v2\/types\/product"}],"replies":[{"embeddable":true,"href":"https:\/\/quintadosingleses.pt\/en\/wp-json\/wp\/v2\/comments?post=10994"}],"wp:featuredmedia":[{"embeddable":true,"href":"https:\/\/quintadosingleses.pt\/en\/wp-json\/wp\/v2\/media\/11678"}],"wp:attachment":[{"href":"https:\/\/quintadosingleses.pt\/en\/wp-json\/wp\/v2\/media?parent=10994"}],"wp:term":[{"taxonomy":"product_brand","embeddable":true,"href":"https:\/\/quintadosingleses.pt\/en\/wp-json\/wp\/v2\/product_brand?post=10994"},{"taxonomy":"product_cat","embeddable":true,"href":"https:\/\/quintadosingleses.pt\/en\/wp-json\/wp\/v2\/product_cat?post=10994"},{"taxonomy":"product_tag","embeddable":true,"href":"https:\/\/quintadosingleses.pt\/en\/wp-json\/wp\/v2\/product_tag?post=10994"}],"curies":[{"name":"wp","href":"https:\/\/api.w.org\/{rel}","templated":true}]}}