{"id":10982,"date":"2022-11-06T22:14:32","date_gmt":"2022-11-06T22:14:32","guid":{"rendered":"https:\/\/quintadosingleses.pt\/?post_type=product&#038;p=10982"},"modified":"2026-04-05T21:28:12","modified_gmt":"2026-04-05T21:28:12","slug":"cabaz-gourmet-portugues","status":"publish","type":"product","link":"https:\/\/quintadosingleses.pt\/en\/product\/cabaz-gourmet-portugues\/","title":{"rendered":"Cabaz Gourmet &#8220;Portugu\u00eas&#8221;"},"content":{"rendered":"<p>Cabaz Gourmet \u201c<strong>Portugu\u00eas<\/strong>\u201c.<\/p>\n<p>This basket is full of\u00a0<strong>exquisite flavors<\/strong> <strong>criados com amor e dedica\u00e7\u00e3o<\/strong>. Preparado para\u00a0<strong>encantar\u00a0algu\u00e9m\u00a0muito\u00a0especial para si<\/strong>. Com uma caixinha bonita e pronta a oferecer, o seu verdadeiro encanto encontra-se no interior.\u00a0Preenchido com produtos de qualidade superior e 100% Portugueses.\u00a0<strong>Demonstre o seu amor com muito sabor, e garantimos sucesso com prendas simples e deliciosas.<\/strong><\/p>\n<p>See more information about each product here:<br \/>\n<a href=\"https:\/\/quintadosingleses.pt\/en\/product\/queijo-qi-quadrado-curado-com-caixa\/\" target=\"_blank\" rel=\"noopener noreferrer\">Queijo Curado Q.I.<\/a>, <a href=\"https:\/\/quintadosingleses.pt\/en\/product\/queijo-flamengo-bola\/\" target=\"_blank\" rel=\"noopener noreferrer\">Flamengo Cheese Jr.<\/a>,\u00a0<a href=\"https:\/\/quintadosingleses.pt\/en\/categoria\/doces\/\" target=\"_blank\" rel=\"noopener noreferrer\">Jam<\/a>, <a href=\"https:\/\/quintadosingleses.pt\/en\/product\/marmelada\/\" target=\"_blank\" rel=\"noopener noreferrer\">Marmalade<\/a>(em rotura de stock!),<a href=\"https:\/\/www.saboral.pt\/\" target=\"_blank\" rel=\"noopener\"> Ch\u00e1 de Cidreira ou L\u00facia Lima<\/a>, <a href=\"http:\/\/www.duriense.com\" target=\"_blank\" rel=\"noopener noreferrer\">Bolachas de Vinho e Canela<\/a>, <a href=\"https:\/\/duriense.com\/produtos\" target=\"_blank\" rel=\"noopener\">Sortido de Biscoitos Cl\u00e1ssicos &#8220;Duriense&#8221;<\/a>, <a href=\"https:\/\/quintadosingleses.pt\/en\/product\/mel\/\" target=\"_blank\" rel=\"noopener noreferrer\">Honey<\/a>, <a href=\"https:\/\/quintadosingleses.pt\/en\/categoria\/vinhos\/\" target=\"_blank\" rel=\"noopener\">garrafa de Bordado &#8211; Branco<\/a>, <a href=\"https:\/\/quintadosingleses.pt\/en\/categoria\/vinhos\/\" target=\"_blank\" rel=\"noopener\">garrafa de Bordado &#8211; Douro<\/a>.<\/p>","protected":false},"excerpt":{"rendered":"<p>Hamper \"<b>Portugu\u00eas<\/b>\" has:<\/p>\n<ul>\n<li>1 Queijo Curado Amanteigado 1.250Kg.;<\/li>\n<li>1 Queijo Flamengo Bola J\u00fanior 0.550gr.;<\/li>\n<li>1 Compota 240gr.;<\/li>\n<li>1 Pacote de Sortido Cl\u00e1ssico de Biscoitos &#8220;Duriense&#8221; 200gr.;<\/li>\n<li>1 Lata de Biscoitos de Vinho e Canela &#8220;Duriense&#8221; 150gr;<\/li>\n<li>1 Pacote de Ch\u00e1 de Cidreira <strong>or<\/strong> L\u00facia Lima &#8220;Saboral&#8221; 50gr.;<\/li>\n<li>1 Marmelada 400gr.(em rotura de stock!);<\/li>\n<li>1 Mel 500 gr.;<\/li>\n<li>1 Garrafa de Bordado Branco Sauvignon Blanc 0.75cl.;<\/li>\n<li>1 Garrafa de Bordado Douro 0.75cl.<\/li>\n<\/ul>\n<p><strong>Encante algu\u00e9m muito especial para si, com este cabaz!<\/strong><br \/>\n<small>Aten\u00e7\u00e3o: Encomendas a cima de 10 unidades, entre em contacto connosco atrav\u00e9s do email: geral@quintadosingleses.pt<br \/>\n<\/small><\/p>","protected":false},"featured_media":11706,"comment_status":"open","ping_status":"closed","template":"","meta":[],"product_brand":[],"product_cat":[299],"product_tag":[181,184,183,177,174],"class_list":{"0":"post-10982","1":"product","2":"type-product","3":"status-publish","4":"has-post-thumbnail","6":"product_cat-cabazes-gourmet-da-quinta-dos-ingleses","7":"product_tag-cabaz","8":"product_tag-doces","9":"product_tag-queijo","10":"product_tag-quinta-dos-ingleses","11":"product_tag-vinho","14":"first","15":"instock","16":"sold-individually","17":"shipping-taxable","18":"purchasable","19":"product-type-simple"},"yoast_head":"<!-- This site is optimized with the Yoast SEO plugin v24.7 - https:\/\/yoast.com\/wordpress\/plugins\/seo\/ -->\n<title>Cabaz Gourmet &quot;Portugu\u00eas&quot; - Quinta dos Ingleses<\/title>\n<meta name=\"description\" content=\"Veja aqui as op\u00e7\u00f5es que lhe sugerimos para surpreender alguem numa data especial! Entrega em casa dois dias ap\u00f3s encomenda! Demonstre o seu amor com sabor.\" \/>\n<meta name=\"robots\" content=\"index, follow, max-snippet:-1, max-image-preview:large, max-video-preview:-1\" \/>\n<link rel=\"canonical\" href=\"https:\/\/quintadosingleses.pt\/en\/product\/cabaz-gourmet-portugues\/\" \/>\n<meta property=\"og:locale\" content=\"en_GB\" \/>\n<meta property=\"og:type\" content=\"article\" \/>\n<meta property=\"og:title\" content=\"Cabaz Gourmet &quot;Portugu\u00eas&quot; - Quinta dos Ingleses\" \/>\n<meta property=\"og:description\" content=\"Veja aqui as op\u00e7\u00f5es que lhe sugerimos para surpreender alguem numa data especial! Entrega em casa dois dias ap\u00f3s encomenda! Demonstre o seu amor com sabor.\" \/>\n<meta property=\"og:url\" content=\"https:\/\/quintadosingleses.pt\/en\/product\/cabaz-gourmet-portugues\/\" \/>\n<meta property=\"og:site_name\" content=\"Quinta dos Ingleses\" \/>\n<meta property=\"article:modified_time\" content=\"2026-04-05T21:28:12+00:00\" \/>\n<meta property=\"og:image\" content=\"https:\/\/quintadosingleses.pt\/wp-content\/uploads\/2022\/11\/2_gr11.jpg\" \/>\n\t<meta property=\"og:image:width\" content=\"1920\" \/>\n\t<meta property=\"og:image:height\" content=\"1920\" \/>\n\t<meta property=\"og:image:type\" content=\"image\/jpeg\" \/>\n<meta name=\"twitter:card\" content=\"summary_large_image\" \/>\n<meta name=\"twitter:label1\" content=\"Estimated reading time\" \/>\n\t<meta name=\"twitter:data1\" content=\"1 minute\" \/>\n<!-- \/ Yoast SEO plugin. -->","yoast_head_json":{"title":"Cabaz Gourmet \"Portugu\u00eas\" - Quinta dos Ingleses","description":"Veja aqui as op\u00e7\u00f5es que lhe sugerimos para surpreender alguem numa data especial! Entrega em casa dois dias ap\u00f3s encomenda! Demonstre o seu amor com sabor.","robots":{"index":"index","follow":"follow","max-snippet":"max-snippet:-1","max-image-preview":"max-image-preview:large","max-video-preview":"max-video-preview:-1"},"canonical":"https:\/\/quintadosingleses.pt\/en\/product\/cabaz-gourmet-portugues\/","og_locale":"en_GB","og_type":"article","og_title":"Cabaz Gourmet \"Portugu\u00eas\" - Quinta dos Ingleses","og_description":"Veja aqui as op\u00e7\u00f5es que lhe sugerimos para surpreender alguem numa data especial! Entrega em casa dois dias ap\u00f3s encomenda! Demonstre o seu amor com sabor.","og_url":"https:\/\/quintadosingleses.pt\/en\/product\/cabaz-gourmet-portugues\/","og_site_name":"Quinta dos Ingleses","article_modified_time":"2026-04-05T21:28:12+00:00","og_image":[{"width":1920,"height":1920,"url":"https:\/\/quintadosingleses.pt\/wp-content\/uploads\/2022\/11\/2_gr11.jpg","type":"image\/jpeg"}],"twitter_card":"summary_large_image","twitter_misc":{"Estimated reading time":"1 minute"},"schema":{"@context":"https:\/\/schema.org","@graph":[{"@type":"WebPage","@id":"https:\/\/quintadosingleses.pt\/produto\/cabaz-gourmet-portugues\/","url":"https:\/\/quintadosingleses.pt\/produto\/cabaz-gourmet-portugues\/","name":"Cabaz Gourmet \"Portugu\u00eas\" - Quinta dos Ingleses","isPartOf":{"@id":"https:\/\/quintadosingleses.pt\/#website"},"primaryImageOfPage":{"@id":"https:\/\/quintadosingleses.pt\/produto\/cabaz-gourmet-portugues\/#primaryimage"},"image":{"@id":"https:\/\/quintadosingleses.pt\/produto\/cabaz-gourmet-portugues\/#primaryimage"},"thumbnailUrl":"https:\/\/quintadosingleses.pt\/wp-content\/uploads\/2022\/11\/2_gr11.jpg","datePublished":"2022-11-06T22:14:32+00:00","dateModified":"2026-04-05T21:28:12+00:00","description":"Veja aqui as op\u00e7\u00f5es que lhe sugerimos para surpreender alguem numa data especial! Entrega em casa dois dias ap\u00f3s encomenda! Demonstre o seu amor com sabor.","breadcrumb":{"@id":"https:\/\/quintadosingleses.pt\/produto\/cabaz-gourmet-portugues\/#breadcrumb"},"inLanguage":"en-GB","potentialAction":[{"@type":"ReadAction","target":["https:\/\/quintadosingleses.pt\/produto\/cabaz-gourmet-portugues\/"]}]},{"@type":"ImageObject","inLanguage":"en-GB","@id":"https:\/\/quintadosingleses.pt\/produto\/cabaz-gourmet-portugues\/#primaryimage","url":"https:\/\/quintadosingleses.pt\/wp-content\/uploads\/2022\/11\/2_gr11.jpg","contentUrl":"https:\/\/quintadosingleses.pt\/wp-content\/uploads\/2022\/11\/2_gr11.jpg","width":1920,"height":1920},{"@type":"BreadcrumbList","@id":"https:\/\/quintadosingleses.pt\/produto\/cabaz-gourmet-portugues\/#breadcrumb","itemListElement":[{"@type":"ListItem","position":1,"name":"In\u00edcio","item":"https:\/\/quintadosingleses.pt\/"},{"@type":"ListItem","position":2,"name":"Cat\u00e1logo","item":"https:\/\/quintadosingleses.pt\/catalogo\/"},{"@type":"ListItem","position":3,"name":"Cabaz Gourmet &#8220;Portugu\u00eas&#8221;"}]},{"@type":"WebSite","@id":"https:\/\/quintadosingleses.pt\/#website","url":"https:\/\/quintadosingleses.pt\/","name":"Quinta dos Ingleses","description":"Latic\u00ednios","publisher":{"@id":"https:\/\/quintadosingleses.pt\/#organization"},"potentialAction":[{"@type":"SearchAction","target":{"@type":"EntryPoint","urlTemplate":"https:\/\/quintadosingleses.pt\/?s={search_term_string}"},"query-input":{"@type":"PropertyValueSpecification","valueRequired":true,"valueName":"search_term_string"}}],"inLanguage":"en-GB"},{"@type":"Organization","@id":"https:\/\/quintadosingleses.pt\/#organization","name":"Quinta dos Ingleses","url":"https:\/\/quintadosingleses.pt\/","logo":{"@type":"ImageObject","inLanguage":"en-GB","@id":"https:\/\/quintadosingleses.pt\/#\/schema\/logo\/image\/","url":"https:\/\/quintadosingleses.pt\/wp-content\/uploads\/2019\/05\/logo55.png","contentUrl":"https:\/\/quintadosingleses.pt\/wp-content\/uploads\/2019\/05\/logo55.png","width":270,"height":100,"caption":"Quinta dos Ingleses"},"image":{"@id":"https:\/\/quintadosingleses.pt\/#\/schema\/logo\/image\/"}}]}},"_links":{"self":[{"href":"https:\/\/quintadosingleses.pt\/en\/wp-json\/wp\/v2\/product\/10982","targetHints":{"allow":["GET"]}}],"collection":[{"href":"https:\/\/quintadosingleses.pt\/en\/wp-json\/wp\/v2\/product"}],"about":[{"href":"https:\/\/quintadosingleses.pt\/en\/wp-json\/wp\/v2\/types\/product"}],"replies":[{"embeddable":true,"href":"https:\/\/quintadosingleses.pt\/en\/wp-json\/wp\/v2\/comments?post=10982"}],"wp:featuredmedia":[{"embeddable":true,"href":"https:\/\/quintadosingleses.pt\/en\/wp-json\/wp\/v2\/media\/11706"}],"wp:attachment":[{"href":"https:\/\/quintadosingleses.pt\/en\/wp-json\/wp\/v2\/media?parent=10982"}],"wp:term":[{"taxonomy":"product_brand","embeddable":true,"href":"https:\/\/quintadosingleses.pt\/en\/wp-json\/wp\/v2\/product_brand?post=10982"},{"taxonomy":"product_cat","embeddable":true,"href":"https:\/\/quintadosingleses.pt\/en\/wp-json\/wp\/v2\/product_cat?post=10982"},{"taxonomy":"product_tag","embeddable":true,"href":"https:\/\/quintadosingleses.pt\/en\/wp-json\/wp\/v2\/product_tag?post=10982"}],"curies":[{"name":"wp","href":"https:\/\/api.w.org\/{rel}","templated":true}]}}