{"id":10541,"date":"2021-02-10T15:22:31","date_gmt":"2021-02-10T15:22:31","guid":{"rendered":"https:\/\/quintadosingleses.pt\/?post_type=product&#038;p=10541"},"modified":"2026-03-18T16:38:44","modified_gmt":"2026-03-18T16:38:44","slug":"cabaz-gourmet-amor-com-sabor","status":"publish","type":"product","link":"https:\/\/quintadosingleses.pt\/en\/product\/cabaz-gourmet-amor-com-sabor\/","title":{"rendered":"Cabaz Gourmet &#8220;Sabor Tradicional&#8221;"},"content":{"rendered":"<p>Gourmet Hamper \"<strong>Sabor Tradicional<\/strong>&#8220;.<br \/>\nThis basket is full of <strong>exquisite flavors<\/strong> <strong>made with love and dedication at Quinta dos Ingleses<\/strong>. Delicie-se com paladares que remontam \u00e0s ancestrais receitas dos nossos av\u00f3s! Assim vai surpreender com uma prenda original, numa caixinha bonita e pronta a oferecer.\u00a0<strong>Demonstre o seu amor com muito sabor e garantimos sucesso com prendas simplesmente deliciosas<\/strong>.<\/p>\n<p><i>Aten\u00e7\u00e3o: Opte pelo seu queijo favorito Queijo Bola J\u00fanior ou Queijo Q.I. Pequeno, pelo seu sabor de Biscoitos de Vinho do Porto e Canela e at\u00e9 por uma Marmelada (em rotura de stock!) ou uma Compota. Para isso, basta escrever nas &#8220;Notas de Encomenda&#8221; as prefer\u00eancia, quando colocar o seu cabaz no carrinho! Caso tenha d\u00favidas pode entrar em <\/i><a style=\"font-style: italic;\" href=\"https:\/\/quintadosingleses.pt\/en\/contactos\/\">contact us<\/a>\u00a0.<i>We are always available!<br \/>\n<\/i><\/p>\n<p>More information about the products here:<br \/>\n<a href=\"https:\/\/quintadosingleses.pt\/en\/product\/queijo-flamengo-bola-junior\/\">Queijo Bola J\u00fanior Flamengo,<\/a>\u00a0<a href=\"https:\/\/quintadosingleses.pt\/en\/product\/q-i-pano-curado\/\">Small Q.I. Cured Cheese<\/a>, <a href=\"https:\/\/quintadosingleses.pt\/en\/product\/compota-de-abobora-2\/\">Jam<\/a> or <a href=\"https:\/\/quintadosingleses.pt\/en\/product\/marmelada\/\" target=\"_blank\" rel=\"noopener noreferrer\">Marmalade<\/a> <i>(em rotura de stock!)<\/i>, Biscoitos de\u00a0 <a href=\"https:\/\/loja.duriense.com\" target=\"_blank\" rel=\"noopener noreferrer\">Vinho e Canela<\/a>, <a href=\"https:\/\/quintadosingleses.pt\/en\/categoria\/vinhos\/\">Bordado Douro<\/a> or <a href=\"https:\/\/quintadosingleses.pt\/en\/categoria\/vinhos\/\" target=\"_blank\" rel=\"noopener\">Branco Sauvignon<\/a>.<\/p>","protected":false},"excerpt":{"rendered":"<p>Hamper \"<strong>Sabor Tradicional<\/strong>\" has:<\/p>\n<ul>\n<li>1 Queijo Q.I. Pequeno 500 gr. <strong>or<\/strong> 1 Queijo Bola J\u00fanior Flamengo 550 gr.;<\/li>\n<li>1 Jam 240gr. <strong>or<\/strong> 1 Marmelada 400gr. (em rotura de stock!);<\/li>\n<li>1 Lata de Biscoitos Vinho e Canela 150 gr.;<\/li>\n<li>1 Garrafa de vinho Douro ou Vinho Branco Sauvignon 0.75 cl.;<\/li>\n<\/ul>\n<p>Remember <strong>the traditional<\/strong> and <strong>handmade flavors<\/strong> of the most ancient recipes made only by our grandparents.<\/p>\n<p><small>Obs: Saiba como pode selecionar os seus produtos favoritos na descri\u00e7\u00e3o a baixo!<\/small><\/p>","protected":false},"featured_media":11683,"comment_status":"open","ping_status":"closed","template":"","meta":[],"product_brand":[],"product_cat":[299],"product_tag":[181,304,177],"class_list":{"0":"post-10541","1":"product","2":"type-product","3":"status-publish","4":"has-post-thumbnail","6":"product_cat-cabazes-gourmet-da-quinta-dos-ingleses","7":"product_tag-cabaz","8":"product_tag-gourmet","9":"product_tag-quinta-dos-ingleses","12":"first","13":"instock","14":"shipping-taxable","15":"purchasable","16":"product-type-simple"},"yoast_head":"<!-- This site is optimized with the Yoast SEO plugin v24.7 - https:\/\/yoast.com\/wordpress\/plugins\/seo\/ -->\n<title>Cabaz Gourmet &quot;Sabor Tradicional&quot; - Quinta dos Ingleses<\/title>\n<meta name=\"description\" content=\"Surpreenda com prendas cheias de sabor numa caixinha requinta e pronta a oferecer! Recheada de produtos caseiros, criados a pensar em si!\" \/>\n<meta name=\"robots\" content=\"index, follow, max-snippet:-1, max-image-preview:large, max-video-preview:-1\" \/>\n<link rel=\"canonical\" href=\"https:\/\/quintadosingleses.pt\/en\/product\/cabaz-gourmet-amor-com-sabor\/\" \/>\n<meta property=\"og:locale\" content=\"en_GB\" \/>\n<meta property=\"og:type\" content=\"article\" \/>\n<meta property=\"og:title\" content=\"Cabaz Gourmet &quot;Sabor Tradicional&quot; - Quinta dos Ingleses\" \/>\n<meta property=\"og:description\" content=\"Surpreenda com prendas cheias de sabor numa caixinha requinta e pronta a oferecer! Recheada de produtos caseiros, criados a pensar em si!\" \/>\n<meta property=\"og:url\" content=\"https:\/\/quintadosingleses.pt\/en\/product\/cabaz-gourmet-amor-com-sabor\/\" \/>\n<meta property=\"og:site_name\" content=\"Quinta dos Ingleses\" \/>\n<meta property=\"article:modified_time\" content=\"2026-03-18T16:38:44+00:00\" \/>\n<meta property=\"og:image\" content=\"https:\/\/quintadosingleses.pt\/wp-content\/uploads\/2021\/02\/1_gr1-1.jpg\" \/>\n\t<meta property=\"og:image:width\" content=\"1920\" \/>\n\t<meta property=\"og:image:height\" content=\"1920\" \/>\n\t<meta property=\"og:image:type\" content=\"image\/jpeg\" \/>\n<meta name=\"twitter:card\" content=\"summary_large_image\" \/>\n<meta name=\"twitter:label1\" content=\"Estimated reading time\" \/>\n\t<meta name=\"twitter:data1\" content=\"2 minutes\" \/>\n<!-- \/ Yoast SEO plugin. -->","yoast_head_json":{"title":"Cabaz Gourmet \"Sabor Tradicional\" - Quinta dos Ingleses","description":"Surpreenda com prendas cheias de sabor numa caixinha requinta e pronta a oferecer! Recheada de produtos caseiros, criados a pensar em si!","robots":{"index":"index","follow":"follow","max-snippet":"max-snippet:-1","max-image-preview":"max-image-preview:large","max-video-preview":"max-video-preview:-1"},"canonical":"https:\/\/quintadosingleses.pt\/en\/product\/cabaz-gourmet-amor-com-sabor\/","og_locale":"en_GB","og_type":"article","og_title":"Cabaz Gourmet \"Sabor Tradicional\" - Quinta dos Ingleses","og_description":"Surpreenda com prendas cheias de sabor numa caixinha requinta e pronta a oferecer! Recheada de produtos caseiros, criados a pensar em si!","og_url":"https:\/\/quintadosingleses.pt\/en\/product\/cabaz-gourmet-amor-com-sabor\/","og_site_name":"Quinta dos Ingleses","article_modified_time":"2026-03-18T16:38:44+00:00","og_image":[{"width":1920,"height":1920,"url":"https:\/\/quintadosingleses.pt\/wp-content\/uploads\/2021\/02\/1_gr1-1.jpg","type":"image\/jpeg"}],"twitter_card":"summary_large_image","twitter_misc":{"Estimated reading time":"2 minutes"},"schema":{"@context":"https:\/\/schema.org","@graph":[{"@type":"WebPage","@id":"https:\/\/quintadosingleses.pt\/produto\/cabaz-gourmet-amor-com-sabor\/","url":"https:\/\/quintadosingleses.pt\/produto\/cabaz-gourmet-amor-com-sabor\/","name":"Cabaz Gourmet \"Sabor Tradicional\" - Quinta dos Ingleses","isPartOf":{"@id":"https:\/\/quintadosingleses.pt\/#website"},"primaryImageOfPage":{"@id":"https:\/\/quintadosingleses.pt\/produto\/cabaz-gourmet-amor-com-sabor\/#primaryimage"},"image":{"@id":"https:\/\/quintadosingleses.pt\/produto\/cabaz-gourmet-amor-com-sabor\/#primaryimage"},"thumbnailUrl":"https:\/\/quintadosingleses.pt\/wp-content\/uploads\/2021\/02\/1_gr1-1.jpg","datePublished":"2021-02-10T15:22:31+00:00","dateModified":"2026-03-18T16:38:44+00:00","description":"Surpreenda com prendas cheias de sabor numa caixinha requinta e pronta a oferecer! Recheada de produtos caseiros, criados a pensar em si!","breadcrumb":{"@id":"https:\/\/quintadosingleses.pt\/produto\/cabaz-gourmet-amor-com-sabor\/#breadcrumb"},"inLanguage":"en-GB","potentialAction":[{"@type":"ReadAction","target":["https:\/\/quintadosingleses.pt\/produto\/cabaz-gourmet-amor-com-sabor\/"]}]},{"@type":"ImageObject","inLanguage":"en-GB","@id":"https:\/\/quintadosingleses.pt\/produto\/cabaz-gourmet-amor-com-sabor\/#primaryimage","url":"https:\/\/quintadosingleses.pt\/wp-content\/uploads\/2021\/02\/1_gr1-1.jpg","contentUrl":"https:\/\/quintadosingleses.pt\/wp-content\/uploads\/2021\/02\/1_gr1-1.jpg","width":1920,"height":1920},{"@type":"BreadcrumbList","@id":"https:\/\/quintadosingleses.pt\/produto\/cabaz-gourmet-amor-com-sabor\/#breadcrumb","itemListElement":[{"@type":"ListItem","position":1,"name":"In\u00edcio","item":"https:\/\/quintadosingleses.pt\/"},{"@type":"ListItem","position":2,"name":"Cat\u00e1logo","item":"https:\/\/quintadosingleses.pt\/catalogo\/"},{"@type":"ListItem","position":3,"name":"Cabaz Gourmet &#8220;Sabor Tradicional&#8221;"}]},{"@type":"WebSite","@id":"https:\/\/quintadosingleses.pt\/#website","url":"https:\/\/quintadosingleses.pt\/","name":"Quinta dos Ingleses","description":"Latic\u00ednios","publisher":{"@id":"https:\/\/quintadosingleses.pt\/#organization"},"potentialAction":[{"@type":"SearchAction","target":{"@type":"EntryPoint","urlTemplate":"https:\/\/quintadosingleses.pt\/?s={search_term_string}"},"query-input":{"@type":"PropertyValueSpecification","valueRequired":true,"valueName":"search_term_string"}}],"inLanguage":"en-GB"},{"@type":"Organization","@id":"https:\/\/quintadosingleses.pt\/#organization","name":"Quinta dos Ingleses","url":"https:\/\/quintadosingleses.pt\/","logo":{"@type":"ImageObject","inLanguage":"en-GB","@id":"https:\/\/quintadosingleses.pt\/#\/schema\/logo\/image\/","url":"https:\/\/quintadosingleses.pt\/wp-content\/uploads\/2019\/05\/logo55.png","contentUrl":"https:\/\/quintadosingleses.pt\/wp-content\/uploads\/2019\/05\/logo55.png","width":270,"height":100,"caption":"Quinta dos Ingleses"},"image":{"@id":"https:\/\/quintadosingleses.pt\/#\/schema\/logo\/image\/"}}]}},"_links":{"self":[{"href":"https:\/\/quintadosingleses.pt\/en\/wp-json\/wp\/v2\/product\/10541","targetHints":{"allow":["GET"]}}],"collection":[{"href":"https:\/\/quintadosingleses.pt\/en\/wp-json\/wp\/v2\/product"}],"about":[{"href":"https:\/\/quintadosingleses.pt\/en\/wp-json\/wp\/v2\/types\/product"}],"replies":[{"embeddable":true,"href":"https:\/\/quintadosingleses.pt\/en\/wp-json\/wp\/v2\/comments?post=10541"}],"wp:featuredmedia":[{"embeddable":true,"href":"https:\/\/quintadosingleses.pt\/en\/wp-json\/wp\/v2\/media\/11683"}],"wp:attachment":[{"href":"https:\/\/quintadosingleses.pt\/en\/wp-json\/wp\/v2\/media?parent=10541"}],"wp:term":[{"taxonomy":"product_brand","embeddable":true,"href":"https:\/\/quintadosingleses.pt\/en\/wp-json\/wp\/v2\/product_brand?post=10541"},{"taxonomy":"product_cat","embeddable":true,"href":"https:\/\/quintadosingleses.pt\/en\/wp-json\/wp\/v2\/product_cat?post=10541"},{"taxonomy":"product_tag","embeddable":true,"href":"https:\/\/quintadosingleses.pt\/en\/wp-json\/wp\/v2\/product_tag?post=10541"}],"curies":[{"name":"wp","href":"https:\/\/api.w.org\/{rel}","templated":true}]}}