{"id":10532,"date":"2021-02-08T16:31:30","date_gmt":"2021-02-08T16:31:30","guid":{"rendered":"https:\/\/quintadosingleses.pt\/?post_type=product&#038;p=10532"},"modified":"2026-03-18T16:47:26","modified_gmt":"2026-03-18T16:47:26","slug":"cabaz-gourmet-chocolate","status":"publish","type":"product","link":"https:\/\/quintadosingleses.pt\/en\/product\/cabaz-gourmet-chocolate\/","title":{"rendered":"Cabaz Gourmet &#8220;Infus\u00e3o&#8221;"},"content":{"rendered":"<p>Gourmet Hamper \"<strong>Infus\u00e3o<\/strong>&#8220;.<br \/>\nThis basket is full of <strong>exquisite flavors<\/strong> <strong>made with love and dedication at Quinta dos Ingleses<\/strong>. Delight yourself with flavors that go back to the ancient recipes of our grandmothers! Surprise everyone with an original gift, in a pretty box ready to offer to the ones you love.\u00a0<strong>Show your love with lots of flavor and we guarantee success with simple and delicious gifts!\u00a0<\/strong><\/p>\n<p><i>Aten\u00e7\u00e3o: Pode optar entre Marmelada (em rotura de stock!) ou Compota e at\u00e9 pode escolher o seu queijo favorito (Queijo Bola J\u00fanior ou Queijo Q.I. Pequeno). N\u00e3o se esque\u00e7a, tamb\u00e9m pode selecionar o tipo de vinho que prefere dentro da gama Vinha dos Ingleses. Temos o Branco ou Padeiro. Temos ainda a possibilidade de optar por Ch\u00e1 de L\u00facia Lima <strong>or<\/strong> de Cidreira. Para isso, basta escrever nas \u201cNotas de Encomenda\u201d os produtos que selecionou quando finalizar o seu pedido! Caso tenha d\u00favidas pode entrar em <\/i><a href=\"https:\/\/quintadosingleses.pt\/en\/contactos\/\">contact us<\/a>\u00a0.<i>We are always available!<\/i><\/p>\n<p>More information about the products here:<br \/>\n<a href=\"https:\/\/quintadosingleses.pt\/en\/product\/queijo-flamengo-bola-junior\/\">Flamengo Cheese Jr.<\/a>\u00a0<strong>or<\/strong> <a href=\"https:\/\/quintadosingleses.pt\/en\/product\/q-i-pano-curado\/\">Small Q.I. Cured Cheese<\/a>, <a href=\"https:\/\/quintadosingleses.pt\/en\/categoria\/doces\/\" target=\"_blank\" rel=\"noopener noreferrer\">Jam<\/a>\u00a0<strong>or<\/strong> <a href=\"https:\/\/quintadosingleses.pt\/en\/product\/marmelada\/\" target=\"_blank\" rel=\"noopener noreferrer\">Marmalade<\/a> <i>(em rotura de stock!)<\/i>, 1 <a href=\"https:\/\/quintadosingleses.pt\/en\/product\/mel\/\" target=\"_blank\" rel=\"noopener\">Frasco de Mel 500gr.<\/a>, 1 Pacote de <a href=\"https:\/\/www.saboral.pt\/\" target=\"_blank\" rel=\"noopener\">Ch\u00e1 de L\u00facia Lima <\/a>or <a href=\"https:\/\/www.saboral.pt\/\" target=\"_blank\" rel=\"noopener\">Cidreira<\/a>, 1 Garrafa de vinho Bordado <a href=\"https:\/\/quintadosingleses.pt\/en\/product\/vinha-dos-ingleses-branco\/\">Branco<\/a>, <a href=\"https:\/\/quintadosingleses.pt\/en\/categoria\/vinhos\/\" target=\"_blank\" rel=\"noopener\">Douro<\/a>.<\/p>","protected":false},"excerpt":{"rendered":"<p>Hamper \"<strong>Bordado<\/strong>\" has:<\/p>\n<ul>\n<li>1 Queijo Flamengo Bola J\u00fanior 550gr.\u00a0<strong>or<\/strong> 1 Queijo Q.I. Pequeno 550gr.;<\/li>\n<li>1 \u00a0Marmelada 450gr. <strong>or<\/strong> 1 Compota 250gr.;<\/li>\n<li>1 Pacote de Ch\u00e1 de Cidreira <strong>or<\/strong> L\u00facia Lima 50gr.;<\/li>\n<li>1 Jam 240gr. <strong>or<\/strong> Marmelada caseira 400gr. <i>(em rotura de stock!)<\/i>.<\/li>\n<li>1 Garrafa de Bordado Sauvignon Blanc <strong>or<\/strong> Douro\u00a075cl.;<\/li>\n<\/ul>\n<p>Remember <strong>the traditional<\/strong> and <strong>handmade flavors<\/strong> of the most ancient recipes created solely by our grandmothers.<\/p>\n<p><small>Note: Find out how to choose your favorite products in the description below! For orders of more than 10 units, please contact us via email: geral@quintadosingleses.pt<\/small><\/p>","protected":false},"featured_media":11690,"comment_status":"open","ping_status":"closed","template":"","meta":[],"product_brand":[],"product_cat":[299],"product_tag":[181,304,177],"class_list":{"0":"post-10532","1":"product","2":"type-product","3":"status-publish","4":"has-post-thumbnail","6":"product_cat-cabazes-gourmet-da-quinta-dos-ingleses","7":"product_tag-cabaz","8":"product_tag-gourmet","9":"product_tag-quinta-dos-ingleses","12":"first","13":"instock","14":"shipping-taxable","15":"purchasable","16":"product-type-simple"},"yoast_head":"<!-- This site is optimized with the Yoast SEO plugin v24.7 - https:\/\/yoast.com\/wordpress\/plugins\/seo\/ -->\n<title>Cabaz Gourmet &quot;Infus\u00e3o&quot; - Quinta dos Ingleses<\/title>\n<meta name=\"description\" content=\"Surpreenda com prendas cheias de sabor numa caixinha requinta e pronta a oferecer! Recheada de produtos caseiros, criados a pensar em si!\" \/>\n<meta name=\"robots\" content=\"index, follow, max-snippet:-1, max-image-preview:large, max-video-preview:-1\" \/>\n<link rel=\"canonical\" href=\"https:\/\/quintadosingleses.pt\/en\/product\/cabaz-gourmet-chocolate\/\" \/>\n<meta property=\"og:locale\" content=\"en_GB\" \/>\n<meta property=\"og:type\" content=\"article\" \/>\n<meta property=\"og:title\" content=\"Cabaz Gourmet &quot;Infus\u00e3o&quot; - Quinta dos Ingleses\" \/>\n<meta property=\"og:description\" content=\"Surpreenda com prendas cheias de sabor numa caixinha requinta e pronta a oferecer! Recheada de produtos caseiros, criados a pensar em si!\" \/>\n<meta property=\"og:url\" content=\"https:\/\/quintadosingleses.pt\/en\/product\/cabaz-gourmet-chocolate\/\" \/>\n<meta property=\"og:site_name\" content=\"Quinta dos Ingleses\" \/>\n<meta property=\"article:modified_time\" content=\"2026-03-18T16:47:26+00:00\" \/>\n<meta property=\"og:image\" content=\"https:\/\/quintadosingleses.pt\/wp-content\/uploads\/2021\/02\/1_gr4.jpg\" \/>\n\t<meta property=\"og:image:width\" content=\"1920\" \/>\n\t<meta property=\"og:image:height\" content=\"1920\" \/>\n\t<meta property=\"og:image:type\" content=\"image\/jpeg\" \/>\n<meta name=\"twitter:card\" content=\"summary_large_image\" \/>\n<meta name=\"twitter:label1\" content=\"Estimated reading time\" \/>\n\t<meta name=\"twitter:data1\" content=\"2 minutes\" \/>\n<!-- \/ Yoast SEO plugin. -->","yoast_head_json":{"title":"Cabaz Gourmet \"Infus\u00e3o\" - Quinta dos Ingleses","description":"Surpreenda com prendas cheias de sabor numa caixinha requinta e pronta a oferecer! Recheada de produtos caseiros, criados a pensar em si!","robots":{"index":"index","follow":"follow","max-snippet":"max-snippet:-1","max-image-preview":"max-image-preview:large","max-video-preview":"max-video-preview:-1"},"canonical":"https:\/\/quintadosingleses.pt\/en\/product\/cabaz-gourmet-chocolate\/","og_locale":"en_GB","og_type":"article","og_title":"Cabaz Gourmet \"Infus\u00e3o\" - Quinta dos Ingleses","og_description":"Surpreenda com prendas cheias de sabor numa caixinha requinta e pronta a oferecer! Recheada de produtos caseiros, criados a pensar em si!","og_url":"https:\/\/quintadosingleses.pt\/en\/product\/cabaz-gourmet-chocolate\/","og_site_name":"Quinta dos Ingleses","article_modified_time":"2026-03-18T16:47:26+00:00","og_image":[{"width":1920,"height":1920,"url":"https:\/\/quintadosingleses.pt\/wp-content\/uploads\/2021\/02\/1_gr4.jpg","type":"image\/jpeg"}],"twitter_card":"summary_large_image","twitter_misc":{"Estimated reading time":"2 minutes"},"schema":{"@context":"https:\/\/schema.org","@graph":[{"@type":"WebPage","@id":"https:\/\/quintadosingleses.pt\/produto\/cabaz-gourmet-chocolate\/","url":"https:\/\/quintadosingleses.pt\/produto\/cabaz-gourmet-chocolate\/","name":"Cabaz Gourmet \"Infus\u00e3o\" - Quinta dos Ingleses","isPartOf":{"@id":"https:\/\/quintadosingleses.pt\/#website"},"primaryImageOfPage":{"@id":"https:\/\/quintadosingleses.pt\/produto\/cabaz-gourmet-chocolate\/#primaryimage"},"image":{"@id":"https:\/\/quintadosingleses.pt\/produto\/cabaz-gourmet-chocolate\/#primaryimage"},"thumbnailUrl":"https:\/\/quintadosingleses.pt\/wp-content\/uploads\/2021\/02\/1_gr4.jpg","datePublished":"2021-02-08T16:31:30+00:00","dateModified":"2026-03-18T16:47:26+00:00","description":"Surpreenda com prendas cheias de sabor numa caixinha requinta e pronta a oferecer! Recheada de produtos caseiros, criados a pensar em si!","breadcrumb":{"@id":"https:\/\/quintadosingleses.pt\/produto\/cabaz-gourmet-chocolate\/#breadcrumb"},"inLanguage":"en-GB","potentialAction":[{"@type":"ReadAction","target":["https:\/\/quintadosingleses.pt\/produto\/cabaz-gourmet-chocolate\/"]}]},{"@type":"ImageObject","inLanguage":"en-GB","@id":"https:\/\/quintadosingleses.pt\/produto\/cabaz-gourmet-chocolate\/#primaryimage","url":"https:\/\/quintadosingleses.pt\/wp-content\/uploads\/2021\/02\/1_gr4.jpg","contentUrl":"https:\/\/quintadosingleses.pt\/wp-content\/uploads\/2021\/02\/1_gr4.jpg","width":1920,"height":1920},{"@type":"BreadcrumbList","@id":"https:\/\/quintadosingleses.pt\/produto\/cabaz-gourmet-chocolate\/#breadcrumb","itemListElement":[{"@type":"ListItem","position":1,"name":"In\u00edcio","item":"https:\/\/quintadosingleses.pt\/"},{"@type":"ListItem","position":2,"name":"Cat\u00e1logo","item":"https:\/\/quintadosingleses.pt\/catalogo\/"},{"@type":"ListItem","position":3,"name":"Cabaz Gourmet &#8220;Infus\u00e3o&#8221;"}]},{"@type":"WebSite","@id":"https:\/\/quintadosingleses.pt\/#website","url":"https:\/\/quintadosingleses.pt\/","name":"Quinta dos Ingleses","description":"Latic\u00ednios","publisher":{"@id":"https:\/\/quintadosingleses.pt\/#organization"},"potentialAction":[{"@type":"SearchAction","target":{"@type":"EntryPoint","urlTemplate":"https:\/\/quintadosingleses.pt\/?s={search_term_string}"},"query-input":{"@type":"PropertyValueSpecification","valueRequired":true,"valueName":"search_term_string"}}],"inLanguage":"en-GB"},{"@type":"Organization","@id":"https:\/\/quintadosingleses.pt\/#organization","name":"Quinta dos Ingleses","url":"https:\/\/quintadosingleses.pt\/","logo":{"@type":"ImageObject","inLanguage":"en-GB","@id":"https:\/\/quintadosingleses.pt\/#\/schema\/logo\/image\/","url":"https:\/\/quintadosingleses.pt\/wp-content\/uploads\/2019\/05\/logo55.png","contentUrl":"https:\/\/quintadosingleses.pt\/wp-content\/uploads\/2019\/05\/logo55.png","width":270,"height":100,"caption":"Quinta dos Ingleses"},"image":{"@id":"https:\/\/quintadosingleses.pt\/#\/schema\/logo\/image\/"}}]}},"_links":{"self":[{"href":"https:\/\/quintadosingleses.pt\/en\/wp-json\/wp\/v2\/product\/10532","targetHints":{"allow":["GET"]}}],"collection":[{"href":"https:\/\/quintadosingleses.pt\/en\/wp-json\/wp\/v2\/product"}],"about":[{"href":"https:\/\/quintadosingleses.pt\/en\/wp-json\/wp\/v2\/types\/product"}],"replies":[{"embeddable":true,"href":"https:\/\/quintadosingleses.pt\/en\/wp-json\/wp\/v2\/comments?post=10532"}],"wp:featuredmedia":[{"embeddable":true,"href":"https:\/\/quintadosingleses.pt\/en\/wp-json\/wp\/v2\/media\/11690"}],"wp:attachment":[{"href":"https:\/\/quintadosingleses.pt\/en\/wp-json\/wp\/v2\/media?parent=10532"}],"wp:term":[{"taxonomy":"product_brand","embeddable":true,"href":"https:\/\/quintadosingleses.pt\/en\/wp-json\/wp\/v2\/product_brand?post=10532"},{"taxonomy":"product_cat","embeddable":true,"href":"https:\/\/quintadosingleses.pt\/en\/wp-json\/wp\/v2\/product_cat?post=10532"},{"taxonomy":"product_tag","embeddable":true,"href":"https:\/\/quintadosingleses.pt\/en\/wp-json\/wp\/v2\/product_tag?post=10532"}],"curies":[{"name":"wp","href":"https:\/\/api.w.org\/{rel}","templated":true}]}}