{"id":10519,"date":"2021-02-03T15:09:32","date_gmt":"2021-02-03T15:09:32","guid":{"rendered":"https:\/\/quintadosingleses.pt\/?post_type=product&#038;p=10519"},"modified":"2026-03-18T17:07:28","modified_gmt":"2026-03-18T17:07:28","slug":"cabaz-gourmet-especial","status":"publish","type":"product","link":"https:\/\/quintadosingleses.pt\/en\/product\/cabaz-gourmet-especial\/","title":{"rendered":"Cabaz Gourmet &#8220;Especial&#8221;"},"content":{"rendered":"<p>Gourmet Hamper \"<strong>Especial<\/strong>&#8220;.<br \/>\nThis basket is full of\u00a0<strong>exquisite flavors<\/strong> <strong>made with love and dedication at Quinta dos Ingleses<\/strong>Make special moments with a luxurious box, filled with unique flavors.\u00a0<strong>Show your love with lots of flavor and we guarantee success with a simple and delicious gift.\u00a0<\/strong><\/p>\n<p><i>Aten\u00e7\u00e3o: Pode optar entre Marmelada (em rotura de stock!) ou Compota e at\u00e9 pode escolher o seu queijo favorito (Queijo Bola J\u00fanior ou Queijo Q.I. Pequeno). N\u00e3o se esque\u00e7a, tamb\u00e9m pode selecionar o tipo de vinho que prefere dentro da gama Bordado. Temos o Douro ou Branco &#8211; Souvignon Blanc. Para o ch\u00e1 pode opat Para isso basta escrever nas \u201cNotas de Encomenda\u201d quando colocar o seu cabaz no carrinho! Caso tenha d\u00favidas pode entrar em <\/i><a href=\"https:\/\/quintadosingleses.pt\/en\/contactos\/\">contact us<\/a>\u00a0.<i>We are always available!<\/i><\/p>\n<p>See more information about each product here:<br \/>\n<a href=\"https:\/\/quintadosingleses.pt\/en\/product\/q-i-pano-curado\/\" target=\"_blank\" rel=\"noopener noreferrer\">Small Q.I. Cured Cheese<\/a>\u00a0<strong>or<\/strong> <a href=\"https:\/\/quintadosingleses.pt\/en\/product\/queijo-flamengo-bola-junior\/\" target=\"_blank\" rel=\"noopener noreferrer\">Flamengo Cheese Jr.<\/a>, <a href=\"https:\/\/quintadosingleses.pt\/en\/categoria\/doces\/\" target=\"_blank\" rel=\"noopener noreferrer\">Jam<\/a>\u00a0<strong>or<\/strong> <a href=\"https:\/\/quintadosingleses.pt\/en\/product\/marmelada\/\" target=\"_blank\" rel=\"noopener noreferrer\">Marmalade<\/a>, Biscoitos <a href=\"https:\/\/loja.duriense.com\" target=\"_blank\" rel=\"noopener noreferrer\">Vinho e Canela<\/a>, Ch\u00e1 de <a href=\"https:\/\/www.saboral.pt\/\" target=\"_blank\" rel=\"noopener\">L\u00facia Lima <\/a>or <a href=\"https:\/\/www.saboral.pt\/\" target=\"_blank\" rel=\"noopener\">Cidreira<\/a>, Garrafa de <a href=\"https:\/\/quintadosingleses.pt\/en\/categoria\/vinhos\/\" target=\"_blank\" rel=\"noopener\">Bordado<\/a>.<\/p>","protected":false},"excerpt":{"rendered":"<p>Hamper \"<strong>Especial<\/strong>\" has:<\/p>\n<ul>\n<li>1 Queijo Curado Q.I. Pequeno 550gr.\u00a0<strong>or<\/strong>\u00a01 Queijo Bola Flamengo J\u00fanior 550gr.;<\/li>\n<li>Ch\u00e1 de L\u00facia Lima <strong>or<\/strong> Cidreira 50gr.<\/li>\n<li>1 Lata de Bolachas Duriense de Vinho e Canela 150gr.;<\/li>\n<li>1 Jam 240gr. \u00a0<strong>or<\/strong> 1 Marmelada 400gr. <i>(em rotura de stock!)<\/i>;<\/li>\n<li>1 Garrafa de vinho Bordado Branco <strong>or<\/strong> Douro\u00a075cl;<\/li>\n<\/ul>\n<p><strong>Creat special moments with Quinta dos Ingleses.<\/strong><\/p>\n<p><small>Note: Learn more about how to choose your favorite flavors in the description down blow.<br \/>\n<strong>Aten\u00e7\u00e3o<\/strong>: Encomendas a cima de 10 unidades, entre em contacto connosco atrav\u00e9s do email: geral@quintadosingleses.pt<\/small><\/p>","protected":false},"featured_media":11686,"comment_status":"open","ping_status":"closed","template":"","meta":[],"product_brand":[],"product_cat":[299],"product_tag":[181,182,177],"class_list":{"0":"post-10519","1":"product","2":"type-product","3":"status-publish","4":"has-post-thumbnail","6":"product_cat-cabazes-gourmet-da-quinta-dos-ingleses","7":"product_tag-cabaz","8":"product_tag-natal","9":"product_tag-quinta-dos-ingleses","12":"first","13":"instock","14":"shipping-taxable","15":"purchasable","16":"product-type-simple"},"yoast_head":"<!-- This site is optimized with the Yoast SEO plugin v24.7 - https:\/\/yoast.com\/wordpress\/plugins\/seo\/ -->\n<title>Cabaz Gourmet &quot;Especial&quot; - Quinta dos Ingleses<\/title>\n<meta name=\"description\" content=\"Este Natal surpreenda com prendas cheias de sabor numa caixinha requinta e pronta a oferecer! Est\u00e1 recheada de produtos caseiros, criados a pensar em si!\" \/>\n<meta name=\"robots\" content=\"index, follow, max-snippet:-1, max-image-preview:large, max-video-preview:-1\" \/>\n<link rel=\"canonical\" href=\"https:\/\/quintadosingleses.pt\/en\/product\/cabaz-gourmet-especial\/\" \/>\n<meta property=\"og:locale\" content=\"en_GB\" \/>\n<meta property=\"og:type\" content=\"article\" \/>\n<meta property=\"og:title\" content=\"Cabaz Gourmet &quot;Especial&quot; - Quinta dos Ingleses\" \/>\n<meta property=\"og:description\" content=\"Este Natal surpreenda com prendas cheias de sabor numa caixinha requinta e pronta a oferecer! Est\u00e1 recheada de produtos caseiros, criados a pensar em si!\" \/>\n<meta property=\"og:url\" content=\"https:\/\/quintadosingleses.pt\/en\/product\/cabaz-gourmet-especial\/\" \/>\n<meta property=\"og:site_name\" content=\"Quinta dos Ingleses\" \/>\n<meta property=\"article:modified_time\" content=\"2026-03-18T17:07:28+00:00\" \/>\n<meta property=\"og:image\" content=\"https:\/\/quintadosingleses.pt\/wp-content\/uploads\/2021\/02\/1_gr3.jpg\" \/>\n\t<meta property=\"og:image:width\" content=\"1920\" \/>\n\t<meta property=\"og:image:height\" content=\"1920\" \/>\n\t<meta property=\"og:image:type\" content=\"image\/jpeg\" \/>\n<meta name=\"twitter:card\" content=\"summary_large_image\" \/>\n<meta name=\"twitter:label1\" content=\"Estimated reading time\" \/>\n\t<meta name=\"twitter:data1\" content=\"2 minutes\" \/>\n<!-- \/ Yoast SEO plugin. -->","yoast_head_json":{"title":"Cabaz Gourmet \"Especial\" - Quinta dos Ingleses","description":"Este Natal surpreenda com prendas cheias de sabor numa caixinha requinta e pronta a oferecer! Est\u00e1 recheada de produtos caseiros, criados a pensar em si!","robots":{"index":"index","follow":"follow","max-snippet":"max-snippet:-1","max-image-preview":"max-image-preview:large","max-video-preview":"max-video-preview:-1"},"canonical":"https:\/\/quintadosingleses.pt\/en\/product\/cabaz-gourmet-especial\/","og_locale":"en_GB","og_type":"article","og_title":"Cabaz Gourmet \"Especial\" - Quinta dos Ingleses","og_description":"Este Natal surpreenda com prendas cheias de sabor numa caixinha requinta e pronta a oferecer! Est\u00e1 recheada de produtos caseiros, criados a pensar em si!","og_url":"https:\/\/quintadosingleses.pt\/en\/product\/cabaz-gourmet-especial\/","og_site_name":"Quinta dos Ingleses","article_modified_time":"2026-03-18T17:07:28+00:00","og_image":[{"width":1920,"height":1920,"url":"https:\/\/quintadosingleses.pt\/wp-content\/uploads\/2021\/02\/1_gr3.jpg","type":"image\/jpeg"}],"twitter_card":"summary_large_image","twitter_misc":{"Estimated reading time":"2 minutes"},"schema":{"@context":"https:\/\/schema.org","@graph":[{"@type":"WebPage","@id":"https:\/\/quintadosingleses.pt\/produto\/cabaz-gourmet-especial\/","url":"https:\/\/quintadosingleses.pt\/produto\/cabaz-gourmet-especial\/","name":"Cabaz Gourmet \"Especial\" - Quinta dos Ingleses","isPartOf":{"@id":"https:\/\/quintadosingleses.pt\/#website"},"primaryImageOfPage":{"@id":"https:\/\/quintadosingleses.pt\/produto\/cabaz-gourmet-especial\/#primaryimage"},"image":{"@id":"https:\/\/quintadosingleses.pt\/produto\/cabaz-gourmet-especial\/#primaryimage"},"thumbnailUrl":"https:\/\/quintadosingleses.pt\/wp-content\/uploads\/2021\/02\/1_gr3.jpg","datePublished":"2021-02-03T15:09:32+00:00","dateModified":"2026-03-18T17:07:28+00:00","description":"Este Natal surpreenda com prendas cheias de sabor numa caixinha requinta e pronta a oferecer! Est\u00e1 recheada de produtos caseiros, criados a pensar em si!","breadcrumb":{"@id":"https:\/\/quintadosingleses.pt\/produto\/cabaz-gourmet-especial\/#breadcrumb"},"inLanguage":"en-GB","potentialAction":[{"@type":"ReadAction","target":["https:\/\/quintadosingleses.pt\/produto\/cabaz-gourmet-especial\/"]}]},{"@type":"ImageObject","inLanguage":"en-GB","@id":"https:\/\/quintadosingleses.pt\/produto\/cabaz-gourmet-especial\/#primaryimage","url":"https:\/\/quintadosingleses.pt\/wp-content\/uploads\/2021\/02\/1_gr3.jpg","contentUrl":"https:\/\/quintadosingleses.pt\/wp-content\/uploads\/2021\/02\/1_gr3.jpg","width":1920,"height":1920},{"@type":"BreadcrumbList","@id":"https:\/\/quintadosingleses.pt\/produto\/cabaz-gourmet-especial\/#breadcrumb","itemListElement":[{"@type":"ListItem","position":1,"name":"In\u00edcio","item":"https:\/\/quintadosingleses.pt\/"},{"@type":"ListItem","position":2,"name":"Cat\u00e1logo","item":"https:\/\/quintadosingleses.pt\/catalogo\/"},{"@type":"ListItem","position":3,"name":"Cabaz Gourmet &#8220;Especial&#8221;"}]},{"@type":"WebSite","@id":"https:\/\/quintadosingleses.pt\/#website","url":"https:\/\/quintadosingleses.pt\/","name":"Quinta dos Ingleses","description":"Latic\u00ednios","publisher":{"@id":"https:\/\/quintadosingleses.pt\/#organization"},"potentialAction":[{"@type":"SearchAction","target":{"@type":"EntryPoint","urlTemplate":"https:\/\/quintadosingleses.pt\/?s={search_term_string}"},"query-input":{"@type":"PropertyValueSpecification","valueRequired":true,"valueName":"search_term_string"}}],"inLanguage":"en-GB"},{"@type":"Organization","@id":"https:\/\/quintadosingleses.pt\/#organization","name":"Quinta dos Ingleses","url":"https:\/\/quintadosingleses.pt\/","logo":{"@type":"ImageObject","inLanguage":"en-GB","@id":"https:\/\/quintadosingleses.pt\/#\/schema\/logo\/image\/","url":"https:\/\/quintadosingleses.pt\/wp-content\/uploads\/2019\/05\/logo55.png","contentUrl":"https:\/\/quintadosingleses.pt\/wp-content\/uploads\/2019\/05\/logo55.png","width":270,"height":100,"caption":"Quinta dos Ingleses"},"image":{"@id":"https:\/\/quintadosingleses.pt\/#\/schema\/logo\/image\/"}}]}},"_links":{"self":[{"href":"https:\/\/quintadosingleses.pt\/en\/wp-json\/wp\/v2\/product\/10519","targetHints":{"allow":["GET"]}}],"collection":[{"href":"https:\/\/quintadosingleses.pt\/en\/wp-json\/wp\/v2\/product"}],"about":[{"href":"https:\/\/quintadosingleses.pt\/en\/wp-json\/wp\/v2\/types\/product"}],"replies":[{"embeddable":true,"href":"https:\/\/quintadosingleses.pt\/en\/wp-json\/wp\/v2\/comments?post=10519"}],"wp:featuredmedia":[{"embeddable":true,"href":"https:\/\/quintadosingleses.pt\/en\/wp-json\/wp\/v2\/media\/11686"}],"wp:attachment":[{"href":"https:\/\/quintadosingleses.pt\/en\/wp-json\/wp\/v2\/media?parent=10519"}],"wp:term":[{"taxonomy":"product_brand","embeddable":true,"href":"https:\/\/quintadosingleses.pt\/en\/wp-json\/wp\/v2\/product_brand?post=10519"},{"taxonomy":"product_cat","embeddable":true,"href":"https:\/\/quintadosingleses.pt\/en\/wp-json\/wp\/v2\/product_cat?post=10519"},{"taxonomy":"product_tag","embeddable":true,"href":"https:\/\/quintadosingleses.pt\/en\/wp-json\/wp\/v2\/product_tag?post=10519"}],"curies":[{"name":"wp","href":"https:\/\/api.w.org\/{rel}","templated":true}]}}