{"id":10510,"date":"2021-01-28T17:23:51","date_gmt":"2021-01-28T17:23:51","guid":{"rendered":"https:\/\/quintadosingleses.pt\/?post_type=product&#038;p=10510"},"modified":"2024-02-06T10:41:18","modified_gmt":"2024-02-06T10:41:18","slug":"queijo-qi-quadrado-curado-com-caixa","status":"publish","type":"product","link":"https:\/\/quintadosingleses.pt\/en\/product\/queijo-qi-quadrado-curado-com-caixa\/","title":{"rendered":"Q.I. Square Cured Cheese"},"content":{"rendered":"<div class=\"page\" title=\"Page 4\">\n<div class=\"layoutArea\">\n<div class=\"column\">\n<p>The <a href=\"https:\/\/pt.wikipedia.org\/wiki\/Queijo\" target=\"_blank\" rel=\"noopener noreferrer\">Q.I. Square Cured Cheese<\/a>\u00a0of <strong>Quinta dos Ingleses<\/strong> its made with <a href=\"https:\/\/pt.wikipedia.org\/wiki\/Leite\" target=\"_blank\" rel=\"noopener noreferrer\">the best cow milk<\/a>\u00a0with a curing time of 20 to 25 days. That way it gains a pleasurable taste an aromatic smell and a buttery texture on your palate. The artisanal cheese gains more and more admirers as a appetizer, dessert or even with just glass of good <a href=\"https:\/\/quintadosingleses.pt\/en\/categoria\/vinhos\/\" target=\"_blank\" rel=\"noopener noreferrer\">wine<\/a>. Apresentamos o nosso queijo com uma caixa bonita e pronta a oferecer, ideal para ocasi\u00f5es especiais!<\/p>\n<\/div>\n<\/div>\n<\/div>","protected":false},"excerpt":{"rendered":"<p><strong>Ingredients:<\/strong><\/p>\n<p><strong>Pasteurized cow milk<\/strong><br \/>\n<strong>Fat matter<\/strong> +45% -60%; Sal;<br \/>\n<strong>Weight<\/strong>: aprox. 1.150 gr.<br \/>\n<strong>Conservation<\/strong>: between 04\u00ba &amp; 08\u00ba<br \/>\n<strong>Follow-up suggestion<\/strong>: Ideal with sweets, finger food as a dessert and also for a tasty snack.<\/p>","protected":false},"featured_media":10621,"comment_status":"open","ping_status":"closed","template":"","meta":[],"product_brand":[],"product_cat":[167],"product_tag":[281,183,177],"class_list":{"0":"post-10510","1":"product","2":"type-product","3":"status-publish","4":"has-post-thumbnail","6":"product_cat-queijos","7":"product_tag-q-i","8":"product_tag-queijo","9":"product_tag-quinta-dos-ingleses","12":"first","13":"outofstock","14":"shipping-taxable","15":"purchasable","16":"product-type-simple"},"yoast_head":"<!-- This site is optimized with the Yoast SEO plugin v24.7 - https:\/\/yoast.com\/wordpress\/plugins\/seo\/ -->\n<title>Queijo Q.I. Quadrado Curado - Quinta dos Ingleses<\/title>\n<meta name=\"description\" content=\"Queijo Q.I. curado, feito com Ieite de vaca. Sabor agrad\u00e1vel, arom\u00e1tico e de textura macia com uma caixinha bonita e pronta a oferecer em qualquer ocasi\u00e3o.\" \/>\n<meta name=\"robots\" content=\"index, follow, max-snippet:-1, max-image-preview:large, max-video-preview:-1\" \/>\n<link rel=\"canonical\" href=\"https:\/\/quintadosingleses.pt\/en\/product\/queijo-qi-quadrado-curado-com-caixa\/\" \/>\n<meta property=\"og:locale\" content=\"en_GB\" \/>\n<meta property=\"og:type\" content=\"article\" \/>\n<meta property=\"og:title\" content=\"Queijo Q.I. Quadrado Curado - Quinta dos Ingleses\" \/>\n<meta property=\"og:description\" content=\"Queijo Q.I. curado, feito com Ieite de vaca. Sabor agrad\u00e1vel, arom\u00e1tico e de textura macia com uma caixinha bonita e pronta a oferecer em qualquer ocasi\u00e3o.\" \/>\n<meta property=\"og:url\" content=\"https:\/\/quintadosingleses.pt\/en\/product\/queijo-qi-quadrado-curado-com-caixa\/\" \/>\n<meta property=\"og:site_name\" content=\"Quinta dos Ingleses\" \/>\n<meta property=\"article:modified_time\" content=\"2024-02-06T10:41:18+00:00\" \/>\n<meta property=\"og:image\" content=\"https:\/\/quintadosingleses.pt\/wp-content\/uploads\/2021\/01\/queijo_caixa_rgb.jpg\" \/>\n\t<meta property=\"og:image:width\" content=\"1080\" \/>\n\t<meta property=\"og:image:height\" content=\"1080\" \/>\n\t<meta property=\"og:image:type\" content=\"image\/jpeg\" \/>\n<meta name=\"twitter:card\" content=\"summary_large_image\" \/>\n<!-- \/ Yoast SEO plugin. -->","yoast_head_json":{"title":"Queijo Q.I. Quadrado Curado - Quinta dos Ingleses","description":"Queijo Q.I. curado, feito com Ieite de vaca. Sabor agrad\u00e1vel, arom\u00e1tico e de textura macia com uma caixinha bonita e pronta a oferecer em qualquer ocasi\u00e3o.","robots":{"index":"index","follow":"follow","max-snippet":"max-snippet:-1","max-image-preview":"max-image-preview:large","max-video-preview":"max-video-preview:-1"},"canonical":"https:\/\/quintadosingleses.pt\/en\/product\/queijo-qi-quadrado-curado-com-caixa\/","og_locale":"en_GB","og_type":"article","og_title":"Queijo Q.I. Quadrado Curado - Quinta dos Ingleses","og_description":"Queijo Q.I. curado, feito com Ieite de vaca. Sabor agrad\u00e1vel, arom\u00e1tico e de textura macia com uma caixinha bonita e pronta a oferecer em qualquer ocasi\u00e3o.","og_url":"https:\/\/quintadosingleses.pt\/en\/product\/queijo-qi-quadrado-curado-com-caixa\/","og_site_name":"Quinta dos Ingleses","article_modified_time":"2024-02-06T10:41:18+00:00","og_image":[{"width":1080,"height":1080,"url":"https:\/\/quintadosingleses.pt\/wp-content\/uploads\/2021\/01\/queijo_caixa_rgb.jpg","type":"image\/jpeg"}],"twitter_card":"summary_large_image","schema":{"@context":"https:\/\/schema.org","@graph":[{"@type":"WebPage","@id":"https:\/\/quintadosingleses.pt\/produto\/queijo-qi-quadrado-curado-com-caixa\/","url":"https:\/\/quintadosingleses.pt\/produto\/queijo-qi-quadrado-curado-com-caixa\/","name":"Queijo Q.I. Quadrado Curado - Quinta dos Ingleses","isPartOf":{"@id":"https:\/\/quintadosingleses.pt\/#website"},"primaryImageOfPage":{"@id":"https:\/\/quintadosingleses.pt\/produto\/queijo-qi-quadrado-curado-com-caixa\/#primaryimage"},"image":{"@id":"https:\/\/quintadosingleses.pt\/produto\/queijo-qi-quadrado-curado-com-caixa\/#primaryimage"},"thumbnailUrl":"https:\/\/quintadosingleses.pt\/wp-content\/uploads\/2021\/01\/queijo_caixa_rgb.jpg","datePublished":"2021-01-28T17:23:51+00:00","dateModified":"2024-02-06T10:41:18+00:00","description":"Queijo Q.I. curado, feito com Ieite de vaca. Sabor agrad\u00e1vel, arom\u00e1tico e de textura macia com uma caixinha bonita e pronta a oferecer em qualquer ocasi\u00e3o.","breadcrumb":{"@id":"https:\/\/quintadosingleses.pt\/produto\/queijo-qi-quadrado-curado-com-caixa\/#breadcrumb"},"inLanguage":"en-GB","potentialAction":[{"@type":"ReadAction","target":["https:\/\/quintadosingleses.pt\/produto\/queijo-qi-quadrado-curado-com-caixa\/"]}]},{"@type":"ImageObject","inLanguage":"en-GB","@id":"https:\/\/quintadosingleses.pt\/produto\/queijo-qi-quadrado-curado-com-caixa\/#primaryimage","url":"https:\/\/quintadosingleses.pt\/wp-content\/uploads\/2021\/01\/queijo_caixa_rgb.jpg","contentUrl":"https:\/\/quintadosingleses.pt\/wp-content\/uploads\/2021\/01\/queijo_caixa_rgb.jpg","width":1080,"height":1080},{"@type":"BreadcrumbList","@id":"https:\/\/quintadosingleses.pt\/produto\/queijo-qi-quadrado-curado-com-caixa\/#breadcrumb","itemListElement":[{"@type":"ListItem","position":1,"name":"In\u00edcio","item":"https:\/\/quintadosingleses.pt\/"},{"@type":"ListItem","position":2,"name":"Cat\u00e1logo","item":"https:\/\/quintadosingleses.pt\/catalogo\/"},{"@type":"ListItem","position":3,"name":"Queijo Q.I. Quadrado Curado"}]},{"@type":"WebSite","@id":"https:\/\/quintadosingleses.pt\/#website","url":"https:\/\/quintadosingleses.pt\/","name":"Quinta dos Ingleses","description":"Latic\u00ednios","publisher":{"@id":"https:\/\/quintadosingleses.pt\/#organization"},"potentialAction":[{"@type":"SearchAction","target":{"@type":"EntryPoint","urlTemplate":"https:\/\/quintadosingleses.pt\/?s={search_term_string}"},"query-input":{"@type":"PropertyValueSpecification","valueRequired":true,"valueName":"search_term_string"}}],"inLanguage":"en-GB"},{"@type":"Organization","@id":"https:\/\/quintadosingleses.pt\/#organization","name":"Quinta dos Ingleses","url":"https:\/\/quintadosingleses.pt\/","logo":{"@type":"ImageObject","inLanguage":"en-GB","@id":"https:\/\/quintadosingleses.pt\/#\/schema\/logo\/image\/","url":"https:\/\/quintadosingleses.pt\/wp-content\/uploads\/2019\/05\/logo55.png","contentUrl":"https:\/\/quintadosingleses.pt\/wp-content\/uploads\/2019\/05\/logo55.png","width":270,"height":100,"caption":"Quinta dos Ingleses"},"image":{"@id":"https:\/\/quintadosingleses.pt\/#\/schema\/logo\/image\/"}}]}},"_links":{"self":[{"href":"https:\/\/quintadosingleses.pt\/en\/wp-json\/wp\/v2\/product\/10510","targetHints":{"allow":["GET"]}}],"collection":[{"href":"https:\/\/quintadosingleses.pt\/en\/wp-json\/wp\/v2\/product"}],"about":[{"href":"https:\/\/quintadosingleses.pt\/en\/wp-json\/wp\/v2\/types\/product"}],"replies":[{"embeddable":true,"href":"https:\/\/quintadosingleses.pt\/en\/wp-json\/wp\/v2\/comments?post=10510"}],"wp:featuredmedia":[{"embeddable":true,"href":"https:\/\/quintadosingleses.pt\/en\/wp-json\/wp\/v2\/media\/10621"}],"wp:attachment":[{"href":"https:\/\/quintadosingleses.pt\/en\/wp-json\/wp\/v2\/media?parent=10510"}],"wp:term":[{"taxonomy":"product_brand","embeddable":true,"href":"https:\/\/quintadosingleses.pt\/en\/wp-json\/wp\/v2\/product_brand?post=10510"},{"taxonomy":"product_cat","embeddable":true,"href":"https:\/\/quintadosingleses.pt\/en\/wp-json\/wp\/v2\/product_cat?post=10510"},{"taxonomy":"product_tag","embeddable":true,"href":"https:\/\/quintadosingleses.pt\/en\/wp-json\/wp\/v2\/product_tag?post=10510"}],"curies":[{"name":"wp","href":"https:\/\/api.w.org\/{rel}","templated":true}]}}