{"id":10033,"date":"2020-04-25T17:04:19","date_gmt":"2020-04-25T17:04:19","guid":{"rendered":"https:\/\/quintadosingleses.pt\/?post_type=product&#038;p=10033"},"modified":"2026-03-19T15:53:13","modified_gmt":"2026-03-19T15:53:13","slug":"cabaz-gourmet-caixa-das-surpresas","status":"publish","type":"product","link":"https:\/\/quintadosingleses.pt\/en\/product\/cabaz-gourmet-caixa-das-surpresas\/","title":{"rendered":"Cabaz Gourmet &#8220;Caixa das Surpresas&#8221;"},"content":{"rendered":"<p>Gourmet Hamper \"<strong>Caixa das Surpresas<\/strong>&#8220;.<\/p>\n<p>This basket is full of\u00a0<strong>exquisite flavors<\/strong> <strong>made with love and dedication at Quinta dos Ingleses<\/strong>. Quando o abrir vai encontrar uma <strong>marmelada caseira <\/strong>ou uma<strong> Jam<\/strong> criada nas cozinhas da Quinta dos Ingleses em conjunto com um frasco de <strong>Honey<\/strong> delicioso e um saco de <strong>ch\u00e1<\/strong> de <strong>L\u00facia Lima<\/strong> ou de <strong>Cidreira <\/strong>&#8220;Saboral&#8221;. Para rematar, n\u00e3o poderia faltar um delicioso <strong>queijo Bola J\u00fanior Flamengo<\/strong> ou um<strong> Q.I. Amanteigado Pequeno<\/strong>. Assim, vai surpreender com uma prenda original, numa caixinha cheia de surpresas\u00a0saborosas. Demonstre o seu amor com muito sabor, e garantimos sucesso com prendas simples e deliciosas!<\/p>\n<p><i>Aten\u00e7\u00e3o: Pode optar entre 1 Marmelada caseira (rotura de stock!) <\/i><strong style=\"font-style: italic;\">or<\/strong><i>\u00a01\u00a0Compota de frutos da \u00e9poca,\u00a0Queijo Q.I.\u00a0Pequeno <strong>or<\/strong> Queijo Flamengo Bola J\u00fanior, Biscoitos de Chocolate <strong>or<\/strong> de Vinho do Porto e Canela. Para isso basta escrever nas \u201cNotas de Encomenda&#8221; a sua prefer\u00eancia, quando colocar o seu cabaz no carrinho de compras! Caso tenha d\u00favidas pode entrar em <\/i><a href=\"https:\/\/quintadosingleses.pt\/en\/contactos\/\">contact us<\/a>\u00a0.<i>We are always available!<\/i><\/p>\n<p>More information about the products here:<br \/>\n<a href=\"https:\/\/quintadosingleses.pt\/en\/product\/queijo-flamengo-bola-junior\/\">Round Flamengo J\u00fanior Cheese<\/a> or <a href=\"https:\/\/quintadosingleses.pt\/en\/product\/q-i-pano-curado\/\" target=\"_blank\" rel=\"noopener noreferrer\">Queijo Q.I. Amanteigado Pequeno<\/a>,\u00a0<a href=\"https:\/\/quintadosingleses.pt\/en\/product\/mel\/\" target=\"_blank\" rel=\"noopener noreferrer\">Honey<\/a>, <a href=\"https:\/\/quintadosingleses.pt\/en\/categoria\/doces\/\">Jam<\/a>, <a href=\"https:\/\/quintadosingleses.pt\/en\/categoria\/doces\/\">Marmalade<\/a> (rotura de stock!), <a href=\"https:\/\/www.saboral.pt\/\" target=\"_blank\" rel=\"noopener\">Ch\u00e1 de L\u00facia Lima<\/a> or <a href=\"https:\/\/www.saboral.pt\/\" target=\"_blank\" rel=\"noopener\">Cidreira<\/a>.<\/p>","protected":false},"excerpt":{"rendered":"<p>Hamper \"<strong>Caixa das\u00a0Surpresas<\/strong>\" has:<\/p>\n<ul>\n<li>1 Queijo Q.I. Pequeno 550gr. <strong>or<\/strong> Flamengo Bola J\u00fanior 500gr..;<\/li>\n<li>1 Frasco de Mel 500 gr.;<\/li>\n<li>1 Lata de Biscoitos\u00a0Vinho e Canela 150 gr.;<\/li>\n<li>1 Saco de Ch\u00e1 de L\u00facia Lima <strong>or<\/strong> Cidreira 50gr.;<\/li>\n<li>1 Frasco de Compota 240gr. <strong>or<\/strong> Marmelada 400gr. (rotura de stock!)<\/li>\n<\/ul>\n<p>Ofere\u00e7a uma<strong> caixinha recheada de surpresas saborosas<\/strong>!<\/p>\n<p><em><small>Note: Learn more about how to choose your favorite flavors in the description down blow.<br \/>\n<strong>Aten\u00e7\u00e3o<\/strong>: Encomendas a cima de 10 unidades, entre em contacto connosco atrav\u00e9s do email: geral@quintadosingleses.pt<\/small><\/em><\/p>","protected":false},"featured_media":11677,"comment_status":"open","ping_status":"closed","template":"","meta":[],"product_brand":[],"product_cat":[299],"product_tag":[181,296,304,183,177,174],"class_list":{"0":"post-10033","1":"product","2":"type-product","3":"status-publish","4":"has-post-thumbnail","6":"product_cat-cabazes-gourmet-da-quinta-dos-ingleses","7":"product_tag-cabaz","8":"product_tag-doce","9":"product_tag-gourmet","10":"product_tag-queijo","11":"product_tag-quinta-dos-ingleses","12":"product_tag-vinho","15":"first","16":"instock","17":"shipping-taxable","18":"purchasable","19":"product-type-simple"},"yoast_head":"<!-- This site is optimized with the Yoast SEO plugin v24.7 - https:\/\/yoast.com\/wordpress\/plugins\/seo\/ -->\n<title>Cabaz Gourmet &quot;Caixa das Surpresas&quot; - Quinta dos Ingleses<\/title>\n<meta name=\"description\" content=\"Veja aqui as op\u00e7\u00f5es que lhe sugerimos para que surpreenda alguem num dia especial! Entrega em casa dois dias ap\u00f3s encomenda! Demonstre o seu amor com sabor.\" \/>\n<meta name=\"robots\" content=\"index, follow, max-snippet:-1, max-image-preview:large, max-video-preview:-1\" \/>\n<link rel=\"canonical\" href=\"https:\/\/quintadosingleses.pt\/en\/product\/cabaz-gourmet-caixa-das-surpresas\/\" \/>\n<meta property=\"og:locale\" content=\"en_GB\" \/>\n<meta property=\"og:type\" content=\"article\" \/>\n<meta property=\"og:title\" content=\"Cabaz Gourmet &quot;Caixa das Surpresas&quot; - Quinta dos Ingleses\" \/>\n<meta property=\"og:description\" content=\"Veja aqui as op\u00e7\u00f5es que lhe sugerimos para que surpreenda alguem num dia especial! Entrega em casa dois dias ap\u00f3s encomenda! Demonstre o seu amor com sabor.\" \/>\n<meta property=\"og:url\" content=\"https:\/\/quintadosingleses.pt\/en\/product\/cabaz-gourmet-caixa-das-surpresas\/\" \/>\n<meta property=\"og:site_name\" content=\"Quinta dos Ingleses\" \/>\n<meta property=\"article:modified_time\" content=\"2026-03-19T15:53:13+00:00\" \/>\n<meta name=\"twitter:card\" content=\"summary_large_image\" \/>\n<meta name=\"twitter:image\" content=\"https:\/\/quintadosingleses.pt\/wp-content\/uploads\/2020\/04\/lancheira_1.jpg\" \/>\n<meta name=\"twitter:label1\" content=\"Estimated reading time\" \/>\n\t<meta name=\"twitter:data1\" content=\"2 minutes\" \/>\n<!-- \/ Yoast SEO plugin. -->","yoast_head_json":{"title":"Cabaz Gourmet \"Caixa das Surpresas\" - Quinta dos Ingleses","description":"Veja aqui as op\u00e7\u00f5es que lhe sugerimos para que surpreenda alguem num dia especial! Entrega em casa dois dias ap\u00f3s encomenda! Demonstre o seu amor com sabor.","robots":{"index":"index","follow":"follow","max-snippet":"max-snippet:-1","max-image-preview":"max-image-preview:large","max-video-preview":"max-video-preview:-1"},"canonical":"https:\/\/quintadosingleses.pt\/en\/product\/cabaz-gourmet-caixa-das-surpresas\/","og_locale":"en_GB","og_type":"article","og_title":"Cabaz Gourmet \"Caixa das Surpresas\" - Quinta dos Ingleses","og_description":"Veja aqui as op\u00e7\u00f5es que lhe sugerimos para que surpreenda alguem num dia especial! Entrega em casa dois dias ap\u00f3s encomenda! Demonstre o seu amor com sabor.","og_url":"https:\/\/quintadosingleses.pt\/en\/product\/cabaz-gourmet-caixa-das-surpresas\/","og_site_name":"Quinta dos Ingleses","article_modified_time":"2026-03-19T15:53:13+00:00","twitter_card":"summary_large_image","twitter_image":"https:\/\/quintadosingleses.pt\/wp-content\/uploads\/2020\/04\/lancheira_1.jpg","twitter_misc":{"Estimated reading time":"2 minutes"},"schema":{"@context":"https:\/\/schema.org","@graph":[{"@type":"WebPage","@id":"https:\/\/quintadosingleses.pt\/produto\/cabaz-gourmet-caixa-das-surpresas\/","url":"https:\/\/quintadosingleses.pt\/produto\/cabaz-gourmet-caixa-das-surpresas\/","name":"Cabaz Gourmet \"Caixa das Surpresas\" - Quinta dos Ingleses","isPartOf":{"@id":"https:\/\/quintadosingleses.pt\/#website"},"primaryImageOfPage":{"@id":"https:\/\/quintadosingleses.pt\/produto\/cabaz-gourmet-caixa-das-surpresas\/#primaryimage"},"image":{"@id":"https:\/\/quintadosingleses.pt\/produto\/cabaz-gourmet-caixa-das-surpresas\/#primaryimage"},"thumbnailUrl":"https:\/\/quintadosingleses.pt\/wp-content\/uploads\/2020\/04\/lancheira_1.jpg","datePublished":"2020-04-25T17:04:19+00:00","dateModified":"2026-03-19T15:53:13+00:00","description":"Veja aqui as op\u00e7\u00f5es que lhe sugerimos para que surpreenda alguem num dia especial! Entrega em casa dois dias ap\u00f3s encomenda! Demonstre o seu amor com sabor.","breadcrumb":{"@id":"https:\/\/quintadosingleses.pt\/produto\/cabaz-gourmet-caixa-das-surpresas\/#breadcrumb"},"inLanguage":"en-GB","potentialAction":[{"@type":"ReadAction","target":["https:\/\/quintadosingleses.pt\/produto\/cabaz-gourmet-caixa-das-surpresas\/"]}]},{"@type":"ImageObject","inLanguage":"en-GB","@id":"https:\/\/quintadosingleses.pt\/produto\/cabaz-gourmet-caixa-das-surpresas\/#primaryimage","url":"https:\/\/quintadosingleses.pt\/wp-content\/uploads\/2020\/04\/lancheira_1.jpg","contentUrl":"https:\/\/quintadosingleses.pt\/wp-content\/uploads\/2020\/04\/lancheira_1.jpg","width":1920,"height":1920},{"@type":"BreadcrumbList","@id":"https:\/\/quintadosingleses.pt\/produto\/cabaz-gourmet-caixa-das-surpresas\/#breadcrumb","itemListElement":[{"@type":"ListItem","position":1,"name":"In\u00edcio","item":"https:\/\/quintadosingleses.pt\/"},{"@type":"ListItem","position":2,"name":"Cat\u00e1logo","item":"https:\/\/quintadosingleses.pt\/catalogo\/"},{"@type":"ListItem","position":3,"name":"Cabaz Gourmet &#8220;Caixa das Surpresas&#8221;"}]},{"@type":"WebSite","@id":"https:\/\/quintadosingleses.pt\/#website","url":"https:\/\/quintadosingleses.pt\/","name":"Quinta dos Ingleses","description":"Latic\u00ednios","publisher":{"@id":"https:\/\/quintadosingleses.pt\/#organization"},"potentialAction":[{"@type":"SearchAction","target":{"@type":"EntryPoint","urlTemplate":"https:\/\/quintadosingleses.pt\/?s={search_term_string}"},"query-input":{"@type":"PropertyValueSpecification","valueRequired":true,"valueName":"search_term_string"}}],"inLanguage":"en-GB"},{"@type":"Organization","@id":"https:\/\/quintadosingleses.pt\/#organization","name":"Quinta dos Ingleses","url":"https:\/\/quintadosingleses.pt\/","logo":{"@type":"ImageObject","inLanguage":"en-GB","@id":"https:\/\/quintadosingleses.pt\/#\/schema\/logo\/image\/","url":"https:\/\/quintadosingleses.pt\/wp-content\/uploads\/2019\/05\/logo55.png","contentUrl":"https:\/\/quintadosingleses.pt\/wp-content\/uploads\/2019\/05\/logo55.png","width":270,"height":100,"caption":"Quinta dos Ingleses"},"image":{"@id":"https:\/\/quintadosingleses.pt\/#\/schema\/logo\/image\/"}}]}},"_links":{"self":[{"href":"https:\/\/quintadosingleses.pt\/en\/wp-json\/wp\/v2\/product\/10033","targetHints":{"allow":["GET"]}}],"collection":[{"href":"https:\/\/quintadosingleses.pt\/en\/wp-json\/wp\/v2\/product"}],"about":[{"href":"https:\/\/quintadosingleses.pt\/en\/wp-json\/wp\/v2\/types\/product"}],"replies":[{"embeddable":true,"href":"https:\/\/quintadosingleses.pt\/en\/wp-json\/wp\/v2\/comments?post=10033"}],"wp:featuredmedia":[{"embeddable":true,"href":"https:\/\/quintadosingleses.pt\/en\/wp-json\/wp\/v2\/media\/11677"}],"wp:attachment":[{"href":"https:\/\/quintadosingleses.pt\/en\/wp-json\/wp\/v2\/media?parent=10033"}],"wp:term":[{"taxonomy":"product_brand","embeddable":true,"href":"https:\/\/quintadosingleses.pt\/en\/wp-json\/wp\/v2\/product_brand?post=10033"},{"taxonomy":"product_cat","embeddable":true,"href":"https:\/\/quintadosingleses.pt\/en\/wp-json\/wp\/v2\/product_cat?post=10033"},{"taxonomy":"product_tag","embeddable":true,"href":"https:\/\/quintadosingleses.pt\/en\/wp-json\/wp\/v2\/product_tag?post=10033"}],"curies":[{"name":"wp","href":"https:\/\/api.w.org\/{rel}","templated":true}]}}