{"id":10024,"date":"2020-04-25T15:59:49","date_gmt":"2020-04-25T15:59:49","guid":{"rendered":"https:\/\/quintadosingleses.pt\/?post_type=product&#038;p=10024"},"modified":"2026-03-19T15:58:29","modified_gmt":"2026-03-19T15:58:29","slug":"cabaz-tradicao","status":"publish","type":"product","link":"https:\/\/quintadosingleses.pt\/en\/product\/cabaz-tradicao\/","title":{"rendered":"Cabaz Gourmet &#8220;Tradi\u00e7\u00e3o&#8221;"},"content":{"rendered":"<p>Cabaz Gourmet \u201c<strong>Tradi\u00e7\u00e3o<\/strong>\u201c.<\/p>\n<p>This basket is full of\u00a0<strong>exquisite flavors<\/strong> <strong>made with love and dedication at Quinta dos Ingleses<\/strong>. Delicie-se com produtos <strong>100% Portuguese\u00a0<\/strong>directly from Ca\u00edde de Rei. From the Bordado green wine to the cheese of Quinta dos Ingleses, this basket promises <strong>promises to take you directly to the traditional flavors of Portugal<\/strong>. For those who are far from home, or even for those who are here, we present to you an original box to offer and surprise the ones you love, which will bring you back to the traditional flavors of Portugal! <strong>Show your love with lots of flavor and we guarantee success with simple and delicious gifts!<\/strong><\/p>\n<p>See more information about each product here:<br \/>\n<a href=\"https:\/\/quintadosingleses.pt\/en\/product\/q-i-curado\/\">Queijo Curado Q.I.<\/a>, <a href=\"https:\/\/duriense.com\/produtos\" target=\"_blank\" rel=\"noopener\">Sortido Cl\u00e1ssico de Biscoitos &#8220;Duriense&#8221;<\/a>, <a href=\"https:\/\/quintadosingleses.pt\/en\/categoria\/vinhos\/\" target=\"_blank\" rel=\"noopener\">Vinhos Bordado Douro<\/a>, <a href=\"https:\/\/quintadosingleses.pt\/en\/categoria\/vinhos\/\" target=\"_blank\" rel=\"noopener\">Vinho Bordado Branco<\/a> Sauvignon Blanc.<\/p>","protected":false},"excerpt":{"rendered":"<p>Hamper \"<b>Tradi\u00e7\u00e3o<\/b>\" has:<\/p>\n<ul>\n<li>1 Queijo Curado Q.I. 1.250kg.;<\/li>\n<li>1 Pacote de Sortido de Biscoitos Cl\u00e1ssicos &#8220;Duriense&#8221; 200gr;;<\/li>\n<li>1 Garrafa de Vinho Bordado Branco Sauvignon Blanc 75cl.;<\/li>\n<li>1 Garrafa de Vinho Bordado Douro 75cl.<\/li>\n<\/ul>\n<p>Give <strong>flavors of Portugal<\/strong>!<\/p>\n<p><small>Note: Learn more about how to choose your favorite flavors in the description down blow.<\/small><\/p>","protected":false},"featured_media":11703,"comment_status":"open","ping_status":"closed","template":"","meta":[],"product_brand":[],"product_cat":[299],"product_tag":[181,296,304,183,177],"class_list":{"0":"post-10024","1":"product","2":"type-product","3":"status-publish","4":"has-post-thumbnail","6":"product_cat-cabazes-gourmet-da-quinta-dos-ingleses","7":"product_tag-cabaz","8":"product_tag-doce","9":"product_tag-gourmet","10":"product_tag-queijo","11":"product_tag-quinta-dos-ingleses","14":"first","15":"instock","16":"shipping-taxable","17":"purchasable","18":"product-type-simple"},"yoast_head":"<!-- This site is optimized with the Yoast SEO plugin v24.7 - https:\/\/yoast.com\/wordpress\/plugins\/seo\/ -->\n<title>Cabaz Gourmet &quot;Tradi\u00e7\u00e3o&quot; - Quinta dos Ingleses<\/title>\n<meta name=\"description\" content=\"Veja aqui as op\u00e7\u00f5es que sugerimos para surpreender algu\u00e9m numa data especial! Entrega em casa dois dias ap\u00f3s encomenda. Demonstre o seu amor com sabor!\" \/>\n<meta name=\"robots\" content=\"index, follow, max-snippet:-1, max-image-preview:large, max-video-preview:-1\" \/>\n<link rel=\"canonical\" href=\"https:\/\/quintadosingleses.pt\/en\/product\/cabaz-tradicao\/\" \/>\n<meta property=\"og:locale\" content=\"en_GB\" \/>\n<meta property=\"og:type\" content=\"article\" \/>\n<meta property=\"og:title\" content=\"Cabaz Gourmet &quot;Tradi\u00e7\u00e3o&quot; - Quinta dos Ingleses\" \/>\n<meta property=\"og:description\" content=\"Veja aqui as op\u00e7\u00f5es que sugerimos para surpreender algu\u00e9m numa data especial! Entrega em casa dois dias ap\u00f3s encomenda. Demonstre o seu amor com sabor!\" \/>\n<meta property=\"og:url\" content=\"https:\/\/quintadosingleses.pt\/en\/product\/cabaz-tradicao\/\" \/>\n<meta property=\"og:site_name\" content=\"Quinta dos Ingleses\" \/>\n<meta property=\"article:modified_time\" content=\"2026-03-19T15:58:29+00:00\" \/>\n<meta property=\"og:image\" content=\"https:\/\/quintadosingleses.pt\/wp-content\/uploads\/2020\/04\/2_gr9.jpg\" \/>\n\t<meta property=\"og:image:width\" content=\"1920\" \/>\n\t<meta property=\"og:image:height\" content=\"1920\" \/>\n\t<meta property=\"og:image:type\" content=\"image\/jpeg\" \/>\n<meta name=\"twitter:card\" content=\"summary_large_image\" \/>\n<meta name=\"twitter:label1\" content=\"Estimated reading time\" \/>\n\t<meta name=\"twitter:data1\" content=\"1 minute\" \/>\n<!-- \/ Yoast SEO plugin. -->","yoast_head_json":{"title":"Cabaz Gourmet \"Tradi\u00e7\u00e3o\" - Quinta dos Ingleses","description":"Veja aqui as op\u00e7\u00f5es que sugerimos para surpreender algu\u00e9m numa data especial! Entrega em casa dois dias ap\u00f3s encomenda. Demonstre o seu amor com sabor!","robots":{"index":"index","follow":"follow","max-snippet":"max-snippet:-1","max-image-preview":"max-image-preview:large","max-video-preview":"max-video-preview:-1"},"canonical":"https:\/\/quintadosingleses.pt\/en\/product\/cabaz-tradicao\/","og_locale":"en_GB","og_type":"article","og_title":"Cabaz Gourmet \"Tradi\u00e7\u00e3o\" - Quinta dos Ingleses","og_description":"Veja aqui as op\u00e7\u00f5es que sugerimos para surpreender algu\u00e9m numa data especial! Entrega em casa dois dias ap\u00f3s encomenda. Demonstre o seu amor com sabor!","og_url":"https:\/\/quintadosingleses.pt\/en\/product\/cabaz-tradicao\/","og_site_name":"Quinta dos Ingleses","article_modified_time":"2026-03-19T15:58:29+00:00","og_image":[{"width":1920,"height":1920,"url":"https:\/\/quintadosingleses.pt\/wp-content\/uploads\/2020\/04\/2_gr9.jpg","type":"image\/jpeg"}],"twitter_card":"summary_large_image","twitter_misc":{"Estimated reading time":"1 minute"},"schema":{"@context":"https:\/\/schema.org","@graph":[{"@type":"WebPage","@id":"https:\/\/quintadosingleses.pt\/produto\/cabaz-tradicao\/","url":"https:\/\/quintadosingleses.pt\/produto\/cabaz-tradicao\/","name":"Cabaz Gourmet \"Tradi\u00e7\u00e3o\" - Quinta dos Ingleses","isPartOf":{"@id":"https:\/\/quintadosingleses.pt\/#website"},"primaryImageOfPage":{"@id":"https:\/\/quintadosingleses.pt\/produto\/cabaz-tradicao\/#primaryimage"},"image":{"@id":"https:\/\/quintadosingleses.pt\/produto\/cabaz-tradicao\/#primaryimage"},"thumbnailUrl":"https:\/\/quintadosingleses.pt\/wp-content\/uploads\/2020\/04\/2_gr9.jpg","datePublished":"2020-04-25T15:59:49+00:00","dateModified":"2026-03-19T15:58:29+00:00","description":"Veja aqui as op\u00e7\u00f5es que sugerimos para surpreender algu\u00e9m numa data especial! Entrega em casa dois dias ap\u00f3s encomenda. Demonstre o seu amor com sabor!","breadcrumb":{"@id":"https:\/\/quintadosingleses.pt\/produto\/cabaz-tradicao\/#breadcrumb"},"inLanguage":"en-GB","potentialAction":[{"@type":"ReadAction","target":["https:\/\/quintadosingleses.pt\/produto\/cabaz-tradicao\/"]}]},{"@type":"ImageObject","inLanguage":"en-GB","@id":"https:\/\/quintadosingleses.pt\/produto\/cabaz-tradicao\/#primaryimage","url":"https:\/\/quintadosingleses.pt\/wp-content\/uploads\/2020\/04\/2_gr9.jpg","contentUrl":"https:\/\/quintadosingleses.pt\/wp-content\/uploads\/2020\/04\/2_gr9.jpg","width":1920,"height":1920},{"@type":"BreadcrumbList","@id":"https:\/\/quintadosingleses.pt\/produto\/cabaz-tradicao\/#breadcrumb","itemListElement":[{"@type":"ListItem","position":1,"name":"In\u00edcio","item":"https:\/\/quintadosingleses.pt\/"},{"@type":"ListItem","position":2,"name":"Cat\u00e1logo","item":"https:\/\/quintadosingleses.pt\/catalogo\/"},{"@type":"ListItem","position":3,"name":"Cabaz Gourmet &#8220;Tradi\u00e7\u00e3o&#8221;"}]},{"@type":"WebSite","@id":"https:\/\/quintadosingleses.pt\/#website","url":"https:\/\/quintadosingleses.pt\/","name":"Quinta dos Ingleses","description":"Latic\u00ednios","publisher":{"@id":"https:\/\/quintadosingleses.pt\/#organization"},"potentialAction":[{"@type":"SearchAction","target":{"@type":"EntryPoint","urlTemplate":"https:\/\/quintadosingleses.pt\/?s={search_term_string}"},"query-input":{"@type":"PropertyValueSpecification","valueRequired":true,"valueName":"search_term_string"}}],"inLanguage":"en-GB"},{"@type":"Organization","@id":"https:\/\/quintadosingleses.pt\/#organization","name":"Quinta dos Ingleses","url":"https:\/\/quintadosingleses.pt\/","logo":{"@type":"ImageObject","inLanguage":"en-GB","@id":"https:\/\/quintadosingleses.pt\/#\/schema\/logo\/image\/","url":"https:\/\/quintadosingleses.pt\/wp-content\/uploads\/2019\/05\/logo55.png","contentUrl":"https:\/\/quintadosingleses.pt\/wp-content\/uploads\/2019\/05\/logo55.png","width":270,"height":100,"caption":"Quinta dos Ingleses"},"image":{"@id":"https:\/\/quintadosingleses.pt\/#\/schema\/logo\/image\/"}}]}},"_links":{"self":[{"href":"https:\/\/quintadosingleses.pt\/en\/wp-json\/wp\/v2\/product\/10024","targetHints":{"allow":["GET"]}}],"collection":[{"href":"https:\/\/quintadosingleses.pt\/en\/wp-json\/wp\/v2\/product"}],"about":[{"href":"https:\/\/quintadosingleses.pt\/en\/wp-json\/wp\/v2\/types\/product"}],"replies":[{"embeddable":true,"href":"https:\/\/quintadosingleses.pt\/en\/wp-json\/wp\/v2\/comments?post=10024"}],"wp:featuredmedia":[{"embeddable":true,"href":"https:\/\/quintadosingleses.pt\/en\/wp-json\/wp\/v2\/media\/11703"}],"wp:attachment":[{"href":"https:\/\/quintadosingleses.pt\/en\/wp-json\/wp\/v2\/media?parent=10024"}],"wp:term":[{"taxonomy":"product_brand","embeddable":true,"href":"https:\/\/quintadosingleses.pt\/en\/wp-json\/wp\/v2\/product_brand?post=10024"},{"taxonomy":"product_cat","embeddable":true,"href":"https:\/\/quintadosingleses.pt\/en\/wp-json\/wp\/v2\/product_cat?post=10024"},{"taxonomy":"product_tag","embeddable":true,"href":"https:\/\/quintadosingleses.pt\/en\/wp-json\/wp\/v2\/product_tag?post=10024"}],"curies":[{"name":"wp","href":"https:\/\/api.w.org\/{rel}","templated":true}]}}