{"id":9216,"date":"2019-05-24T09:36:19","date_gmt":"2019-05-24T09:36:19","guid":{"rendered":"https:\/\/registarmarcas.pt\/?page_id=9216"},"modified":"2020-04-02T12:16:50","modified_gmt":"2020-04-02T12:16:50","slug":"politica-de-privacidade","status":"publish","type":"page","link":"https:\/\/quintadosingleses.pt\/en\/politica-de-privacidade\/","title":{"rendered":"Privacy Policy"},"content":{"rendered":"<div class=\"wpb-container vc_row wpb_row vc_row-fluid\"><div class=\"container\"><div class=\"row\"><div class=\"wpb_column vc_column_container vc_col-sm-12\"><div class=\"vc_column-inner\"><div class=\"wpb_wrapper\">\n\t<div class=\"wpb_text_column wpb_content_element\" >\n\t\t<div class=\"wpb_wrapper\">\n\t\t\t<div class=\"entry-content\">\n<div class=\"elementor elementor-1675\" data-elementor-type=\"post\" data-elementor-id=\"1675\" data-elementor-settings=\"&#091;&#093;\">\n<div class=\"elementor-inner\">\n<div class=\"elementor-section-wrap\">\n<section class=\"elementor-element elementor-element-17ea974 elementor-section-boxed elementor-section-height-default elementor-section-height-default elementor-section elementor-top-section\" data-id=\"17ea974\" data-element_type=\"section\">\n<div class=\"elementor-container elementor-column-gap-default\">\n<div class=\"elementor-row\">\n<div class=\"elementor-element elementor-element-4e801dc elementor-column elementor-col-100 elementor-top-column\" data-id=\"4e801dc\" data-element_type=\"column\">\n<div class=\"elementor-column-wrap elementor-element-populated\">\n<div class=\"elementor-widget-wrap\">\n<div class=\"elementor-element elementor-element-da2601b elementor-widget elementor-widget-heading\" data-id=\"da2601b\" data-element_type=\"widget\" data-widget_type=\"heading.default\">\n<div class=\"elementor-widget-container\">\n<h3><\/h3>\n<h3 class=\"elementor-heading-title elementor-size-default\">Privacy Policy<\/h3>\n<p>&nbsp;<\/p>\n<\/div>\n<\/div>\n<div class=\"elementor-element elementor-element-575e2e3 elementor-widget elementor-widget-text-editor\" data-id=\"575e2e3\" data-element_type=\"widget\" data-widget_type=\"text-editor.default\">\n<div class=\"elementor-widget-container\">\n<div class=\"elementor-text-editor elementor-clearfix\">\n<p>O \u201cwebsite\u201d www.quintadosingleses.pt \u00e9 propriedade da <i>Quinta dos Ingleses Agro Ind\u00fastria, Lda<\/i>.<\/p>\n<p>- <i>Quinta dos Ingleses Agro Ind\u00fastria, Lda, com o\u00a0 n\u00famero de identifica\u00e7\u00e3o fiscal 502636955, <\/i>respeita a sua privacidade e compromete-se a proteg\u00ea-la. Para esse efeito, chamamos a sua aten\u00e7\u00e3o para esta Nota de Privacidade, que fornece informa\u00e7\u00e3o acerca da nossa Pol\u00edtica de Privacidade, pr\u00e1ticas e escolhas que poder\u00e1 fazer sobre o modo de recolha de informa\u00e7\u00e3o \u201conline\u201d e como essa informa\u00e7\u00e3o poder\u00e1 ser usada. Este \u201cwebsite\u201d rege-se pelas leis de Portugal. Os tribunais portugueses ter\u00e3o jurisdi\u00e7\u00e3o exclusiva sobre qualquer disputa proveniente da utiliza\u00e7\u00e3o deste \u201cwebsite\u201d.<\/p>\n<p><strong>1. Dados recolhidos automaticamente<\/strong><\/p>\n<p>Os dom\u00ednios e endere\u00e7os de IP dos visitantes s\u00e3o registados automaticamente. Esta informa\u00e7\u00e3o n\u00e3o identifica o utilizador, mas apenas o computador utilizado no acesso ao site. Estes dados s\u00e3o analisados a n\u00edvel global para verificar em que s\u00edtio do mundo \u00e9 que o site est\u00e1 a ser utilizado, por forma a assegurar a sua cobertura e para permitir que o nosso servi\u00e7o ao utilizador possa ser melhorado. Os dados pessoais de cada utilizador n\u00e3o s\u00e3o objeto de recolha e an\u00e1lise neste processo.<\/p>\n<p><strong>2. Cookies<\/strong><\/p>\n<p>Para recolher a informa\u00e7\u00e3o referida no ponto 1, poder\u00e3o ser utilizados \u201ccookies\u201d tempor\u00e1rios que ficar\u00e3o no ficheiro de \u201ccookies\u201d do programa de navega\u00e7\u00e3o do utilizador at\u00e9 que o mesmo seja encerrado. Os \u201ccookies\u201d por si s\u00f3 n\u00e3o servem para identificar o utilizador. O \u201ccookie\u201d \u00e9 um pequeno peda\u00e7o de informa\u00e7\u00e3o enviada para o servidor do utilizador e arquivada no disco duro do seu computador, n\u00e3o causando qualquer dano ao mesmo. O utilizador poder\u00e1 programar o seu programa de navega\u00e7\u00e3o por forma a ser notificado sempre que receber um \u201ccookie\u201d, para que possa optar por aceit\u00e1-lo ou rejeit\u00e1-lo.<br \/>\n\u00c9 utilizado o endere\u00e7o IP do utilizador para ajudar a diagnosticar problemas com o seu servidor e para administrar o \u201cwebsite\u201d www.quintadosingleses.pt. O endere\u00e7o IP \u00e9 um c\u00f3digo num\u00e9rico que identifica um computador na rede\/Internet. O endere\u00e7o IP do utilizador \u00e9 tamb\u00e9m utilizado para recolher informa\u00e7\u00e3o demogr\u00e1fica. Poderemos tamb\u00e9m proceder a pesquisas de IP para determinar de que dom\u00ednio o utilizador partiu (i.e.: aol.com, asuaempresa.com) para melhor aferir os dados demogr\u00e1ficos do utilizador.<\/p>\n<p><strong>3. Recolha e tratamento de dados pessoais<\/strong><\/p>\n<p>A presente Pol\u00edtica de Privacidade regula a recolha de dados pessoais e o seu posterior tratamento, bem como o exerc\u00edcio dos seus direitos do seu titular nos termos do Regulamento Geral sobre Prote\u00e7\u00e3o de Dados (RGPD).<br \/>\nOs dados recolhidos ser\u00e3o processados e armazenados informaticamente pela entidade respons\u00e1vel pelo tratamento \u2013 a <i>Quinta dos Ingleses Agro Ind\u00fastria, Lda<\/i>.<br \/>\nEstes dados ser\u00e3o tratados de forma confidencial e ser\u00e3o utilizados para tratamento das Encomendas.<br \/>\nO tratamento dos dados recolhidos \u00e9 necess\u00e1rio para o prosseguimento das atividades principais e acess\u00f3rias dos respons\u00e1veis pelo tratamento e explicitamente indicadas nos formul\u00e1rios de recolha de informa\u00e7\u00e3o.<\/p>\n<p><strong>4. Acesso aos dados pessoais<\/strong><\/p>\n<p>Nos termos da legisla\u00e7\u00e3o aplic\u00e1vel, o titular dos dados pessoais poder\u00e1 solicitar o acesso, atualiza\u00e7\u00e3o, corre\u00e7\u00e3o, suspens\u00e3o e elimina\u00e7\u00e3o dos dados que lhe dizem respeito, ou opor-se ao seu tratamento, bem como exercer o direito de portabilidade, pessoalmente, por carta ou por correio eletr\u00f3nico para:<\/p>\n<p><i>Quinta dos Ingleses Agro Ind\u00fastria, Lda<\/i><\/p>\n<p>Morada: <i>Rua Quinta dos Ingleses, N.\u00ba 1<br \/>\n<\/i><i>4620 &#8211; 073 Lousada<\/i><br \/>\nEmail: geral@quintadosingleses.pt<\/p>\n<p>Caso o titular dos dados entenda que o tratamento dos dados pessoais que lhe digam respeito viola o RGPD, pode apresentar reclama\u00e7\u00e3o junto da Autoridade Nacional de Controlo.<\/p>\n<p><strong>5. Cumprimento\/conformidade de privacidade<\/strong><\/p>\n<p>A presente pol\u00edtica de privacidade regula a recolha e o posterior tratamento dos dados pessoais recolhidos junto do seu titular bem como o exerc\u00edcio dos seus direitos nos termos do Regulamento Geral sobre Prote\u00e7\u00e3o de Dados (RGPD). A legisla\u00e7\u00e3o de prote\u00e7\u00e3o de dados est\u00e1 sujeita a revis\u00e3o, pelo que recomendamos ao utilizador a consulta regular da nossa declara\u00e7\u00e3o de privacidade.<\/p>\n<p><strong>6. Hyperlinks<\/strong><\/p>\n<p>O \u201cwebsite\u201d da\u00a0<i>Quinta dos Ingleses Agro Ind\u00fastria, Lda <\/i>poder\u00e1 fornecer \u201clinks\u201d para \u201csites\u201d externos para sua conveni\u00eancia e informa\u00e7\u00e3o. Ao aceder a esses \u201clinks\u201d sair\u00e1 do site da <i>Quinta dos Ingleses Agro Ind\u00fastria, Lda<\/i>. A\u00a0<i>Quinta dos Ingleses Agro Ind\u00fastria, Lda <\/i>n\u00e3o controla esses sites nem as suas pol\u00edticas de privacidade, que poder\u00e3o ser diferentes das <i>Quinta dos Ingleses Agro Ind\u00fastria, Lda<\/i>.\u00a0<i>Quinta dos Ingleses Agro Ind\u00fastria, Lda <\/i>n\u00e3o aprova nem representa estes sites. A Declara\u00e7\u00e3o de Privacidade da <i>Quinta dos Ingleses Agro Ind\u00fastria, Lda<\/i>. n\u00e3o cobre os dados pessoais eventualmente cedidos pelo utilizador para sites externos \u00e0 <i>Quinta dos Ingleses Agro Ind\u00fastria, Lda<\/i>.<\/p>\n<p>Recomendamos-lhe que reveja as pol\u00edticas de privacidade de qualquer companhia antes de submeter a sua informa\u00e7\u00e3o pessoal. Algumas companhias externas poder\u00e3o escolher partilhar a sua informa\u00e7\u00e3o pessoal com a <i>Quinta dos Ingleses Agro Ind\u00fastria, Lda<\/i>, pelo que esta partilha ser\u00e1 regida pela pol\u00edtica de privacidade dessa companhia.<\/p>\n<p><strong>7. Propriedade e Acesso<\/strong><\/p>\n<p>Todo o conte\u00fado deste site (textos, imagens, marcas e log\u00f3tipos) \u00e9 propriedade intelectual da empresa <i>Quinta dos Ingleses Agro Ind\u00fastria, Lda<\/i>. \u00c9 proibida a c\u00f3pia, reprodu\u00e7\u00e3o, modifica\u00e7\u00e3o ou difus\u00e3o do conte\u00fado deste site sem uma permiss\u00e3o por escrito da <i>Quinta dos Ingleses Agro Ind\u00fastria, Lda<\/i>. A\u00a0<i>Quinta dos Ingleses Agro Ind\u00fastria, Lda <\/i>permite o livre acesso, sem custos, a este site, com o objetivo de proporcionar informa\u00e7\u00e3o sobre a nossa empresa e o trabalho que temos desenvolvido para os nossos clientes.<\/p>\n<p><strong>8. Seguran\u00e7a<\/strong><\/p>\n<p>- <i>Quinta dos Ingleses Agro Ind\u00fastria, Lda<\/i> utiliza medidas de seguran\u00e7a a n\u00edvel t\u00e9cnico e organizativo para proteger contra manipula\u00e7\u00e3o, extravio, destrui\u00e7\u00e3o e acesso n\u00e3o autorizado aos dados por si concedidos e administrados pela <i>Quinta dos Ingleses Agro Ind\u00fastria, Lda<\/i>. As medidas de seguran\u00e7a adotadas s\u00e3o constantemente otimizadas, de acordo com os avan\u00e7os tecnol\u00f3gicos mais recentes.<\/p>\n<p><strong>9. Lei e jurisdi\u00e7\u00e3o<\/strong><\/p>\n<p>Este site foi criado e est\u00e1 em funcionamento de acordo com as leis portuguesas. O uso deste site est\u00e1 sujeito \u00e0 aceita\u00e7\u00e3o destas regras e de outros termos e condi\u00e7\u00f5es que venham a ser adotados.<br \/>\nQualquer lit\u00edgio que envolva a <i>Quinta dos Ingleses Agro Ind\u00fastria, Lda<\/i>, no \u00e2mbito deste site ser\u00e1 regulado pela legisla\u00e7\u00e3o em vigor, sendo competentes, unicamente, os tribunais portugueses.<br \/>\n<strong><br \/>\n10. Altera\u00e7\u00f5es<\/strong><\/p>\n<p>- <i>Quinta dos Ingleses Agro Ind\u00fastria, Lda<\/i>, reserva-se o direito de atualizar ocasionalmente a sua pol\u00edtica de privacidade. Sempre que o fizermos, divulgaremos a data da \u00faltima atualiza\u00e7\u00e3o.<br \/>\n-\u00a0<i>Quinta dos Ingleses Agro Ind\u00fastria, Lda <\/i>reserva-se ainda o direito de suspender o acesso a este site sem qualquer aviso pr\u00e9vio.<\/p>\n<p>Data da \u00faltima revis\u00e3o: 11\/03\/2020<\/p>\n<\/div>\n<\/div>\n<\/div>\n<\/div>\n<\/div>\n<\/div>\n<\/div>\n<\/div>\n<\/section>\n<\/div>\n<\/div>\n<\/div>\n<\/div>\n\n\t\t<\/div>\n\t<\/div>\n<\/div><\/div><\/div><\/div><\/div><\/div>","protected":false},"excerpt":{"rendered":"Pol\u00edtica de Privacidade &nbsp; O \u201cwebsite\u201d www.quintadosingleses.pt \u00e9 propriedade da Quinta dos Ingleses Agro Ind\u00fastria, Lda. A Quinta dos Ingleses Agro Ind\u00fastria, Lda, com o\u00a0 n\u00famero de identifica\u00e7\u00e3o fiscal 502636955, respeita a sua privacidade e compromete-se a proteg\u00ea-la. Para esse efeito, chamamos a sua aten\u00e7\u00e3o para esta Nota de Privacidade, que fornece informa\u00e7\u00e3o acerca da &hellip; <a href=\"https:\/\/quintadosingleses.pt\/en\/politica-de-privacidade\/\" class=\"more-link\">Continue reading <span class=\"screen-reader-text\">Privacy Policy<\/span><span class=\"meta-nav\">&rarr;<\/span><\/a>","protected":false},"author":1,"featured_media":0,"parent":0,"menu_order":0,"comment_status":"closed","ping_status":"closed","template":"","meta":{"footnotes":""},"class_list":["post-9216","page","type-page","status-publish","hentry"],"yoast_head":"<!-- This site is optimized with the Yoast SEO plugin v24.7 - https:\/\/yoast.com\/wordpress\/plugins\/seo\/ -->\n<title>Pol\u00edtica de Privacidade - Quinta dos Ingleses<\/title>\n<meta name=\"description\" content=\"Pol\u00edtica de Privacidade - Quinta dos Ingleses\" \/>\n<meta name=\"robots\" content=\"index, follow, max-snippet:-1, max-image-preview:large, max-video-preview:-1\" \/>\n<link rel=\"canonical\" href=\"https:\/\/quintadosingleses.pt\/en\/politica-de-privacidade\/\" \/>\n<meta property=\"og:locale\" content=\"en_GB\" \/>\n<meta property=\"og:type\" content=\"article\" \/>\n<meta property=\"og:title\" content=\"Pol\u00edtica de Privacidade - Quinta dos Ingleses\" \/>\n<meta property=\"og:description\" content=\"Pol\u00edtica de Privacidade - Quinta dos Ingleses\" \/>\n<meta property=\"og:url\" content=\"https:\/\/quintadosingleses.pt\/en\/politica-de-privacidade\/\" \/>\n<meta property=\"og:site_name\" content=\"Quinta dos Ingleses\" \/>\n<meta property=\"article:modified_time\" content=\"2020-04-02T12:16:50+00:00\" \/>\n<meta name=\"twitter:card\" content=\"summary_large_image\" \/>\n<meta name=\"twitter:label1\" content=\"Estimated reading time\" \/>\n\t<meta name=\"twitter:data1\" content=\"6 minutes\" \/>\n<!-- \/ Yoast SEO plugin. -->","yoast_head_json":{"title":"Pol\u00edtica de Privacidade - Quinta dos Ingleses","description":"Pol\u00edtica de Privacidade - Quinta dos Ingleses","robots":{"index":"index","follow":"follow","max-snippet":"max-snippet:-1","max-image-preview":"max-image-preview:large","max-video-preview":"max-video-preview:-1"},"canonical":"https:\/\/quintadosingleses.pt\/en\/politica-de-privacidade\/","og_locale":"en_GB","og_type":"article","og_title":"Pol\u00edtica de Privacidade - Quinta dos Ingleses","og_description":"Pol\u00edtica de Privacidade - Quinta dos Ingleses","og_url":"https:\/\/quintadosingleses.pt\/en\/politica-de-privacidade\/","og_site_name":"Quinta dos Ingleses","article_modified_time":"2020-04-02T12:16:50+00:00","twitter_card":"summary_large_image","twitter_misc":{"Estimated reading time":"6 minutes"},"schema":{"@context":"https:\/\/schema.org","@graph":[{"@type":"WebPage","@id":"https:\/\/quintadosingleses.pt\/politica-de-privacidade\/","url":"https:\/\/quintadosingleses.pt\/politica-de-privacidade\/","name":"Pol\u00edtica de Privacidade - Quinta dos Ingleses","isPartOf":{"@id":"https:\/\/quintadosingleses.pt\/#website"},"datePublished":"2019-05-24T09:36:19+00:00","dateModified":"2020-04-02T12:16:50+00:00","description":"Pol\u00edtica de Privacidade - Quinta dos Ingleses","breadcrumb":{"@id":"https:\/\/quintadosingleses.pt\/politica-de-privacidade\/#breadcrumb"},"inLanguage":"en-GB","potentialAction":[{"@type":"ReadAction","target":["https:\/\/quintadosingleses.pt\/politica-de-privacidade\/"]}]},{"@type":"BreadcrumbList","@id":"https:\/\/quintadosingleses.pt\/politica-de-privacidade\/#breadcrumb","itemListElement":[{"@type":"ListItem","position":1,"name":"In\u00edcio","item":"https:\/\/quintadosingleses.pt\/"},{"@type":"ListItem","position":2,"name":"Pol\u00edtica de Privacidade"}]},{"@type":"WebSite","@id":"https:\/\/quintadosingleses.pt\/#website","url":"https:\/\/quintadosingleses.pt\/","name":"Quinta dos Ingleses","description":"Latic\u00ednios","publisher":{"@id":"https:\/\/quintadosingleses.pt\/#organization"},"potentialAction":[{"@type":"SearchAction","target":{"@type":"EntryPoint","urlTemplate":"https:\/\/quintadosingleses.pt\/?s={search_term_string}"},"query-input":{"@type":"PropertyValueSpecification","valueRequired":true,"valueName":"search_term_string"}}],"inLanguage":"en-GB"},{"@type":"Organization","@id":"https:\/\/quintadosingleses.pt\/#organization","name":"Quinta dos Ingleses","url":"https:\/\/quintadosingleses.pt\/","logo":{"@type":"ImageObject","inLanguage":"en-GB","@id":"https:\/\/quintadosingleses.pt\/#\/schema\/logo\/image\/","url":"https:\/\/quintadosingleses.pt\/wp-content\/uploads\/2019\/05\/logo55.png","contentUrl":"https:\/\/quintadosingleses.pt\/wp-content\/uploads\/2019\/05\/logo55.png","width":270,"height":100,"caption":"Quinta dos Ingleses"},"image":{"@id":"https:\/\/quintadosingleses.pt\/#\/schema\/logo\/image\/"}}]}},"_links":{"self":[{"href":"https:\/\/quintadosingleses.pt\/en\/wp-json\/wp\/v2\/pages\/9216","targetHints":{"allow":["GET"]}}],"collection":[{"href":"https:\/\/quintadosingleses.pt\/en\/wp-json\/wp\/v2\/pages"}],"about":[{"href":"https:\/\/quintadosingleses.pt\/en\/wp-json\/wp\/v2\/types\/page"}],"author":[{"embeddable":true,"href":"https:\/\/quintadosingleses.pt\/en\/wp-json\/wp\/v2\/users\/1"}],"replies":[{"embeddable":true,"href":"https:\/\/quintadosingleses.pt\/en\/wp-json\/wp\/v2\/comments?post=9216"}],"version-history":[{"count":3,"href":"https:\/\/quintadosingleses.pt\/en\/wp-json\/wp\/v2\/pages\/9216\/revisions"}],"predecessor-version":[{"id":9946,"href":"https:\/\/quintadosingleses.pt\/en\/wp-json\/wp\/v2\/pages\/9216\/revisions\/9946"}],"wp:attachment":[{"href":"https:\/\/quintadosingleses.pt\/en\/wp-json\/wp\/v2\/media?parent=9216"}],"curies":[{"name":"wp","href":"https:\/\/api.w.org\/{rel}","templated":true}]}}