{"id":8648,"date":"2018-02-06T07:02:13","date_gmt":"2018-02-06T07:02:13","guid":{"rendered":"http:\/\/demo3.wpopal.com\/royanwine\/?page_id=8648"},"modified":"2025-07-30T11:56:03","modified_gmt":"2025-07-30T11:56:03","slug":"servicos","status":"publish","type":"page","link":"https:\/\/quintadosingleses.pt\/en\/servicos\/","title":{"rendered":"Services"},"content":{"rendered":"<div class=\"wpb-container vc_row wpb_row vc_row-fluid\"><div class=\"container\"><div class=\"row\"><div class=\"wpb_column vc_column_container vc_col-sm-12\"><div class=\"vc_column-inner\"><div class=\"wpb_wrapper\">\n<div class=\"widget-text-heading  heading-default text-center\">\n    \n    \n        <h2 class=\"widget-heading\" >\n            <span class=\"heading-text\">Our services<\/span>\n        <\/h2>\n\n                <div class=\"description\" >\n            - <strong>Quinta dos Ingleses<\/strong> um espa\u00e7o de relevo irregular onde se inserem, em locais devidamente selecionados, 10 000 m2 correspondentes aos m\u00faltiplos pavilh\u00f5es e instala\u00e7\u00f5es, as \u00e1reas especificas de toda a produ\u00e7\u00e3o interna.<\/p>\n<p>Nestes edif\u00edcios, localizam-se os sectores de Lactic\u00ednios, Confeitaria, Servi\u00e7os Administrativos e Comerciais, assim como a loja f\u00edsica de venda ao p\u00fablico.        <\/div>\n    <\/div><div class=\"vc_empty_space\"   style=\"height: 32px\" ><span class=\"vc_empty_space_inner\"><\/span><\/div>\n<\/div><\/div><\/div><\/div><\/div><\/div><div class=\"wpb-container vc_row wpb_row vc_row-fluid\"><div class=\"container\"><div class=\"row\"><div class=\"wpb_column vc_column_container vc_col-sm-4\"><div class=\"vc_column-inner\"><div class=\"wpb_wrapper\">\n<div class=\"widget-text-heading  heading-style4 text-center\">\n    \n    \n        <h2 class=\"widget-heading\" >\n            <span class=\"heading-text\">Farming<\/span>\n        <\/h2>\n\n        <\/div><div class=\"vc_empty_space\"   style=\"height: 32px\" ><span class=\"vc_empty_space_inner\"><\/span><\/div>\n<div class=\"wpb_single_image wpb_content_element vc_align_center\">\n\t\t\n\t\t<figure class=\"wpb_wrapper vc_figure\">\n\t\t\t<div class=\"vc_single_image-wrappervc_box_shadow_3d  vc_box_border_grey\"><img loading=\"lazy\" decoding=\"async\" width=\"757\" height=\"315\" src=\"https:\/\/quintadosingleses.pt\/wp-content\/uploads\/2019\/05\/qi_.png\" class=\"vc_single_image-img attachment-full\" alt=\"\" srcset=\"https:\/\/quintadosingleses.pt\/wp-content\/uploads\/2019\/05\/qi_.png 757w, https:\/\/quintadosingleses.pt\/wp-content\/uploads\/2019\/05\/qi_-300x125.png 300w, https:\/\/quintadosingleses.pt\/wp-content\/uploads\/2019\/05\/qi_-600x250.png 600w\" sizes=\"auto, (max-width: 757px) 100vw, 757px\" \/><\/div>\n\t\t<\/figure>\n\t<\/div><div class=\"vc_empty_space\"   style=\"height: 32px\" ><span class=\"vc_empty_space_inner\"><\/span><\/div>\n\n\t<div class=\"wpb_text_column wpb_content_element  text-center pbr-bg-center-center\" >\n\t\t<div class=\"wpb_wrapper\">\n\t\t\t<p> Inseridos numa zona de produ\u00e7\u00e3o de <strong>Green Wine<\/strong> a Quinta dos Ingleses tamb\u00e9m contribui para esse sucesso. Com o objetivo de comercializa\u00e7\u00e3o das uvas e produ\u00e7\u00e3o de vinho verde, os terrenos da quinta re\u00fanem espa\u00e7os <strong>explorados<\/strong> para a <strong>viticultura<\/strong>. <\/p>\n\n\t\t<\/div>\n\t<\/div>\n<\/div><\/div><\/div><div class=\"wpb_column vc_column_container vc_col-sm-4\"><div class=\"vc_column-inner\"><div class=\"wpb_wrapper\">\n<div class=\"widget-text-heading  heading-style4 text-center\">\n    \n    \n        <h2 class=\"widget-heading\" >\n            <span class=\"heading-text\">Cheese<\/span>\n        <\/h2>\n\n        <\/div><div class=\"vc_empty_space\"   style=\"height: 32px\" ><span class=\"vc_empty_space_inner\"><\/span><\/div>\n<div class=\"wpb_single_image wpb_content_element vc_align_center\">\n\t\t\n\t\t<figure class=\"wpb_wrapper vc_figure\">\n\t\t\t<div class=\"vc_single_image-wrappervc_box_shadow_3d  vc_box_border_grey\"><img loading=\"lazy\" decoding=\"async\" width=\"757\" height=\"315\" src=\"https:\/\/quintadosingleses.pt\/wp-content\/uploads\/2019\/05\/2_-1.png\" class=\"vc_single_image-img attachment-full\" alt=\"\" srcset=\"https:\/\/quintadosingleses.pt\/wp-content\/uploads\/2019\/05\/2_-1.png 757w, https:\/\/quintadosingleses.pt\/wp-content\/uploads\/2019\/05\/2_-1-300x125.png 300w, https:\/\/quintadosingleses.pt\/wp-content\/uploads\/2019\/05\/2_-1-600x250.png 600w\" sizes=\"auto, (max-width: 757px) 100vw, 757px\" \/><\/div>\n\t\t<\/figure>\n\t<\/div><div class=\"vc_empty_space\"   style=\"height: 32px\" ><span class=\"vc_empty_space_inner\"><\/span><\/div>\n\n\t<div class=\"wpb_text_column wpb_content_element  text-center pbr-bg-center-center\" >\n\t\t<div class=\"wpb_wrapper\">\n\t\t\t<p>The process of cheese-making is <strong>semi-artesanal,<\/strong>\u00a0com o <strong>best cow's milk<\/strong> de vaca pasteurizado. O tempo de cura de cada queijo \u00e9 de cerca de 12 a 20 dias e para cada queijo s\u00e3o necess\u00e1rios 8L de leite. Isto confere-lhe um <strong>sabor e aroma apelativo, <\/strong>com\u00a0uma <strong>a buttery texture <\/strong>and<strong> cremosa <\/strong>reconhecido por muitos.<\/p>\n\n\t\t<\/div>\n\t<\/div>\n<\/div><\/div><\/div><div class=\"wpb_column vc_column_container vc_col-sm-4\"><div class=\"vc_column-inner\"><div class=\"wpb_wrapper\">\n<div class=\"widget-text-heading  heading-style4 text-center\">\n    \n    \n        <h2 class=\"widget-heading\" >\n            <span class=\"heading-text\">Wine<\/span>\n        <\/h2>\n\n        <\/div><div class=\"vc_empty_space\"   style=\"height: 32px\" ><span class=\"vc_empty_space_inner\"><\/span><\/div>\n<div class=\"wpb_single_image wpb_content_element vc_align_center\">\n\t\t\n\t\t<figure class=\"wpb_wrapper vc_figure\">\n\t\t\t<div class=\"vc_single_image-wrappervc_box_shadow_3d  vc_box_border_grey\"><img loading=\"lazy\" decoding=\"async\" width=\"757\" height=\"315\" src=\"https:\/\/quintadosingleses.pt\/wp-content\/uploads\/2019\/05\/vinhos_2.png\" class=\"vc_single_image-img attachment-full\" alt=\"\" srcset=\"https:\/\/quintadosingleses.pt\/wp-content\/uploads\/2019\/05\/vinhos_2.png 757w, https:\/\/quintadosingleses.pt\/wp-content\/uploads\/2019\/05\/vinhos_2-300x125.png 300w, https:\/\/quintadosingleses.pt\/wp-content\/uploads\/2019\/05\/vinhos_2-600x250.png 600w\" sizes=\"auto, (max-width: 757px) 100vw, 757px\" \/><\/div>\n\t\t<\/figure>\n\t<\/div><div class=\"vc_empty_space\"   style=\"height: 32px\" ><span class=\"vc_empty_space_inner\"><\/span><\/div>\n\n\t<div class=\"wpb_text_column wpb_content_element  text-center pbr-bg-center-center\" >\n\t\t<div class=\"wpb_wrapper\">\n\t\t\t<p>Located in a region renowned for green wines, <strong>Quinta dos Ingleses <\/strong>tamb\u00e9m\u00a0fornece vinhos com <strong>unique features<\/strong>. Com uma carta de vinhos para as v\u00e1rias alturas de consumo com sabores leves, fresco e de baixo teor alco\u00f3lico, promete surpreender at\u00e9 os mais c\u00e9ticos. <\/p>\n\n\t\t<\/div>\n\t<\/div>\n<\/div><\/div><\/div><\/div><\/div><\/div><div class=\"wpb-container vc_row wpb_row vc_row-fluid\"><div class=\"container\"><div class=\"row\"><div class=\"wpb_column vc_column_container vc_col-sm-12\"><div class=\"vc_column-inner\"><div class=\"wpb_wrapper\"><div class=\"vc_empty_space\"   style=\"height: 32px\" ><span class=\"vc_empty_space_inner\"><\/span><\/div>\n<\/div><\/div><\/div><\/div><\/div><\/div><div class=\"wpb-container vc_row wpb_row vc_row-fluid\"><div class=\"container\"><div class=\"row\"><div class=\"wpb_column vc_column_container vc_col-sm-4\"><div class=\"vc_column-inner\"><div class=\"wpb_wrapper\">\n<div class=\"widget-text-heading  heading-style4 text-center\">\n    \n    \n        <h2 class=\"widget-heading\" >\n            <span class=\"heading-text\">Confectionery<\/span>\n        <\/h2>\n\n        <\/div><div class=\"vc_empty_space\"   style=\"height: 32px\" ><span class=\"vc_empty_space_inner\"><\/span><\/div>\n<div class=\"wpb_single_image wpb_content_element vc_align_center\">\n\t\t\n\t\t<figure class=\"wpb_wrapper vc_figure\">\n\t\t\t<div class=\"vc_single_image-wrappervc_box_shadow_3d  vc_box_border_grey\"><img loading=\"lazy\" decoding=\"async\" width=\"757\" height=\"315\" src=\"https:\/\/quintadosingleses.pt\/wp-content\/uploads\/2019\/05\/confeitaria.png\" class=\"vc_single_image-img attachment-full\" alt=\"\" srcset=\"https:\/\/quintadosingleses.pt\/wp-content\/uploads\/2019\/05\/confeitaria.png 757w, https:\/\/quintadosingleses.pt\/wp-content\/uploads\/2019\/05\/confeitaria-300x125.png 300w, https:\/\/quintadosingleses.pt\/wp-content\/uploads\/2019\/05\/confeitaria-600x250.png 600w\" sizes=\"auto, (max-width: 757px) 100vw, 757px\" \/><\/div>\n\t\t<\/figure>\n\t<\/div><div class=\"vc_empty_space\"   style=\"height: 32px\" ><span class=\"vc_empty_space_inner\"><\/span><\/div>\n\n\t<div class=\"wpb_text_column wpb_content_element  text-center pbr-bg-center-center\" >\n\t\t<div class=\"wpb_wrapper\">\n\t\t\t<p>The <strong>compotas e marmelada s\u00e3o artesanais<\/strong> com uma sele\u00e7\u00e3o criteriosa na apanha do fruto para garantir a melhor qualidade dos produtos. Os <strong>egg and orange puddings<\/strong> in the kitchens of <strong>Quinta dos Ingleses<\/strong> by our chef.<\/p>\n\n\t\t<\/div>\n\t<\/div>\n<\/div><\/div><\/div><div class=\"wpb_column vc_column_container vc_col-sm-4\"><div class=\"vc_column-inner\"><div class=\"wpb_wrapper\">\n<div class=\"widget-text-heading  heading-style4 text-center\">\n    \n    \n        <h2 class=\"widget-heading\" >\n            <span class=\"heading-text\">Olive Oil<\/span>\n        <\/h2>\n\n        <\/div><div class=\"vc_empty_space\"   style=\"height: 32px\" ><span class=\"vc_empty_space_inner\"><\/span><\/div>\n<div class=\"wpb_single_image wpb_content_element vc_align_center\">\n\t\t\n\t\t<figure class=\"wpb_wrapper vc_figure\">\n\t\t\t<div class=\"vc_single_image-wrappervc_box_shadow_3d  vc_box_border_grey\"><img loading=\"lazy\" decoding=\"async\" width=\"757\" height=\"315\" src=\"https:\/\/quintadosingleses.pt\/wp-content\/uploads\/2019\/05\/azeite_.png\" class=\"vc_single_image-img attachment-full\" alt=\"\" srcset=\"https:\/\/quintadosingleses.pt\/wp-content\/uploads\/2019\/05\/azeite_.png 757w, https:\/\/quintadosingleses.pt\/wp-content\/uploads\/2019\/05\/azeite_-300x125.png 300w, https:\/\/quintadosingleses.pt\/wp-content\/uploads\/2019\/05\/azeite_-600x250.png 600w\" sizes=\"auto, (max-width: 757px) 100vw, 757px\" \/><\/div>\n\t\t<\/figure>\n\t<\/div><div class=\"vc_empty_space\"   style=\"height: 32px\" ><span class=\"vc_empty_space_inner\"><\/span><\/div>\n\n\t<div class=\"wpb_text_column wpb_content_element  text-center pbr-bg-center-center\" >\n\t\t<div class=\"wpb_wrapper\">\n\t\t\t<p>We obtain our olive oil by cold pressure and <strong>we select the best quality olives to produce it.<\/strong><br \/>\nIt is distinguished by its fragrant aroma, delicate fresh fruit flavor and low acidity (0.2).<\/p>\n\n\t\t<\/div>\n\t<\/div>\n<\/div><\/div><\/div><div class=\"wpb_column vc_column_container vc_col-sm-4\"><div class=\"vc_column-inner\"><div class=\"wpb_wrapper\">\n<div class=\"widget-text-heading  heading-style4 text-center\">\n    \n    \n        <h2 class=\"widget-heading\" >\n            <span class=\"heading-text\">Store<\/span>\n        <\/h2>\n\n        <\/div><div class=\"vc_empty_space\"   style=\"height: 32px\" ><span class=\"vc_empty_space_inner\"><\/span><\/div>\n<div class=\"wpb_single_image wpb_content_element vc_align_center\">\n\t\t\n\t\t<figure class=\"wpb_wrapper vc_figure\">\n\t\t\t<div class=\"vc_single_image-wrappervc_box_shadow_3d  vc_box_border_grey\"><img loading=\"lazy\" decoding=\"async\" width=\"757\" height=\"315\" src=\"https:\/\/quintadosingleses.pt\/wp-content\/uploads\/2019\/05\/venda.png\" class=\"vc_single_image-img attachment-full\" alt=\"\" srcset=\"https:\/\/quintadosingleses.pt\/wp-content\/uploads\/2019\/05\/venda.png 757w, https:\/\/quintadosingleses.pt\/wp-content\/uploads\/2019\/05\/venda-300x125.png 300w, https:\/\/quintadosingleses.pt\/wp-content\/uploads\/2019\/05\/venda-600x250.png 600w\" sizes=\"auto, (max-width: 757px) 100vw, 757px\" \/><\/div>\n\t\t<\/figure>\n\t<\/div><div class=\"vc_empty_space\"   style=\"height: 32px\" ><span class=\"vc_empty_space_inner\"><\/span><\/div>\n\n\t<div class=\"wpb_text_column wpb_content_element  text-center pbr-bg-center-center\" >\n\t\t<div class=\"wpb_wrapper\">\n\t\t\t<p>- <strong>Quinta dos Ingleses <\/strong>disp\u00f5em de uma<strong> store <\/strong>and <strong>online. <\/strong>Tendo \u00e0 sua disposi\u00e7\u00e3o uma variedade de produtos deliciosos! Estamos <strong>abertos<\/strong> nos <strong>dias \u00fateis<\/strong> das<strong> 09h \u00e0s 12h<\/strong> e das <strong>14h \u00e0s 18h<\/strong>. Na <strong>online store<\/strong> pode ter <strong>entregas ao domic\u00edlio<\/strong> at\u00e9 dois dias. Visite-nos! <\/p>\n\n\t\t<\/div>\n\t<\/div>\n<\/div><\/div><\/div><\/div><\/div><\/div><div class=\"wpb-container vc_row wpb_row vc_row-fluid\"><div class=\"container\"><div class=\"row\"><div class=\"wpb_column vc_column_container vc_col-sm-12\"><div class=\"vc_column-inner\"><div class=\"wpb_wrapper\"><div class=\"vc_empty_space\"   style=\"height: 32px\" ><span class=\"vc_empty_space_inner\"><\/span><\/div>\n<\/div><\/div><\/div><\/div><\/div><\/div>","protected":false},"excerpt":{"rendered":"Os Nossos Servi\u00e7os A Quinta dos Ingleses um espa\u00e7o de relevo irregular onde se inserem, em locais devidamente selecionados, 10 000 m2 correspondentes aos m\u00faltiplos pavilh\u00f5es e instala\u00e7\u00f5es, as \u00e1reas especificas de toda a produ\u00e7\u00e3o interna. Nestes edif\u00edcios, localizam-se os sectores de Lactic\u00ednios, Confeitaria, Servi\u00e7os Administrativos e Comerciais, assim como a loja f\u00edsica de venda &hellip; <a href=\"https:\/\/quintadosingleses.pt\/en\/servicos\/\" class=\"more-link\">Continue reading <span class=\"screen-reader-text\">Services<\/span><span class=\"meta-nav\">&rarr;<\/span><\/a>","protected":false},"author":1,"featured_media":0,"parent":0,"menu_order":0,"comment_status":"closed","ping_status":"closed","template":"","meta":{"footnotes":""},"class_list":["post-8648","page","type-page","status-publish","hentry"],"yoast_head":"<!-- This site is optimized with the Yoast SEO plugin v24.7 - https:\/\/yoast.com\/wordpress\/plugins\/seo\/ -->\n<title>Servi\u00e7os - Quinta dos Ingleses<\/title>\n<meta name=\"description\" content=\"Todos os servi\u00e7os Quinta dos Ingleses. Produ\u00e7\u00e3o de Queijo, Vinho, Compotas, Mel, Azeite e Confeitaria, apostando no sabor tradicional.\" \/>\n<meta name=\"robots\" content=\"index, follow, max-snippet:-1, max-image-preview:large, max-video-preview:-1\" \/>\n<link rel=\"canonical\" href=\"https:\/\/quintadosingleses.pt\/en\/servicos\/\" \/>\n<meta property=\"og:locale\" content=\"en_GB\" \/>\n<meta property=\"og:type\" content=\"article\" \/>\n<meta property=\"og:title\" content=\"Os nossos servi\u00e7os\" \/>\n<meta property=\"og:description\" content=\"Conhe\u00e7a o todo o trabalho e hist\u00f3ria da Quinta dos Ingleses aqui...\" \/>\n<meta property=\"og:url\" content=\"https:\/\/quintadosingleses.pt\/en\/servicos\/\" \/>\n<meta property=\"og:site_name\" content=\"Quinta dos Ingleses\" \/>\n<meta property=\"article:modified_time\" content=\"2025-07-30T11:56:03+00:00\" \/>\n<meta property=\"og:image\" content=\"https:\/\/quintadosingleses.pt\/wp-content\/uploads\/2022\/03\/2-1-scaled.jpg\" \/>\n\t<meta property=\"og:image:width\" content=\"1920\" \/>\n\t<meta property=\"og:image:height\" content=\"1440\" \/>\n\t<meta property=\"og:image:type\" content=\"image\/jpeg\" \/>\n<meta name=\"twitter:card\" content=\"summary_large_image\" \/>\n<meta name=\"twitter:title\" content=\"Os nossos servi\u00e7os\" \/>\n<meta name=\"twitter:description\" content=\"Conhe\u00e7a o todo o trabalho e hist\u00f3ria da Quinta dos Ingleses aqui...\" \/>\n<meta name=\"twitter:image\" content=\"https:\/\/quintadosingleses.pt\/wp-content\/uploads\/2022\/03\/2-1-scaled.jpg\" \/>\n<meta name=\"twitter:label1\" content=\"Estimated reading time\" \/>\n\t<meta name=\"twitter:data1\" content=\"2 minutes\" \/>\n<!-- \/ Yoast SEO plugin. -->","yoast_head_json":{"title":"Servi\u00e7os - Quinta dos Ingleses","description":"Todos os servi\u00e7os Quinta dos Ingleses. Produ\u00e7\u00e3o de Queijo, Vinho, Compotas, Mel, Azeite e Confeitaria, apostando no sabor tradicional.","robots":{"index":"index","follow":"follow","max-snippet":"max-snippet:-1","max-image-preview":"max-image-preview:large","max-video-preview":"max-video-preview:-1"},"canonical":"https:\/\/quintadosingleses.pt\/en\/servicos\/","og_locale":"en_GB","og_type":"article","og_title":"Os nossos servi\u00e7os","og_description":"Conhe\u00e7a o todo o trabalho e hist\u00f3ria da Quinta dos Ingleses aqui...","og_url":"https:\/\/quintadosingleses.pt\/en\/servicos\/","og_site_name":"Quinta dos Ingleses","article_modified_time":"2025-07-30T11:56:03+00:00","og_image":[{"width":1920,"height":1440,"url":"https:\/\/quintadosingleses.pt\/wp-content\/uploads\/2022\/03\/2-1-scaled.jpg","type":"image\/jpeg"}],"twitter_card":"summary_large_image","twitter_title":"Os nossos servi\u00e7os","twitter_description":"Conhe\u00e7a o todo o trabalho e hist\u00f3ria da Quinta dos Ingleses aqui...","twitter_image":"https:\/\/quintadosingleses.pt\/wp-content\/uploads\/2022\/03\/2-1-scaled.jpg","twitter_misc":{"Estimated reading time":"2 minutes"},"schema":{"@context":"https:\/\/schema.org","@graph":[{"@type":"WebPage","@id":"https:\/\/quintadosingleses.pt\/servicos\/","url":"https:\/\/quintadosingleses.pt\/servicos\/","name":"Servi\u00e7os - Quinta dos Ingleses","isPartOf":{"@id":"https:\/\/quintadosingleses.pt\/#website"},"datePublished":"2018-02-06T07:02:13+00:00","dateModified":"2025-07-30T11:56:03+00:00","description":"Todos os servi\u00e7os Quinta dos Ingleses. Produ\u00e7\u00e3o de Queijo, Vinho, Compotas, Mel, Azeite e Confeitaria, apostando no sabor tradicional.","breadcrumb":{"@id":"https:\/\/quintadosingleses.pt\/servicos\/#breadcrumb"},"inLanguage":"en-GB","potentialAction":[{"@type":"ReadAction","target":["https:\/\/quintadosingleses.pt\/servicos\/"]}]},{"@type":"BreadcrumbList","@id":"https:\/\/quintadosingleses.pt\/servicos\/#breadcrumb","itemListElement":[{"@type":"ListItem","position":1,"name":"In\u00edcio","item":"https:\/\/quintadosingleses.pt\/"},{"@type":"ListItem","position":2,"name":"Servi\u00e7os"}]},{"@type":"WebSite","@id":"https:\/\/quintadosingleses.pt\/#website","url":"https:\/\/quintadosingleses.pt\/","name":"Quinta dos Ingleses","description":"Latic\u00ednios","publisher":{"@id":"https:\/\/quintadosingleses.pt\/#organization"},"potentialAction":[{"@type":"SearchAction","target":{"@type":"EntryPoint","urlTemplate":"https:\/\/quintadosingleses.pt\/?s={search_term_string}"},"query-input":{"@type":"PropertyValueSpecification","valueRequired":true,"valueName":"search_term_string"}}],"inLanguage":"en-GB"},{"@type":"Organization","@id":"https:\/\/quintadosingleses.pt\/#organization","name":"Quinta dos Ingleses","url":"https:\/\/quintadosingleses.pt\/","logo":{"@type":"ImageObject","inLanguage":"en-GB","@id":"https:\/\/quintadosingleses.pt\/#\/schema\/logo\/image\/","url":"https:\/\/quintadosingleses.pt\/wp-content\/uploads\/2019\/05\/logo55.png","contentUrl":"https:\/\/quintadosingleses.pt\/wp-content\/uploads\/2019\/05\/logo55.png","width":270,"height":100,"caption":"Quinta dos Ingleses"},"image":{"@id":"https:\/\/quintadosingleses.pt\/#\/schema\/logo\/image\/"}}]}},"_links":{"self":[{"href":"https:\/\/quintadosingleses.pt\/en\/wp-json\/wp\/v2\/pages\/8648","targetHints":{"allow":["GET"]}}],"collection":[{"href":"https:\/\/quintadosingleses.pt\/en\/wp-json\/wp\/v2\/pages"}],"about":[{"href":"https:\/\/quintadosingleses.pt\/en\/wp-json\/wp\/v2\/types\/page"}],"author":[{"embeddable":true,"href":"https:\/\/quintadosingleses.pt\/en\/wp-json\/wp\/v2\/users\/1"}],"replies":[{"embeddable":true,"href":"https:\/\/quintadosingleses.pt\/en\/wp-json\/wp\/v2\/comments?post=8648"}],"version-history":[{"count":47,"href":"https:\/\/quintadosingleses.pt\/en\/wp-json\/wp\/v2\/pages\/8648\/revisions"}],"predecessor-version":[{"id":11662,"href":"https:\/\/quintadosingleses.pt\/en\/wp-json\/wp\/v2\/pages\/8648\/revisions\/11662"}],"wp:attachment":[{"href":"https:\/\/quintadosingleses.pt\/en\/wp-json\/wp\/v2\/media?parent=8648"}],"curies":[{"name":"wp","href":"https:\/\/api.w.org\/{rel}","templated":true}]}}