{"id":10082,"date":"2020-05-08T11:53:10","date_gmt":"2020-05-08T11:53:10","guid":{"rendered":"https:\/\/quintadosingleses.pt\/?page_id=10082"},"modified":"2020-05-08T11:53:10","modified_gmt":"2020-05-08T11:53:10","slug":"ral-e-rll","status":"publish","type":"page","link":"https:\/\/quintadosingleses.pt\/en\/ral-e-rll\/","title":{"rendered":"RAL e RLL"},"content":{"rendered":"<div class=\"wpb-container vc_row wpb_row vc_row-fluid\"><div class=\"container\"><div class=\"row\"><div class=\"wpb_column vc_column_container vc_col-sm-12\"><div class=\"vc_column-inner\"><div class=\"wpb_wrapper\"><div class=\"vc_empty_space\"   style=\"height: 32px\" ><span class=\"vc_empty_space_inner\"><\/span><\/div>\n\n\t<div class=\"wpb_text_column wpb_content_element\" >\n\t\t<div class=\"wpb_wrapper\">\n\t\t\t<div class=\"entry-content\">\n<div class=\"elementor elementor-2218\" data-elementor-type=\"post\" data-elementor-id=\"2218\" data-elementor-settings=\"&#091;&#093;\">\n<div class=\"elementor-inner\">\n<div class=\"elementor-section-wrap\">\n<section class=\"elementor-element elementor-element-6b42974 elementor-section-boxed elementor-section-height-default elementor-section-height-default elementor-section elementor-top-section\" data-id=\"6b42974\" data-element_type=\"section\">\n<div class=\"elementor-container elementor-column-gap-default\">\n<div class=\"elementor-row\">\n<div class=\"elementor-element elementor-element-3ce9773 elementor-column elementor-col-100 elementor-top-column\" data-id=\"3ce9773\" data-element_type=\"column\">\n<div class=\"elementor-column-wrap elementor-element-populated\">\n<div class=\"elementor-widget-wrap\">\n<div class=\"elementor-element elementor-element-0810bbf elementor-widget elementor-widget-text-editor\" data-id=\"0810bbf\" data-element_type=\"widget\" data-widget_type=\"text-editor.default\">\n<div class=\"elementor-widget-container\">\n<div class=\"elementor-text-editor elementor-clearfix\">\n<div class=\"paginas_texto\">\n<div class=\"div_100\">\n<div>\n<p><strong>RAL<\/strong><\/p>\n<p>Em caso de lit\u00edgio o consumidor pode recorrer a uma entidade de Resolu\u00e7\u00e3o Alternativa de Lit\u00edgios de Consumo (RAL). As entidades de Resolu\u00e7\u00e3o Alternativa de Lit\u00edgios de Consumo (RAL) s\u00e3o as entidades autorizadas a efetuar a media\u00e7\u00e3o, concilia\u00e7\u00e3o e arbitragem de lit\u00edgios de consumo em Portugal que estejam inscritas na lista de entidades RAL prevista pela Lei n.\u00ba 144\/2015.<br \/>\nClique em <a class=\"fancybox-pdf\" href=\"http:\/\/www.ipai.pt\/fotos\/gca\/i006245_1459446712.pdf\" target=\"_blank\" rel=\"noopener noreferrer\">www.ipai.pt\/fotos\/gca\/i006245_1459446712.pdf<\/a><\/p>\n<p><strong>RLL<\/strong><\/p>\n<p>O consumidor pode recorrer \u00e0 plataforma europeia de resolu\u00e7\u00e3o de lit\u00edgios em linha (RLL) dispon\u00edvel em <a href=\"https:\/\/ec.europa.eu\/consumers\/odr\/main\/index.cfm?event=main.home2.show&amp;lng=PT\" target=\"_blank\" rel=\"noopener noreferrer\">ec.europa.eu\/consumers\/odr\/main\/index.cfm?event=main.home2.show&amp;lng=PT<\/a><\/p>\n<\/div>\n<\/div>\n<\/div>\n<\/div>\n<\/div>\n<\/div>\n<\/div>\n<\/div>\n<\/div>\n<\/div>\n<\/div>\n<\/section>\n<\/div>\n<\/div>\n<\/div>\n<\/div>\n\n\t\t<\/div>\n\t<\/div>\n<div class=\"vc_empty_space\"   style=\"height: 32px\" ><span class=\"vc_empty_space_inner\"><\/span><\/div>\n<\/div><\/div><\/div><\/div><\/div><\/div>","protected":false},"excerpt":{"rendered":"RAL Em caso de lit\u00edgio o consumidor pode recorrer a uma entidade de Resolu\u00e7\u00e3o Alternativa de Lit\u00edgios de Consumo (RAL). As entidades de Resolu\u00e7\u00e3o Alternativa de Lit\u00edgios de Consumo (RAL) s\u00e3o as entidades autorizadas a efetuar a media\u00e7\u00e3o, concilia\u00e7\u00e3o e arbitragem de lit\u00edgios de consumo em Portugal que estejam inscritas na lista de entidades RAL &hellip; <a href=\"https:\/\/quintadosingleses.pt\/en\/ral-e-rll\/\" class=\"more-link\">Continue reading <span class=\"screen-reader-text\">RAL e RLL<\/span><span class=\"meta-nav\">&rarr;<\/span><\/a>","protected":false},"author":1,"featured_media":0,"parent":0,"menu_order":0,"comment_status":"closed","ping_status":"closed","template":"","meta":{"footnotes":""},"class_list":["post-10082","page","type-page","status-publish","hentry"],"yoast_head":"<!-- This site is optimized with the Yoast SEO plugin v24.7 - https:\/\/yoast.com\/wordpress\/plugins\/seo\/ -->\n<title>RAL e RLL - Quinta dos Ingleses<\/title>\n<meta name=\"robots\" content=\"index, follow, max-snippet:-1, max-image-preview:large, max-video-preview:-1\" \/>\n<link rel=\"canonical\" href=\"https:\/\/quintadosingleses.pt\/en\/ral-e-rll\/\" \/>\n<meta property=\"og:locale\" content=\"en_GB\" \/>\n<meta property=\"og:type\" content=\"article\" \/>\n<meta property=\"og:title\" content=\"RAL e RLL - Quinta dos Ingleses\" \/>\n<meta property=\"og:url\" content=\"https:\/\/quintadosingleses.pt\/en\/ral-e-rll\/\" \/>\n<meta property=\"og:site_name\" content=\"Quinta dos Ingleses\" \/>\n<meta name=\"twitter:card\" content=\"summary_large_image\" \/>\n<meta name=\"twitter:label1\" content=\"Estimated reading time\" \/>\n\t<meta name=\"twitter:data1\" content=\"1 minute\" \/>\n<!-- \/ Yoast SEO plugin. -->","yoast_head_json":{"title":"RAL e RLL - Quinta dos Ingleses","robots":{"index":"index","follow":"follow","max-snippet":"max-snippet:-1","max-image-preview":"max-image-preview:large","max-video-preview":"max-video-preview:-1"},"canonical":"https:\/\/quintadosingleses.pt\/en\/ral-e-rll\/","og_locale":"en_GB","og_type":"article","og_title":"RAL e RLL - Quinta dos Ingleses","og_url":"https:\/\/quintadosingleses.pt\/en\/ral-e-rll\/","og_site_name":"Quinta dos Ingleses","twitter_card":"summary_large_image","twitter_misc":{"Estimated reading time":"1 minute"},"schema":{"@context":"https:\/\/schema.org","@graph":[{"@type":"WebPage","@id":"https:\/\/quintadosingleses.pt\/ral-e-rll\/","url":"https:\/\/quintadosingleses.pt\/ral-e-rll\/","name":"RAL e RLL - Quinta dos Ingleses","isPartOf":{"@id":"https:\/\/quintadosingleses.pt\/#website"},"datePublished":"2020-05-08T11:53:10+00:00","breadcrumb":{"@id":"https:\/\/quintadosingleses.pt\/ral-e-rll\/#breadcrumb"},"inLanguage":"en-GB","potentialAction":[{"@type":"ReadAction","target":["https:\/\/quintadosingleses.pt\/ral-e-rll\/"]}]},{"@type":"BreadcrumbList","@id":"https:\/\/quintadosingleses.pt\/ral-e-rll\/#breadcrumb","itemListElement":[{"@type":"ListItem","position":1,"name":"In\u00edcio","item":"https:\/\/quintadosingleses.pt\/"},{"@type":"ListItem","position":2,"name":"RAL e RLL"}]},{"@type":"WebSite","@id":"https:\/\/quintadosingleses.pt\/#website","url":"https:\/\/quintadosingleses.pt\/","name":"Quinta dos Ingleses","description":"Latic\u00ednios","publisher":{"@id":"https:\/\/quintadosingleses.pt\/#organization"},"potentialAction":[{"@type":"SearchAction","target":{"@type":"EntryPoint","urlTemplate":"https:\/\/quintadosingleses.pt\/?s={search_term_string}"},"query-input":{"@type":"PropertyValueSpecification","valueRequired":true,"valueName":"search_term_string"}}],"inLanguage":"en-GB"},{"@type":"Organization","@id":"https:\/\/quintadosingleses.pt\/#organization","name":"Quinta dos Ingleses","url":"https:\/\/quintadosingleses.pt\/","logo":{"@type":"ImageObject","inLanguage":"en-GB","@id":"https:\/\/quintadosingleses.pt\/#\/schema\/logo\/image\/","url":"https:\/\/quintadosingleses.pt\/wp-content\/uploads\/2019\/05\/logo55.png","contentUrl":"https:\/\/quintadosingleses.pt\/wp-content\/uploads\/2019\/05\/logo55.png","width":270,"height":100,"caption":"Quinta dos Ingleses"},"image":{"@id":"https:\/\/quintadosingleses.pt\/#\/schema\/logo\/image\/"}}]}},"_links":{"self":[{"href":"https:\/\/quintadosingleses.pt\/en\/wp-json\/wp\/v2\/pages\/10082","targetHints":{"allow":["GET"]}}],"collection":[{"href":"https:\/\/quintadosingleses.pt\/en\/wp-json\/wp\/v2\/pages"}],"about":[{"href":"https:\/\/quintadosingleses.pt\/en\/wp-json\/wp\/v2\/types\/page"}],"author":[{"embeddable":true,"href":"https:\/\/quintadosingleses.pt\/en\/wp-json\/wp\/v2\/users\/1"}],"replies":[{"embeddable":true,"href":"https:\/\/quintadosingleses.pt\/en\/wp-json\/wp\/v2\/comments?post=10082"}],"version-history":[{"count":2,"href":"https:\/\/quintadosingleses.pt\/en\/wp-json\/wp\/v2\/pages\/10082\/revisions"}],"predecessor-version":[{"id":10084,"href":"https:\/\/quintadosingleses.pt\/en\/wp-json\/wp\/v2\/pages\/10082\/revisions\/10084"}],"wp:attachment":[{"href":"https:\/\/quintadosingleses.pt\/en\/wp-json\/wp\/v2\/media?parent=10082"}],"curies":[{"name":"wp","href":"https:\/\/api.w.org\/{rel}","templated":true}]}}